{"id":4457,"date":"2026-05-06T15:56:59","date_gmt":"2026-05-06T13:56:59","guid":{"rendered":"https:\/\/hergersweiler.de\/?page_id=4457"},"modified":"2026-05-07T13:25:53","modified_gmt":"2026-05-07T11:25:53","slug":"gaestebuch-2","status":"publish","type":"page","link":"https:\/\/hergersweiler.de\/?page_id=4457","title":{"rendered":"G\u00e4stebuch"},"content":{"rendered":"<div class=\"jubi-article-wrapper\" style=\"max-width: 800px; margin: 2rem auto; padding: 0 1rem; color: #2e2e2e; line-height: 1.7; font-size: 1.05rem;\">\n<h1 style=\"text-align: center; color: #3b7d4f; margin: 0 0 1.25rem 0;\">Unser G\u00e4stebuch<\/h1>\n<p>Wir freuen uns \u00fcber eure Eintr\u00e4ge.<\/p>\n<p>Bitte bleibt respektvoll \u2013 Beitr\u00e4ge werden vor Ver\u00f6ffentlichung gepr\u00fcft.<\/p>\n<hr>\n<p>Aus Sicherheitsgr\u00fcnden speichern wir eure IP-Adresse.<\/p>\n<p>Der Eintrag im G\u00e4stebuch wird erst vollst\u00e4ndig sichtbar sein, nachdem wir ihn gepr\u00fcft haben.<\/p>\n<p>Wir behalten uns das Recht vor, Eintr\u00e4ge zu bearbeiten, zu l\u00f6schen oder Eintr\u00e4ge nicht zu ver\u00f6ffentlichen.<br \/>\n<\/p>\n<hr>\n<p style=\"text-align: center;\">\n  <a class=\"guestbook-jump-button\" href=\"#respond\"><br \/>\n    Eintrag ins G\u00e4stebuch schreiben<br \/>\n  <\/a>\n<\/p>\n<\/div>\n<footer class=\"footer-jubi\">\ud83c\udf3f 725 Jahre Hergersweiler \u2013 2026 | Gemeinsam feiern wir unsere Heimat<\/footer>\n","protected":false},"excerpt":{"rendered":"<p>Unser G\u00e4stebuch Wir freuen uns \u00fcber eure Eintr\u00e4ge. Bitte bleibt respektvoll \u2013 Beitr\u00e4ge werden vor Ver\u00f6ffentlichung gepr\u00fcft. Aus Sicherheitsgr\u00fcnden speichern wir eure IP-Adresse. Der Eintrag im G\u00e4stebuch wird erst vollst\u00e4ndig sichtbar sein, nachdem wir ihn gepr\u00fcft haben. Wir behalten uns das Recht vor, Eintr\u00e4ge zu bearbeiten, zu l\u00f6schen oder Eintr\u00e4ge\u2026<\/p>\n<p> <a class=\"continue-reading-link\" href=\"https:\/\/hergersweiler.de\/?page_id=4457\"><span>Continue reading<\/span><i class=\"crycon-right-dir\"><\/i><\/a> <\/p>\n","protected":false},"author":6,"featured_media":4459,"parent":0,"menu_order":0,"comment_status":"open","ping_status":"closed","template":"","meta":{"ngg_post_thumbnail":0,"_mc_calendar":[],"footnotes":""},"class_list":["post-4457","page","type-page","status-publish","has-post-thumbnail","hentry"],"yoast_head":"<!-- This site is optimized with the Yoast SEO plugin v27.6 - https:\/\/yoast.com\/product\/yoast-seo-wordpress\/ -->\n<title>G\u00e4stebuch - Gemeinde Hergersweiler<\/title>\n<meta name=\"robots\" content=\"index, follow, max-snippet:-1, max-image-preview:large, max-video-preview:-1\" \/>\n<link rel=\"canonical\" href=\"https:\/\/hergersweiler.de\/?page_id=4457\" \/>\n<meta property=\"og:locale\" content=\"de_DE\" \/>\n<meta property=\"og:type\" content=\"article\" \/>\n<meta property=\"og:title\" content=\"G\u00e4stebuch - Gemeinde Hergersweiler\" \/>\n<meta property=\"og:description\" content=\"Unser G\u00e4stebuch Wir freuen uns \u00fcber eure Eintr\u00e4ge. Bitte bleibt respektvoll \u2013 Beitr\u00e4ge werden vor Ver\u00f6ffentlichung gepr\u00fcft. Aus Sicherheitsgr\u00fcnden speichern wir eure IP-Adresse. Der Eintrag im G\u00e4stebuch wird erst vollst\u00e4ndig sichtbar sein, nachdem wir ihn gepr\u00fcft haben. Wir behalten uns das Recht vor, Eintr\u00e4ge zu bearbeiten, zu l\u00f6schen oder Eintr\u00e4ge\u2026 Continue reading\" \/>\n<meta property=\"og:url\" content=\"https:\/\/hergersweiler.de\/?page_id=4457\" \/>\n<meta property=\"og:site_name\" content=\"Gemeinde Hergersweiler\" \/>\n<meta property=\"article:modified_time\" content=\"2026-05-07T11:25:53+00:00\" \/>\n<meta property=\"og:image\" content=\"https:\/\/hergersweiler.de\/wp-content\/uploads\/2026\/05\/Image-Guestbook.png\" \/>\n\t<meta property=\"og:image:width\" content=\"1536\" \/>\n\t<meta property=\"og:image:height\" content=\"1024\" \/>\n\t<meta property=\"og:image:type\" content=\"image\/png\" \/>\n<meta name=\"twitter:card\" content=\"summary_large_image\" \/>\n<meta name=\"twitter:site\" content=\"@hergersweiler2\" \/>\n<meta name=\"twitter:label1\" content=\"Gesch\u00e4tzte Lesezeit\" \/>\n\t<meta name=\"twitter:data1\" content=\"1\u00a0Minute\" \/>\n<script type=\"application\/ld+json\" class=\"yoast-schema-graph\">{\"@context\":\"https:\\\/\\\/schema.org\",\"@graph\":[{\"@type\":\"WebPage\",\"@id\":\"https:\\\/\\\/hergersweiler.de\\\/?page_id=4457\",\"url\":\"https:\\\/\\\/hergersweiler.de\\\/?page_id=4457\",\"name\":\"G\u00e4stebuch - Gemeinde Hergersweiler\",\"isPartOf\":{\"@id\":\"https:\\\/\\\/hergersweiler.de\\\/#website\"},\"primaryImageOfPage\":{\"@id\":\"https:\\\/\\\/hergersweiler.de\\\/?page_id=4457#primaryimage\"},\"image\":{\"@id\":\"https:\\\/\\\/hergersweiler.de\\\/?page_id=4457#primaryimage\"},\"thumbnailUrl\":\"https:\\\/\\\/hergersweiler.de\\\/wp-content\\\/uploads\\\/2026\\\/05\\\/Image-Guestbook.png\",\"datePublished\":\"2026-05-06T13:56:59+00:00\",\"dateModified\":\"2026-05-07T11:25:53+00:00\",\"breadcrumb\":{\"@id\":\"https:\\\/\\\/hergersweiler.de\\\/?page_id=4457#breadcrumb\"},\"inLanguage\":\"de\",\"potentialAction\":[{\"@type\":\"ReadAction\",\"target\":[\"https:\\\/\\\/hergersweiler.de\\\/?page_id=4457\"]}]},{\"@type\":\"ImageObject\",\"inLanguage\":\"de\",\"@id\":\"https:\\\/\\\/hergersweiler.de\\\/?page_id=4457#primaryimage\",\"url\":\"https:\\\/\\\/hergersweiler.de\\\/wp-content\\\/uploads\\\/2026\\\/05\\\/Image-Guestbook.png\",\"contentUrl\":\"https:\\\/\\\/hergersweiler.de\\\/wp-content\\\/uploads\\\/2026\\\/05\\\/Image-Guestbook.png\",\"width\":1536,\"height\":1024},{\"@type\":\"BreadcrumbList\",\"@id\":\"https:\\\/\\\/hergersweiler.de\\\/?page_id=4457#breadcrumb\",\"itemListElement\":[{\"@type\":\"ListItem\",\"position\":1,\"name\":\"Startseite\",\"item\":\"https:\\\/\\\/hergersweiler.de\\\/\"},{\"@type\":\"ListItem\",\"position\":2,\"name\":\"G\u00e4stebuch\"}]},{\"@type\":\"WebSite\",\"@id\":\"https:\\\/\\\/hergersweiler.de\\\/#website\",\"url\":\"https:\\\/\\\/hergersweiler.de\\\/\",\"name\":\"Gemeinde Hergersweiler\",\"description\":\"\",\"potentialAction\":[{\"@type\":\"SearchAction\",\"target\":{\"@type\":\"EntryPoint\",\"urlTemplate\":\"https:\\\/\\\/hergersweiler.de\\\/?s={search_term_string}\"},\"query-input\":{\"@type\":\"PropertyValueSpecification\",\"valueRequired\":true,\"valueName\":\"search_term_string\"}}],\"inLanguage\":\"de\"}]}<\/script>\n<!-- \/ Yoast SEO plugin. -->","yoast_head_json":{"title":"G\u00e4stebuch - Gemeinde Hergersweiler","robots":{"index":"index","follow":"follow","max-snippet":"max-snippet:-1","max-image-preview":"max-image-preview:large","max-video-preview":"max-video-preview:-1"},"canonical":"https:\/\/hergersweiler.de\/?page_id=4457","og_locale":"de_DE","og_type":"article","og_title":"G\u00e4stebuch - Gemeinde Hergersweiler","og_description":"Unser G\u00e4stebuch Wir freuen uns \u00fcber eure Eintr\u00e4ge. Bitte bleibt respektvoll \u2013 Beitr\u00e4ge werden vor Ver\u00f6ffentlichung gepr\u00fcft. Aus Sicherheitsgr\u00fcnden speichern wir eure IP-Adresse. Der Eintrag im G\u00e4stebuch wird erst vollst\u00e4ndig sichtbar sein, nachdem wir ihn gepr\u00fcft haben. Wir behalten uns das Recht vor, Eintr\u00e4ge zu bearbeiten, zu l\u00f6schen oder Eintr\u00e4ge\u2026 Continue reading","og_url":"https:\/\/hergersweiler.de\/?page_id=4457","og_site_name":"Gemeinde Hergersweiler","article_modified_time":"2026-05-07T11:25:53+00:00","og_image":[{"width":1536,"height":1024,"url":"https:\/\/hergersweiler.de\/wp-content\/uploads\/2026\/05\/Image-Guestbook.png","type":"image\/png"}],"twitter_card":"summary_large_image","twitter_site":"@hergersweiler2","twitter_misc":{"Gesch\u00e4tzte Lesezeit":"1\u00a0Minute"},"schema":{"@context":"https:\/\/schema.org","@graph":[{"@type":"WebPage","@id":"https:\/\/hergersweiler.de\/?page_id=4457","url":"https:\/\/hergersweiler.de\/?page_id=4457","name":"G\u00e4stebuch - Gemeinde Hergersweiler","isPartOf":{"@id":"https:\/\/hergersweiler.de\/#website"},"primaryImageOfPage":{"@id":"https:\/\/hergersweiler.de\/?page_id=4457#primaryimage"},"image":{"@id":"https:\/\/hergersweiler.de\/?page_id=4457#primaryimage"},"thumbnailUrl":"https:\/\/hergersweiler.de\/wp-content\/uploads\/2026\/05\/Image-Guestbook.png","datePublished":"2026-05-06T13:56:59+00:00","dateModified":"2026-05-07T11:25:53+00:00","breadcrumb":{"@id":"https:\/\/hergersweiler.de\/?page_id=4457#breadcrumb"},"inLanguage":"de","potentialAction":[{"@type":"ReadAction","target":["https:\/\/hergersweiler.de\/?page_id=4457"]}]},{"@type":"ImageObject","inLanguage":"de","@id":"https:\/\/hergersweiler.de\/?page_id=4457#primaryimage","url":"https:\/\/hergersweiler.de\/wp-content\/uploads\/2026\/05\/Image-Guestbook.png","contentUrl":"https:\/\/hergersweiler.de\/wp-content\/uploads\/2026\/05\/Image-Guestbook.png","width":1536,"height":1024},{"@type":"BreadcrumbList","@id":"https:\/\/hergersweiler.de\/?page_id=4457#breadcrumb","itemListElement":[{"@type":"ListItem","position":1,"name":"Startseite","item":"https:\/\/hergersweiler.de\/"},{"@type":"ListItem","position":2,"name":"G\u00e4stebuch"}]},{"@type":"WebSite","@id":"https:\/\/hergersweiler.de\/#website","url":"https:\/\/hergersweiler.de\/","name":"Gemeinde Hergersweiler","description":"","potentialAction":[{"@type":"SearchAction","target":{"@type":"EntryPoint","urlTemplate":"https:\/\/hergersweiler.de\/?s={search_term_string}"},"query-input":{"@type":"PropertyValueSpecification","valueRequired":true,"valueName":"search_term_string"}}],"inLanguage":"de"}]}},"_links":{"self":[{"href":"https:\/\/hergersweiler.de\/index.php?rest_route=\/wp\/v2\/pages\/4457","targetHints":{"allow":["GET"]}}],"collection":[{"href":"https:\/\/hergersweiler.de\/index.php?rest_route=\/wp\/v2\/pages"}],"about":[{"href":"https:\/\/hergersweiler.de\/index.php?rest_route=\/wp\/v2\/types\/page"}],"author":[{"embeddable":true,"href":"https:\/\/hergersweiler.de\/index.php?rest_route=\/wp\/v2\/users\/6"}],"replies":[{"embeddable":true,"href":"https:\/\/hergersweiler.de\/index.php?rest_route=%2Fwp%2Fv2%2Fcomments&post=4457"}],"version-history":[{"count":9,"href":"https:\/\/hergersweiler.de\/index.php?rest_route=\/wp\/v2\/pages\/4457\/revisions"}],"predecessor-version":[{"id":4495,"href":"https:\/\/hergersweiler.de\/index.php?rest_route=\/wp\/v2\/pages\/4457\/revisions\/4495"}],"wp:featuredmedia":[{"embeddable":true,"href":"https:\/\/hergersweiler.de\/index.php?rest_route=\/wp\/v2\/media\/4459"}],"wp:attachment":[{"href":"https:\/\/hergersweiler.de\/index.php?rest_route=%2Fwp%2Fv2%2Fmedia&parent=4457"}],"curies":[{"name":"wp","href":"https:\/\/api.w.org\/{rel}","templated":true}]}}