{"id":4437,"date":"2026-05-04T06:03:43","date_gmt":"2026-05-04T04:03:43","guid":{"rendered":"https:\/\/hergersweiler.de\/?page_id=4437"},"modified":"2026-05-04T06:12:02","modified_gmt":"2026-05-04T04:12:02","slug":"maibaumstellen","status":"publish","type":"page","link":"https:\/\/hergersweiler.de\/?page_id=4437","title":{"rendered":"Maibaumstellen"},"content":{"rendered":"<div class=\"jubi-article-wrapper\" style=\"max-width: 800px; margin: 2rem auto; padding: 0 1rem; color: #2e2e2e; line-height: 1.7; font-size: 1.05rem;\">\n<h1 style=\"text-align: center; color: #3b7d4f; margin: 0 0 1.25rem 0;\">725-Jahre Hergersweiler &#8211; Maibaumstellen<\/h1>\n<p>Der Mai ist gekommen, die B\u00e4ume schlagen aus \u2013 und in Hergersweiler wurde traditionsgem\u00e4\u00df der Maibaum auf dem Kerweplatz aufgestellt.<\/p>\n<p>Diese Veranstaltung war zugleich ein weiterer H\u00f6hepunkt im Jubil\u00e4umsjahr \u201e725 Jahre Hergersweiler\u201c.<\/p>\n<p>Am ersten richtigen Sommertag des Jahres mit Temperaturen von \u00fcber 25 Grad versammelten sich zahlreiche Einwohnerinnen und Einwohner bereits am sp\u00e4ten Vormittag, um gemeinsam dieses Brauchtum zu feiern.<br \/>\nWie jedes Jahr wurde der Maibaum von den M\u00e4dchen und Frauen liebevoll mit bunten B\u00e4ndern geschm\u00fcckt, w\u00e4hrend die M\u00e4nner den Baum fachm\u00e4nnisch aufstellten.<\/p>\n<p>Im Anschluss wurde auf dem Kerweplatz ausgelassen gefeiert. Bei Brezeln, Saumagen- und Fleischk\u00e4sebr\u00f6tchen und dem einen oder anderen \u201egeistigen\u201c Getr\u00e4nk klang der Tag in geselliger Runde am sp\u00e4ten Nachmittag aus.<\/p>\n<p><strong>Helmut Heib, Ortsb\u00fcrgermeister<\/strong><\/p>\n<hr>\n<h3>Eindr\u00fccke eines wundervollen Nachmittags<\/h3>\nngg_shortcode_0_placeholder\n<\/div>\n<footer class=\"footer-jubi\">\ud83c\udf3f 725 Jahre Hergersweiler \u2013 2026 | Gemeinsam feiern wir unsere Heimat<\/footer>\n","protected":false},"excerpt":{"rendered":"<p>725-Jahre Hergersweiler &#8211; Maibaumstellen Der Mai ist gekommen, die B\u00e4ume schlagen aus \u2013 und in Hergersweiler wurde traditionsgem\u00e4\u00df der Maibaum auf dem Kerweplatz aufgestellt. Diese Veranstaltung war zugleich ein weiterer H\u00f6hepunkt im Jubil\u00e4umsjahr \u201e725 Jahre Hergersweiler\u201c. Am ersten richtigen Sommertag des Jahres mit Temperaturen von \u00fcber 25 Grad versammelten sich\u2026<\/p>\n<p> <a class=\"continue-reading-link\" href=\"https:\/\/hergersweiler.de\/?page_id=4437\"><span>Continue reading<\/span><i class=\"crycon-right-dir\"><\/i><\/a> <\/p>\n","protected":false},"author":4,"featured_media":4452,"parent":3709,"menu_order":6,"comment_status":"closed","ping_status":"closed","template":"","meta":{"ngg_post_thumbnail":0,"_mc_calendar":[],"footnotes":""},"class_list":["post-4437","page","type-page","status-publish","has-post-thumbnail","hentry"],"yoast_head":"<!-- This site is optimized with the Yoast SEO plugin v27.6 - https:\/\/yoast.com\/product\/yoast-seo-wordpress\/ -->\n<title>Maibaumstellen - Gemeinde Hergersweiler<\/title>\n<meta name=\"robots\" content=\"index, follow, max-snippet:-1, max-image-preview:large, max-video-preview:-1\" \/>\n<link rel=\"canonical\" href=\"https:\/\/hergersweiler.de\/?page_id=4437\" \/>\n<meta property=\"og:locale\" content=\"de_DE\" \/>\n<meta property=\"og:type\" content=\"article\" \/>\n<meta property=\"og:title\" content=\"Maibaumstellen - Gemeinde Hergersweiler\" \/>\n<meta property=\"og:description\" content=\"725-Jahre Hergersweiler &#8211; Maibaumstellen Der Mai ist gekommen, die B\u00e4ume schlagen aus \u2013 und in Hergersweiler wurde traditionsgem\u00e4\u00df der Maibaum auf dem Kerweplatz aufgestellt. Diese Veranstaltung war zugleich ein weiterer H\u00f6hepunkt im Jubil\u00e4umsjahr \u201e725 Jahre Hergersweiler\u201c. Am ersten richtigen Sommertag des Jahres mit Temperaturen von \u00fcber 25 Grad versammelten sich\u2026 Continue reading\" \/>\n<meta property=\"og:url\" content=\"https:\/\/hergersweiler.de\/?page_id=4437\" \/>\n<meta property=\"og:site_name\" content=\"Gemeinde Hergersweiler\" \/>\n<meta property=\"article:modified_time\" content=\"2026-05-04T04:12:02+00:00\" \/>\n<meta property=\"og:image\" content=\"https:\/\/hergersweiler.de\/wp-content\/uploads\/2026\/05\/PHOTO-2026-05-03-20-50-24-2.jpg\" \/>\n\t<meta property=\"og:image:width\" content=\"2040\" \/>\n\t<meta property=\"og:image:height\" content=\"942\" \/>\n\t<meta property=\"og:image:type\" content=\"image\/jpeg\" \/>\n<meta name=\"twitter:card\" content=\"summary_large_image\" \/>\n<meta name=\"twitter:site\" content=\"@hergersweiler2\" \/>\n<meta name=\"twitter:label1\" content=\"Gesch\u00e4tzte Lesezeit\" \/>\n\t<meta name=\"twitter:data1\" content=\"1\u00a0Minute\" \/>\n<script type=\"application\/ld+json\" class=\"yoast-schema-graph\">{\"@context\":\"https:\\\/\\\/schema.org\",\"@graph\":[{\"@type\":\"WebPage\",\"@id\":\"https:\\\/\\\/hergersweiler.de\\\/?page_id=4437\",\"url\":\"https:\\\/\\\/hergersweiler.de\\\/?page_id=4437\",\"name\":\"Maibaumstellen - Gemeinde Hergersweiler\",\"isPartOf\":{\"@id\":\"https:\\\/\\\/hergersweiler.de\\\/#website\"},\"primaryImageOfPage\":{\"@id\":\"https:\\\/\\\/hergersweiler.de\\\/?page_id=4437#primaryimage\"},\"image\":{\"@id\":\"https:\\\/\\\/hergersweiler.de\\\/?page_id=4437#primaryimage\"},\"thumbnailUrl\":\"https:\\\/\\\/hergersweiler.de\\\/wp-content\\\/uploads\\\/2026\\\/05\\\/PHOTO-2026-05-03-20-50-24-2.jpg\",\"datePublished\":\"2026-05-04T04:03:43+00:00\",\"dateModified\":\"2026-05-04T04:12:02+00:00\",\"breadcrumb\":{\"@id\":\"https:\\\/\\\/hergersweiler.de\\\/?page_id=4437#breadcrumb\"},\"inLanguage\":\"de\",\"potentialAction\":[{\"@type\":\"ReadAction\",\"target\":[\"https:\\\/\\\/hergersweiler.de\\\/?page_id=4437\"]}]},{\"@type\":\"ImageObject\",\"inLanguage\":\"de\",\"@id\":\"https:\\\/\\\/hergersweiler.de\\\/?page_id=4437#primaryimage\",\"url\":\"https:\\\/\\\/hergersweiler.de\\\/wp-content\\\/uploads\\\/2026\\\/05\\\/PHOTO-2026-05-03-20-50-24-2.jpg\",\"contentUrl\":\"https:\\\/\\\/hergersweiler.de\\\/wp-content\\\/uploads\\\/2026\\\/05\\\/PHOTO-2026-05-03-20-50-24-2.jpg\",\"width\":2040,\"height\":942},{\"@type\":\"BreadcrumbList\",\"@id\":\"https:\\\/\\\/hergersweiler.de\\\/?page_id=4437#breadcrumb\",\"itemListElement\":[{\"@type\":\"ListItem\",\"position\":1,\"name\":\"Startseite\",\"item\":\"https:\\\/\\\/hergersweiler.de\\\/\"},{\"@type\":\"ListItem\",\"position\":2,\"name\":\"725 Jahre Hergersweiler\",\"item\":\"https:\\\/\\\/hergersweiler.de\\\/?page_id=3709\"},{\"@type\":\"ListItem\",\"position\":3,\"name\":\"Maibaumstellen\"}]},{\"@type\":\"WebSite\",\"@id\":\"https:\\\/\\\/hergersweiler.de\\\/#website\",\"url\":\"https:\\\/\\\/hergersweiler.de\\\/\",\"name\":\"Gemeinde Hergersweiler\",\"description\":\"\",\"potentialAction\":[{\"@type\":\"SearchAction\",\"target\":{\"@type\":\"EntryPoint\",\"urlTemplate\":\"https:\\\/\\\/hergersweiler.de\\\/?s={search_term_string}\"},\"query-input\":{\"@type\":\"PropertyValueSpecification\",\"valueRequired\":true,\"valueName\":\"search_term_string\"}}],\"inLanguage\":\"de\"}]}<\/script>\n<!-- \/ Yoast SEO plugin. -->","yoast_head_json":{"title":"Maibaumstellen - Gemeinde Hergersweiler","robots":{"index":"index","follow":"follow","max-snippet":"max-snippet:-1","max-image-preview":"max-image-preview:large","max-video-preview":"max-video-preview:-1"},"canonical":"https:\/\/hergersweiler.de\/?page_id=4437","og_locale":"de_DE","og_type":"article","og_title":"Maibaumstellen - Gemeinde Hergersweiler","og_description":"725-Jahre Hergersweiler &#8211; Maibaumstellen Der Mai ist gekommen, die B\u00e4ume schlagen aus \u2013 und in Hergersweiler wurde traditionsgem\u00e4\u00df der Maibaum auf dem Kerweplatz aufgestellt. Diese Veranstaltung war zugleich ein weiterer H\u00f6hepunkt im Jubil\u00e4umsjahr \u201e725 Jahre Hergersweiler\u201c. Am ersten richtigen Sommertag des Jahres mit Temperaturen von \u00fcber 25 Grad versammelten sich\u2026 Continue reading","og_url":"https:\/\/hergersweiler.de\/?page_id=4437","og_site_name":"Gemeinde Hergersweiler","article_modified_time":"2026-05-04T04:12:02+00:00","og_image":[{"width":2040,"height":942,"url":"https:\/\/hergersweiler.de\/wp-content\/uploads\/2026\/05\/PHOTO-2026-05-03-20-50-24-2.jpg","type":"image\/jpeg"}],"twitter_card":"summary_large_image","twitter_site":"@hergersweiler2","twitter_misc":{"Gesch\u00e4tzte Lesezeit":"1\u00a0Minute"},"schema":{"@context":"https:\/\/schema.org","@graph":[{"@type":"WebPage","@id":"https:\/\/hergersweiler.de\/?page_id=4437","url":"https:\/\/hergersweiler.de\/?page_id=4437","name":"Maibaumstellen - Gemeinde Hergersweiler","isPartOf":{"@id":"https:\/\/hergersweiler.de\/#website"},"primaryImageOfPage":{"@id":"https:\/\/hergersweiler.de\/?page_id=4437#primaryimage"},"image":{"@id":"https:\/\/hergersweiler.de\/?page_id=4437#primaryimage"},"thumbnailUrl":"https:\/\/hergersweiler.de\/wp-content\/uploads\/2026\/05\/PHOTO-2026-05-03-20-50-24-2.jpg","datePublished":"2026-05-04T04:03:43+00:00","dateModified":"2026-05-04T04:12:02+00:00","breadcrumb":{"@id":"https:\/\/hergersweiler.de\/?page_id=4437#breadcrumb"},"inLanguage":"de","potentialAction":[{"@type":"ReadAction","target":["https:\/\/hergersweiler.de\/?page_id=4437"]}]},{"@type":"ImageObject","inLanguage":"de","@id":"https:\/\/hergersweiler.de\/?page_id=4437#primaryimage","url":"https:\/\/hergersweiler.de\/wp-content\/uploads\/2026\/05\/PHOTO-2026-05-03-20-50-24-2.jpg","contentUrl":"https:\/\/hergersweiler.de\/wp-content\/uploads\/2026\/05\/PHOTO-2026-05-03-20-50-24-2.jpg","width":2040,"height":942},{"@type":"BreadcrumbList","@id":"https:\/\/hergersweiler.de\/?page_id=4437#breadcrumb","itemListElement":[{"@type":"ListItem","position":1,"name":"Startseite","item":"https:\/\/hergersweiler.de\/"},{"@type":"ListItem","position":2,"name":"725 Jahre Hergersweiler","item":"https:\/\/hergersweiler.de\/?page_id=3709"},{"@type":"ListItem","position":3,"name":"Maibaumstellen"}]},{"@type":"WebSite","@id":"https:\/\/hergersweiler.de\/#website","url":"https:\/\/hergersweiler.de\/","name":"Gemeinde Hergersweiler","description":"","potentialAction":[{"@type":"SearchAction","target":{"@type":"EntryPoint","urlTemplate":"https:\/\/hergersweiler.de\/?s={search_term_string}"},"query-input":{"@type":"PropertyValueSpecification","valueRequired":true,"valueName":"search_term_string"}}],"inLanguage":"de"}]}},"_links":{"self":[{"href":"https:\/\/hergersweiler.de\/index.php?rest_route=\/wp\/v2\/pages\/4437","targetHints":{"allow":["GET"]}}],"collection":[{"href":"https:\/\/hergersweiler.de\/index.php?rest_route=\/wp\/v2\/pages"}],"about":[{"href":"https:\/\/hergersweiler.de\/index.php?rest_route=\/wp\/v2\/types\/page"}],"author":[{"embeddable":true,"href":"https:\/\/hergersweiler.de\/index.php?rest_route=\/wp\/v2\/users\/4"}],"replies":[{"embeddable":true,"href":"https:\/\/hergersweiler.de\/index.php?rest_route=%2Fwp%2Fv2%2Fcomments&post=4437"}],"version-history":[{"count":2,"href":"https:\/\/hergersweiler.de\/index.php?rest_route=\/wp\/v2\/pages\/4437\/revisions"}],"predecessor-version":[{"id":4451,"href":"https:\/\/hergersweiler.de\/index.php?rest_route=\/wp\/v2\/pages\/4437\/revisions\/4451"}],"up":[{"embeddable":true,"href":"https:\/\/hergersweiler.de\/index.php?rest_route=\/wp\/v2\/pages\/3709"}],"wp:featuredmedia":[{"embeddable":true,"href":"https:\/\/hergersweiler.de\/index.php?rest_route=\/wp\/v2\/media\/4452"}],"wp:attachment":[{"href":"https:\/\/hergersweiler.de\/index.php?rest_route=%2Fwp%2Fv2%2Fmedia&parent=4437"}],"curies":[{"name":"wp","href":"https:\/\/api.w.org\/{rel}","templated":true}]}}