{"id":4419,"date":"2026-05-03T15:03:09","date_gmt":"2026-05-03T13:03:09","guid":{"rendered":"https:\/\/hergersweiler.de\/?page_id=4419"},"modified":"2026-05-03T15:09:32","modified_gmt":"2026-05-03T13:09:32","slug":"maifeier","status":"publish","type":"page","link":"https:\/\/hergersweiler.de\/?page_id=4419","title":{"rendered":"Maifeier"},"content":{"rendered":"<div class=\"jubi-article-wrapper\" style=\"max-width: 800px; margin: 2rem auto; padding: 0 1rem; color: #2e2e2e; line-height: 1.7; font-size: 1.05rem;\">\n<h1 style=\"text-align: center; color: #3b7d4f; margin: 0 0 1.25rem 0;\">725-Jahre Hergersweiler &#8211; Gelungene Maifeier an der Vogelsangh\u00fctte<br \/>\n<\/h1>\n<p>Zahlreiche Besucher feierten am 30. April die Maifeier des St. Florian Vereins an der Vogelsangh\u00fctte.<br \/>\nBei warmem Fr\u00fchlingswetter und einem beeindruckenden Sonnenuntergang genossen die G\u00e4ste frisch gegrillte H\u00e4hnchen, Bratw\u00fcrste und Steaks.<\/p>\n<p>An den Bierzeltgarnituren herrschte bis in den Abend hinein eine fr\u00f6hliche, gesellige Stimmung. Viele nutzten die Gelegenheit, miteinander ins Gespr\u00e4ch zu kommen oder nach einer Radtour eine Pause einzulegen.<\/p>\n<p>Die Helferinnen und Helfer des Vereins sorgten f\u00fcr einen reibungslosen Ablauf und freuten sich \u00fcber die gro\u00dfe Resonanz.<\/p>\n<p>Vielen Dank!<\/p>\n<p>Die Maifeier war ein stimmungsvoller Auftakt in den Mai und ein sch\u00f6nes Zeichen f\u00fcr den starken Zusammenhalt im Dorf \u2013 passend zum Jubil\u00e4umsjahr \u201e725 Jahre Hergersweiler\u201c.<\/p>\n<p><strong>Claudia Oerther<\/strong><\/p>\n<p>Die Gemeinde Hergersweiler bedankt sich beim Feuerwehrverein f\u00fcr einen sch\u00f6nen Start in den Mai, es war wieder eine super Veranstaltung an und in der Vogelsangh\u00fctte und ein toller Beitrag zu unserem Jubil\u00e4um 725-Jahre Hergersweiler.<\/p>\n<p><strong>Helmut Heib, Ortsb\u00fcrgermeister<\/strong><\/p>\n<hr>\n<h3>Eindr\u00fccke eines wundervollen Abends<\/h3>\nngg_shortcode_0_placeholder\n<\/div>\n<footer class=\"footer-jubi\">\ud83c\udf3f 725 Jahre Hergersweiler \u2013 2026 | Gemeinsam feiern wir unsere Heimat<\/footer>\n","protected":false},"excerpt":{"rendered":"<p>725-Jahre Hergersweiler &#8211; Gelungene Maifeier an der Vogelsangh\u00fctte Zahlreiche Besucher feierten am 30. April die Maifeier des St. Florian Vereins an der Vogelsangh\u00fctte. Bei warmem Fr\u00fchlingswetter und einem beeindruckenden Sonnenuntergang genossen die G\u00e4ste frisch gegrillte H\u00e4hnchen, Bratw\u00fcrste und Steaks. An den Bierzeltgarnituren herrschte bis in den Abend hinein eine fr\u00f6hliche,\u2026<\/p>\n<p> <a class=\"continue-reading-link\" href=\"https:\/\/hergersweiler.de\/?page_id=4419\"><span>Continue reading<\/span><i class=\"crycon-right-dir\"><\/i><\/a> <\/p>\n","protected":false},"author":4,"featured_media":4423,"parent":3709,"menu_order":5,"comment_status":"closed","ping_status":"closed","template":"","meta":{"ngg_post_thumbnail":0,"_mc_calendar":[],"footnotes":""},"class_list":["post-4419","page","type-page","status-publish","has-post-thumbnail","hentry"],"yoast_head":"<!-- This site is optimized with the Yoast SEO plugin v27.6 - https:\/\/yoast.com\/product\/yoast-seo-wordpress\/ -->\n<title>Maifeier - Gemeinde Hergersweiler<\/title>\n<meta name=\"robots\" content=\"index, follow, max-snippet:-1, max-image-preview:large, max-video-preview:-1\" \/>\n<link rel=\"canonical\" href=\"https:\/\/hergersweiler.de\/?page_id=4419\" \/>\n<meta property=\"og:locale\" content=\"de_DE\" \/>\n<meta property=\"og:type\" content=\"article\" \/>\n<meta property=\"og:title\" content=\"Maifeier - Gemeinde Hergersweiler\" \/>\n<meta property=\"og:description\" content=\"725-Jahre Hergersweiler &#8211; Gelungene Maifeier an der Vogelsangh\u00fctte Zahlreiche Besucher feierten am 30. April die Maifeier des St. Florian Vereins an der Vogelsangh\u00fctte. Bei warmem Fr\u00fchlingswetter und einem beeindruckenden Sonnenuntergang genossen die G\u00e4ste frisch gegrillte H\u00e4hnchen, Bratw\u00fcrste und Steaks. An den Bierzeltgarnituren herrschte bis in den Abend hinein eine fr\u00f6hliche,\u2026 Continue reading\" \/>\n<meta property=\"og:url\" content=\"https:\/\/hergersweiler.de\/?page_id=4419\" \/>\n<meta property=\"og:site_name\" content=\"Gemeinde Hergersweiler\" \/>\n<meta property=\"article:modified_time\" content=\"2026-05-03T13:09:32+00:00\" \/>\n<meta property=\"og:image\" content=\"https:\/\/hergersweiler.de\/wp-content\/uploads\/2026\/05\/PHOTO-2026-05-01-17-33-26-3.jpg\" \/>\n\t<meta property=\"og:image:width\" content=\"2040\" \/>\n\t<meta property=\"og:image:height\" content=\"942\" \/>\n\t<meta property=\"og:image:type\" content=\"image\/jpeg\" \/>\n<meta name=\"twitter:card\" content=\"summary_large_image\" \/>\n<meta name=\"twitter:site\" content=\"@hergersweiler2\" \/>\n<meta name=\"twitter:label1\" content=\"Gesch\u00e4tzte Lesezeit\" \/>\n\t<meta name=\"twitter:data1\" content=\"2\u00a0Minuten\" \/>\n<script type=\"application\/ld+json\" class=\"yoast-schema-graph\">{\"@context\":\"https:\\\/\\\/schema.org\",\"@graph\":[{\"@type\":\"WebPage\",\"@id\":\"https:\\\/\\\/hergersweiler.de\\\/?page_id=4419\",\"url\":\"https:\\\/\\\/hergersweiler.de\\\/?page_id=4419\",\"name\":\"Maifeier - Gemeinde Hergersweiler\",\"isPartOf\":{\"@id\":\"https:\\\/\\\/hergersweiler.de\\\/#website\"},\"primaryImageOfPage\":{\"@id\":\"https:\\\/\\\/hergersweiler.de\\\/?page_id=4419#primaryimage\"},\"image\":{\"@id\":\"https:\\\/\\\/hergersweiler.de\\\/?page_id=4419#primaryimage\"},\"thumbnailUrl\":\"https:\\\/\\\/hergersweiler.de\\\/wp-content\\\/uploads\\\/2026\\\/05\\\/PHOTO-2026-05-01-17-33-26-3.jpg\",\"datePublished\":\"2026-05-03T13:03:09+00:00\",\"dateModified\":\"2026-05-03T13:09:32+00:00\",\"breadcrumb\":{\"@id\":\"https:\\\/\\\/hergersweiler.de\\\/?page_id=4419#breadcrumb\"},\"inLanguage\":\"de\",\"potentialAction\":[{\"@type\":\"ReadAction\",\"target\":[\"https:\\\/\\\/hergersweiler.de\\\/?page_id=4419\"]}]},{\"@type\":\"ImageObject\",\"inLanguage\":\"de\",\"@id\":\"https:\\\/\\\/hergersweiler.de\\\/?page_id=4419#primaryimage\",\"url\":\"https:\\\/\\\/hergersweiler.de\\\/wp-content\\\/uploads\\\/2026\\\/05\\\/PHOTO-2026-05-01-17-33-26-3.jpg\",\"contentUrl\":\"https:\\\/\\\/hergersweiler.de\\\/wp-content\\\/uploads\\\/2026\\\/05\\\/PHOTO-2026-05-01-17-33-26-3.jpg\",\"width\":2040,\"height\":942},{\"@type\":\"BreadcrumbList\",\"@id\":\"https:\\\/\\\/hergersweiler.de\\\/?page_id=4419#breadcrumb\",\"itemListElement\":[{\"@type\":\"ListItem\",\"position\":1,\"name\":\"Startseite\",\"item\":\"https:\\\/\\\/hergersweiler.de\\\/\"},{\"@type\":\"ListItem\",\"position\":2,\"name\":\"725 Jahre Hergersweiler\",\"item\":\"https:\\\/\\\/hergersweiler.de\\\/?page_id=3709\"},{\"@type\":\"ListItem\",\"position\":3,\"name\":\"Maifeier\"}]},{\"@type\":\"WebSite\",\"@id\":\"https:\\\/\\\/hergersweiler.de\\\/#website\",\"url\":\"https:\\\/\\\/hergersweiler.de\\\/\",\"name\":\"Gemeinde Hergersweiler\",\"description\":\"\",\"potentialAction\":[{\"@type\":\"SearchAction\",\"target\":{\"@type\":\"EntryPoint\",\"urlTemplate\":\"https:\\\/\\\/hergersweiler.de\\\/?s={search_term_string}\"},\"query-input\":{\"@type\":\"PropertyValueSpecification\",\"valueRequired\":true,\"valueName\":\"search_term_string\"}}],\"inLanguage\":\"de\"}]}<\/script>\n<!-- \/ Yoast SEO plugin. -->","yoast_head_json":{"title":"Maifeier - Gemeinde Hergersweiler","robots":{"index":"index","follow":"follow","max-snippet":"max-snippet:-1","max-image-preview":"max-image-preview:large","max-video-preview":"max-video-preview:-1"},"canonical":"https:\/\/hergersweiler.de\/?page_id=4419","og_locale":"de_DE","og_type":"article","og_title":"Maifeier - Gemeinde Hergersweiler","og_description":"725-Jahre Hergersweiler &#8211; Gelungene Maifeier an der Vogelsangh\u00fctte Zahlreiche Besucher feierten am 30. April die Maifeier des St. Florian Vereins an der Vogelsangh\u00fctte. Bei warmem Fr\u00fchlingswetter und einem beeindruckenden Sonnenuntergang genossen die G\u00e4ste frisch gegrillte H\u00e4hnchen, Bratw\u00fcrste und Steaks. An den Bierzeltgarnituren herrschte bis in den Abend hinein eine fr\u00f6hliche,\u2026 Continue reading","og_url":"https:\/\/hergersweiler.de\/?page_id=4419","og_site_name":"Gemeinde Hergersweiler","article_modified_time":"2026-05-03T13:09:32+00:00","og_image":[{"width":2040,"height":942,"url":"https:\/\/hergersweiler.de\/wp-content\/uploads\/2026\/05\/PHOTO-2026-05-01-17-33-26-3.jpg","type":"image\/jpeg"}],"twitter_card":"summary_large_image","twitter_site":"@hergersweiler2","twitter_misc":{"Gesch\u00e4tzte Lesezeit":"2\u00a0Minuten"},"schema":{"@context":"https:\/\/schema.org","@graph":[{"@type":"WebPage","@id":"https:\/\/hergersweiler.de\/?page_id=4419","url":"https:\/\/hergersweiler.de\/?page_id=4419","name":"Maifeier - Gemeinde Hergersweiler","isPartOf":{"@id":"https:\/\/hergersweiler.de\/#website"},"primaryImageOfPage":{"@id":"https:\/\/hergersweiler.de\/?page_id=4419#primaryimage"},"image":{"@id":"https:\/\/hergersweiler.de\/?page_id=4419#primaryimage"},"thumbnailUrl":"https:\/\/hergersweiler.de\/wp-content\/uploads\/2026\/05\/PHOTO-2026-05-01-17-33-26-3.jpg","datePublished":"2026-05-03T13:03:09+00:00","dateModified":"2026-05-03T13:09:32+00:00","breadcrumb":{"@id":"https:\/\/hergersweiler.de\/?page_id=4419#breadcrumb"},"inLanguage":"de","potentialAction":[{"@type":"ReadAction","target":["https:\/\/hergersweiler.de\/?page_id=4419"]}]},{"@type":"ImageObject","inLanguage":"de","@id":"https:\/\/hergersweiler.de\/?page_id=4419#primaryimage","url":"https:\/\/hergersweiler.de\/wp-content\/uploads\/2026\/05\/PHOTO-2026-05-01-17-33-26-3.jpg","contentUrl":"https:\/\/hergersweiler.de\/wp-content\/uploads\/2026\/05\/PHOTO-2026-05-01-17-33-26-3.jpg","width":2040,"height":942},{"@type":"BreadcrumbList","@id":"https:\/\/hergersweiler.de\/?page_id=4419#breadcrumb","itemListElement":[{"@type":"ListItem","position":1,"name":"Startseite","item":"https:\/\/hergersweiler.de\/"},{"@type":"ListItem","position":2,"name":"725 Jahre Hergersweiler","item":"https:\/\/hergersweiler.de\/?page_id=3709"},{"@type":"ListItem","position":3,"name":"Maifeier"}]},{"@type":"WebSite","@id":"https:\/\/hergersweiler.de\/#website","url":"https:\/\/hergersweiler.de\/","name":"Gemeinde Hergersweiler","description":"","potentialAction":[{"@type":"SearchAction","target":{"@type":"EntryPoint","urlTemplate":"https:\/\/hergersweiler.de\/?s={search_term_string}"},"query-input":{"@type":"PropertyValueSpecification","valueRequired":true,"valueName":"search_term_string"}}],"inLanguage":"de"}]}},"_links":{"self":[{"href":"https:\/\/hergersweiler.de\/index.php?rest_route=\/wp\/v2\/pages\/4419","targetHints":{"allow":["GET"]}}],"collection":[{"href":"https:\/\/hergersweiler.de\/index.php?rest_route=\/wp\/v2\/pages"}],"about":[{"href":"https:\/\/hergersweiler.de\/index.php?rest_route=\/wp\/v2\/types\/page"}],"author":[{"embeddable":true,"href":"https:\/\/hergersweiler.de\/index.php?rest_route=\/wp\/v2\/users\/4"}],"replies":[{"embeddable":true,"href":"https:\/\/hergersweiler.de\/index.php?rest_route=%2Fwp%2Fv2%2Fcomments&post=4419"}],"version-history":[{"count":4,"href":"https:\/\/hergersweiler.de\/index.php?rest_route=\/wp\/v2\/pages\/4419\/revisions"}],"predecessor-version":[{"id":4435,"href":"https:\/\/hergersweiler.de\/index.php?rest_route=\/wp\/v2\/pages\/4419\/revisions\/4435"}],"up":[{"embeddable":true,"href":"https:\/\/hergersweiler.de\/index.php?rest_route=\/wp\/v2\/pages\/3709"}],"wp:featuredmedia":[{"embeddable":true,"href":"https:\/\/hergersweiler.de\/index.php?rest_route=\/wp\/v2\/media\/4423"}],"wp:attachment":[{"href":"https:\/\/hergersweiler.de\/index.php?rest_route=%2Fwp%2Fv2%2Fmedia&parent=4419"}],"curies":[{"name":"wp","href":"https:\/\/api.w.org\/{rel}","templated":true}]}}