{"id":436,"date":"2017-01-03T23:08:36","date_gmt":"2017-01-03T22:08:36","guid":{"rendered":"http:\/\/neu.hergersweiler.de\/?page_id=436"},"modified":"2019-06-25T07:32:04","modified_gmt":"2019-06-25T05:32:04","slug":"bolzplatz","status":"publish","type":"page","link":"https:\/\/hergersweiler.de\/?page_id=436","title":{"rendered":"Bolzplatz"},"content":{"rendered":"<p><font color=\"#000099\" size=\"5\"><strong>Bolzplatz<\/strong><\/font><\/p>\n<p>\n<img loading=\"lazy\" decoding=\"async\" src=\"https:\/\/hergersweiler.de\/wp-content\/uploads\/2017\/01\/2937611.jpg\" alt=\"\" width=\"548\" height=\"385\" class=\"alignleft size-full wp-image-437\" srcset=\"https:\/\/hergersweiler.de\/wp-content\/uploads\/2017\/01\/2937611.jpg 548w, https:\/\/hergersweiler.de\/wp-content\/uploads\/2017\/01\/2937611-300x211.jpg 300w, https:\/\/hergersweiler.de\/wp-content\/uploads\/2017\/01\/2937611-214x150.jpg 214w, https:\/\/hergersweiler.de\/wp-content\/uploads\/2017\/01\/2937611-150x105.jpg 150w\" sizes=\"auto, (max-width: 548px) 100vw, 548px\" \/>Bolzplatz zum Fu\u00dfballspielen und sonstigen Aktivit\u00e4ten<\/p>\n<p>Ansprechpartner:<br \/>Ortsb\u00fcrgermeister Helmut Heib<br \/>\n&nbsp;<br \/>\n<img loading=\"lazy\" decoding=\"async\" src=\"https:\/\/hergersweiler.de\/wp-content\/uploads\/2017\/01\/2937902.jpg\" alt=\"\" width=\"446\" height=\"548\" class=\"aligncenter size-full wp-image-438\" srcset=\"https:\/\/hergersweiler.de\/wp-content\/uploads\/2017\/01\/2937902.jpg 446w, https:\/\/hergersweiler.de\/wp-content\/uploads\/2017\/01\/2937902-244x300.jpg 244w, https:\/\/hergersweiler.de\/wp-content\/uploads\/2017\/01\/2937902-122x150.jpg 122w\" sizes=\"auto, (max-width: 446px) 100vw, 446px\" \/><br \/>\n&nbsp;<br \/>\n&nbsp;<\/p>\n","protected":false},"excerpt":{"rendered":"<p>Bolzplatz Bolzplatz zum Fu\u00dfballspielen und sonstigen Aktivit\u00e4ten Ansprechpartner:Ortsb\u00fcrgermeister Helmut Heib &nbsp; &nbsp; &nbsp;<\/p>\n<p> <a class=\"continue-reading-link\" href=\"https:\/\/hergersweiler.de\/?page_id=436\"><span>Continue reading<\/span><i class=\"crycon-right-dir\"><\/i><\/a> <\/p>\n","protected":false},"author":1,"featured_media":0,"parent":370,"menu_order":4,"comment_status":"closed","ping_status":"closed","template":"","meta":{"ngg_post_thumbnail":0,"_mc_calendar":[],"footnotes":""},"class_list":["post-436","page","type-page","status-publish","hentry"],"yoast_head":"<!-- This site is optimized with the Yoast SEO plugin v27.4 - https:\/\/yoast.com\/product\/yoast-seo-wordpress\/ -->\n<title>Bolzplatz - Gemeinde Hergersweiler<\/title>\n<meta name=\"robots\" content=\"index, follow, max-snippet:-1, max-image-preview:large, max-video-preview:-1\" \/>\n<link rel=\"canonical\" href=\"https:\/\/hergersweiler.de\/?page_id=436\" \/>\n<meta property=\"og:locale\" content=\"de_DE\" \/>\n<meta property=\"og:type\" content=\"article\" \/>\n<meta property=\"og:title\" content=\"Bolzplatz - Gemeinde Hergersweiler\" \/>\n<meta property=\"og:description\" content=\"Bolzplatz Bolzplatz zum Fu\u00dfballspielen und sonstigen Aktivit\u00e4ten Ansprechpartner:Ortsb\u00fcrgermeister Helmut Heib &nbsp; &nbsp; &nbsp; Continue reading\" \/>\n<meta property=\"og:url\" content=\"https:\/\/hergersweiler.de\/?page_id=436\" \/>\n<meta property=\"og:site_name\" content=\"Gemeinde Hergersweiler\" \/>\n<meta property=\"article:modified_time\" content=\"2019-06-25T05:32:04+00:00\" \/>\n<meta property=\"og:image\" content=\"https:\/\/hergersweiler.de\/wp-content\/uploads\/2017\/01\/2937611.jpg\" \/>\n<meta name=\"twitter:card\" content=\"summary_large_image\" \/>\n<meta name=\"twitter:site\" content=\"@hergersweiler2\" \/>\n<script type=\"application\/ld+json\" class=\"yoast-schema-graph\">{\"@context\":\"https:\\\/\\\/schema.org\",\"@graph\":[{\"@type\":\"WebPage\",\"@id\":\"https:\\\/\\\/hergersweiler.de\\\/?page_id=436\",\"url\":\"https:\\\/\\\/hergersweiler.de\\\/?page_id=436\",\"name\":\"Bolzplatz - Gemeinde Hergersweiler\",\"isPartOf\":{\"@id\":\"https:\\\/\\\/hergersweiler.de\\\/#website\"},\"primaryImageOfPage\":{\"@id\":\"https:\\\/\\\/hergersweiler.de\\\/?page_id=436#primaryimage\"},\"image\":{\"@id\":\"https:\\\/\\\/hergersweiler.de\\\/?page_id=436#primaryimage\"},\"thumbnailUrl\":\"https:\\\/\\\/hergersweiler.de\\\/wp-content\\\/uploads\\\/2017\\\/01\\\/2937611.jpg\",\"datePublished\":\"2017-01-03T22:08:36+00:00\",\"dateModified\":\"2019-06-25T05:32:04+00:00\",\"breadcrumb\":{\"@id\":\"https:\\\/\\\/hergersweiler.de\\\/?page_id=436#breadcrumb\"},\"inLanguage\":\"de\",\"potentialAction\":[{\"@type\":\"ReadAction\",\"target\":[\"https:\\\/\\\/hergersweiler.de\\\/?page_id=436\"]}]},{\"@type\":\"ImageObject\",\"inLanguage\":\"de\",\"@id\":\"https:\\\/\\\/hergersweiler.de\\\/?page_id=436#primaryimage\",\"url\":\"https:\\\/\\\/hergersweiler.de\\\/wp-content\\\/uploads\\\/2017\\\/01\\\/2937611.jpg\",\"contentUrl\":\"https:\\\/\\\/hergersweiler.de\\\/wp-content\\\/uploads\\\/2017\\\/01\\\/2937611.jpg\",\"width\":548,\"height\":385},{\"@type\":\"BreadcrumbList\",\"@id\":\"https:\\\/\\\/hergersweiler.de\\\/?page_id=436#breadcrumb\",\"itemListElement\":[{\"@type\":\"ListItem\",\"position\":1,\"name\":\"Startseite\",\"item\":\"https:\\\/\\\/hergersweiler.de\\\/\"},{\"@type\":\"ListItem\",\"position\":2,\"name\":\"Touristik &#038; Freizeit\",\"item\":\"https:\\\/\\\/hergersweiler.de\\\/?page_id=110\"},{\"@type\":\"ListItem\",\"position\":3,\"name\":\"Einrichtungen\",\"item\":\"https:\\\/\\\/hergersweiler.de\\\/?page_id=370\"},{\"@type\":\"ListItem\",\"position\":4,\"name\":\"Bolzplatz\"}]},{\"@type\":\"WebSite\",\"@id\":\"https:\\\/\\\/hergersweiler.de\\\/#website\",\"url\":\"https:\\\/\\\/hergersweiler.de\\\/\",\"name\":\"Gemeinde Hergersweiler\",\"description\":\"\",\"potentialAction\":[{\"@type\":\"SearchAction\",\"target\":{\"@type\":\"EntryPoint\",\"urlTemplate\":\"https:\\\/\\\/hergersweiler.de\\\/?s={search_term_string}\"},\"query-input\":{\"@type\":\"PropertyValueSpecification\",\"valueRequired\":true,\"valueName\":\"search_term_string\"}}],\"inLanguage\":\"de\"}]}<\/script>\n<!-- \/ Yoast SEO plugin. -->","yoast_head_json":{"title":"Bolzplatz - Gemeinde Hergersweiler","robots":{"index":"index","follow":"follow","max-snippet":"max-snippet:-1","max-image-preview":"max-image-preview:large","max-video-preview":"max-video-preview:-1"},"canonical":"https:\/\/hergersweiler.de\/?page_id=436","og_locale":"de_DE","og_type":"article","og_title":"Bolzplatz - Gemeinde Hergersweiler","og_description":"Bolzplatz Bolzplatz zum Fu\u00dfballspielen und sonstigen Aktivit\u00e4ten Ansprechpartner:Ortsb\u00fcrgermeister Helmut Heib &nbsp; &nbsp; &nbsp; Continue reading","og_url":"https:\/\/hergersweiler.de\/?page_id=436","og_site_name":"Gemeinde Hergersweiler","article_modified_time":"2019-06-25T05:32:04+00:00","og_image":[{"url":"https:\/\/hergersweiler.de\/wp-content\/uploads\/2017\/01\/2937611.jpg","type":"","width":"","height":""}],"twitter_card":"summary_large_image","twitter_site":"@hergersweiler2","schema":{"@context":"https:\/\/schema.org","@graph":[{"@type":"WebPage","@id":"https:\/\/hergersweiler.de\/?page_id=436","url":"https:\/\/hergersweiler.de\/?page_id=436","name":"Bolzplatz - Gemeinde Hergersweiler","isPartOf":{"@id":"https:\/\/hergersweiler.de\/#website"},"primaryImageOfPage":{"@id":"https:\/\/hergersweiler.de\/?page_id=436#primaryimage"},"image":{"@id":"https:\/\/hergersweiler.de\/?page_id=436#primaryimage"},"thumbnailUrl":"https:\/\/hergersweiler.de\/wp-content\/uploads\/2017\/01\/2937611.jpg","datePublished":"2017-01-03T22:08:36+00:00","dateModified":"2019-06-25T05:32:04+00:00","breadcrumb":{"@id":"https:\/\/hergersweiler.de\/?page_id=436#breadcrumb"},"inLanguage":"de","potentialAction":[{"@type":"ReadAction","target":["https:\/\/hergersweiler.de\/?page_id=436"]}]},{"@type":"ImageObject","inLanguage":"de","@id":"https:\/\/hergersweiler.de\/?page_id=436#primaryimage","url":"https:\/\/hergersweiler.de\/wp-content\/uploads\/2017\/01\/2937611.jpg","contentUrl":"https:\/\/hergersweiler.de\/wp-content\/uploads\/2017\/01\/2937611.jpg","width":548,"height":385},{"@type":"BreadcrumbList","@id":"https:\/\/hergersweiler.de\/?page_id=436#breadcrumb","itemListElement":[{"@type":"ListItem","position":1,"name":"Startseite","item":"https:\/\/hergersweiler.de\/"},{"@type":"ListItem","position":2,"name":"Touristik &#038; Freizeit","item":"https:\/\/hergersweiler.de\/?page_id=110"},{"@type":"ListItem","position":3,"name":"Einrichtungen","item":"https:\/\/hergersweiler.de\/?page_id=370"},{"@type":"ListItem","position":4,"name":"Bolzplatz"}]},{"@type":"WebSite","@id":"https:\/\/hergersweiler.de\/#website","url":"https:\/\/hergersweiler.de\/","name":"Gemeinde Hergersweiler","description":"","potentialAction":[{"@type":"SearchAction","target":{"@type":"EntryPoint","urlTemplate":"https:\/\/hergersweiler.de\/?s={search_term_string}"},"query-input":{"@type":"PropertyValueSpecification","valueRequired":true,"valueName":"search_term_string"}}],"inLanguage":"de"}]}},"jetpack_sharing_enabled":true,"_links":{"self":[{"href":"https:\/\/hergersweiler.de\/index.php?rest_route=\/wp\/v2\/pages\/436","targetHints":{"allow":["GET"]}}],"collection":[{"href":"https:\/\/hergersweiler.de\/index.php?rest_route=\/wp\/v2\/pages"}],"about":[{"href":"https:\/\/hergersweiler.de\/index.php?rest_route=\/wp\/v2\/types\/page"}],"author":[{"embeddable":true,"href":"https:\/\/hergersweiler.de\/index.php?rest_route=\/wp\/v2\/users\/1"}],"replies":[{"embeddable":true,"href":"https:\/\/hergersweiler.de\/index.php?rest_route=%2Fwp%2Fv2%2Fcomments&post=436"}],"version-history":[{"count":1,"href":"https:\/\/hergersweiler.de\/index.php?rest_route=\/wp\/v2\/pages\/436\/revisions"}],"predecessor-version":[{"id":1441,"href":"https:\/\/hergersweiler.de\/index.php?rest_route=\/wp\/v2\/pages\/436\/revisions\/1441"}],"up":[{"embeddable":true,"href":"https:\/\/hergersweiler.de\/index.php?rest_route=\/wp\/v2\/pages\/370"}],"wp:attachment":[{"href":"https:\/\/hergersweiler.de\/index.php?rest_route=%2Fwp%2Fv2%2Fmedia&parent=436"}],"curies":[{"name":"wp","href":"https:\/\/api.w.org\/{rel}","templated":true}]}}