{"id":4316,"date":"2026-03-23T10:20:09","date_gmt":"2026-03-23T09:20:09","guid":{"rendered":"https:\/\/hergersweiler.de\/?page_id=4316"},"modified":"2026-03-23T10:39:53","modified_gmt":"2026-03-23T09:39:53","slug":"erklaerung-zur-barrierefreiheit","status":"publish","type":"page","link":"https:\/\/hergersweiler.de\/?page_id=4316","title":{"rendered":"Barrierefreiheit"},"content":{"rendered":"<h1>Erkl\u00e4rung zur Barrierefreiheit<\/h1>\n<p>Die Ortsgemeinde Hergersweiler m\u00f6chte ihre Website f\u00fcr m\u00f6glichst viele Menschen gut zug\u00e4nglich gestalten. Auf dieser Seite erfahren Sie, wie barrierefrei unser Internetangebot derzeit ist, welche Inhalte noch nicht vollst\u00e4ndig barrierefrei sind und an wen Sie sich bei Fragen oder Hinweisen wenden k\u00f6nnen.<\/p>\n<p>Die Ortsgemeinde Hergersweiler ist bem\u00fcht, ihre Website <strong>www.hergersweiler.de<\/strong> im Einklang mit den geltenden Vorschriften zur digitalen Barrierefreiheit barrierefrei zug\u00e4nglich zu machen.<\/p>\n<p>Rechtsgrundlage sind das Landesgesetz zur Gleichstellung, Inklusion und Teilhabe von Menschen mit Behinderungen sowie die Barrierefreie-Informationstechnik-Verordnung Rheinland-Pfalz (BITV-RP).<\/p>\n<p>Diese Erkl\u00e4rung zur Barrierefreiheit gilt f\u00fcr die Website:<br \/>\n<strong>www.hergersweiler.de<\/strong><\/p>\n<h2>Stand der Vereinbarkeit mit den Anforderungen<\/h2>\n<p>Diese Website ist derzeit <strong>teilweise<\/strong> mit den Anforderungen der BITV-RP vereinbar.<\/p>\n<p>Die Einsch\u00e4tzung beruht auf einer Selbstbewertung vom <strong>2026-03-23<\/strong>.<\/p>\n<h2>Nicht barrierefreie Inhalte<\/h2>\n<p>Die nachstehend aufgef\u00fchrten Inhalte sind derzeit noch nicht vollst\u00e4ndig barrierefrei:<\/p>\n<h3>a) Unvereinbarkeit mit den Anforderungen der BITV-RP<\/h3>\n<ul>\n<li>Einzelne Bilder und Grafiken enthalten noch keine durchg\u00e4ngig aussagekr\u00e4ftigen Alternativtexte.<\/li>\n<li>Verlinkte PDF-Dokumente und andere herunterladbare Dateien sind teilweise nicht barrierefrei aufbereitet.<\/li>\n<li>Bei einzelnen Bedienelementen, Formularen und eingebundenen Inhalten kann die Bedienung per Tastatur oder die Zuordnung von Beschriftungen eingeschr\u00e4nkt sein.<\/li>\n<li>Teilweise entsprechen Farbkontraste sowie die Verst\u00e4ndlichkeit einzelner Link- und Bedienelemente noch nicht vollst\u00e4ndig den Anforderungen an die Barrierefreiheit.<\/li>\n<\/ul>\n<h3>b) Unverh\u00e4ltnism\u00e4\u00dfige Belastung<\/h3>\n<ul>\n<li>Eine vollst\u00e4ndige nachtr\u00e4gliche barrierefreie \u00dcberarbeitung \u00e4lterer Inhalte, Dokumente oder eingebetteter Medien ist derzeit in Einzelf\u00e4llen noch nicht m\u00f6glich und kann eine unverh\u00e4ltnism\u00e4\u00dfige Belastung darstellen.<\/li>\n<\/ul>\n<h3>c) Inhalte au\u00dferhalb des Anwendungsbereichs<\/h3>\n<ul>\n<li>Aufgezeichnete zeitbasierte Medien, die vor dem 23. September 2020 ver\u00f6ffentlicht wurden.<\/li>\n<li>Dateiformate von B\u00fcroanwendungen, die vor dem 23. September 2018 ver\u00f6ffentlicht wurden, sofern diese nicht f\u00fcr aktive Verwaltungsverfahren ben\u00f6tigt werden.<\/li>\n<\/ul>\n<h2>Feedback und Kontakt<\/h2>\n<p>Sollten Ihnen M\u00e4ngel in Bezug auf die barrierefreie Gestaltung unserer Website auffallen oder ben\u00f6tigen Sie Informationen zu Inhalten, die nicht barrierefrei zug\u00e4nglich sind, k\u00f6nnen Sie sich gerne bei uns melden.<\/p>\n<p>\n<strong>Ortsgemeinde Hergersweiler<\/strong><br \/>\nOrtsb\u00fcrgermeister Helmut Heib<br \/>\nHauptstra\u00dfe 21<br \/>\n76872 Hergersweiler\n<\/p>\n<p>\nTelefon: 06349 7888<br \/>\nMobil: 0157 54223315<br \/>\nE-Mail: <a href=\"&#x6d;&#x61;&#105;&#108;t&#x6f;&#x3a;&#x4f;&#66;&#46;H&#x65;&#x72;&#103;&#101;r&#x73;&#x77;&#x65;&#105;le&#x72;&#x40;&#118;&#103;b&#x7a;&#x61;&#x2e;&#100;e\">O&#66;&#x2e;&#x48;e&#114;&#x67;&#x65;r&#115;&#119;&#x65;&#x69;l&#101;&#x72;&#x40;v&#103;&#x62;&#x7a;a&#46;&#100;&#x65;<\/a>\n<\/p>\n<p>Alternativ k\u00f6nnen Sie auch das Kontaktformular auf unserer Website nutzen.<\/p>\n<p>Wir pr\u00fcfen Ihre Hinweise und bem\u00fchen uns, Ihnen zeitnah eine R\u00fcckmeldung zu geben.<\/p>\n<h2>Durchsetzungsstelle<\/h2>\n<p>Wenn Sie der Ansicht sind, durch eine nicht ausreichende barrierefreie Gestaltung unserer Website benachteiligt zu sein, und Sie auf Ihre Mitteilung an uns keine zufriedenstellende Antwort erhalten haben, k\u00f6nnen Sie sich an die zust\u00e4ndige Durchsetzungsstelle wenden.<\/p>\n<p>\n<strong>Landesbeauftragte f\u00fcr die Belange von Menschen mit Behinderungen<\/strong><br \/>\nEllen Kubica<br \/>\nMinisterium f\u00fcr Arbeit, Soziales, Transformation und Digitalisierung des Landes Rheinland-Pfalz<br \/>\nBauhofstra\u00dfe 9<br \/>\n55116 Mainz\n<\/p>\n<p>\nTelefon: 06131 16 5342<br \/>\nFax: 06131 16 17 5342<br \/>\nE-Mail: <a href=\"&#x6d;a&#x69;&#108;&#x74;&#x6f;:&#x64;&#117;&#x72;&#x63;h&#x73;&#101;&#x74;&#x7a;u&#x6e;&#103;&#x73;&#x73;t&#x65;&#108;&#x6c;&#x65;&#64;&#x6d;&#97;&#x73;&#x74;d&#x2e;&#114;&#x6c;&#x70;&#46;&#x64;&#101;\">d&#117;&#114;&#99;&#x68;&#x73;&#x65;tz&#117;&#110;&#x67;&#x73;&#x73;&#x74;el&#108;&#101;&#x40;&#x6d;&#x61;&#x73;t&#100;&#46;&#114;&#x6c;&#x70;&#x2e;de<\/a><br \/>\nWebsite: <a href=\"https:\/\/www.lb.rlp.de\" target=\"_blank\" rel=\"noopener\">www.lb.rlp.de<\/a>\n<\/p>\n<h2>Erstellung dieser Erkl\u00e4rung<\/h2>\n<p>Diese Erkl\u00e4rung wurde am <strong>2026-03-23<\/strong> erstellt.<\/p>\n<p>Sie wurde zuletzt am <strong>2026-03-23<\/strong> \u00fcberpr\u00fcft.<\/p>\n","protected":false},"excerpt":{"rendered":"<p>Erkl\u00e4rung zur Barrierefreiheit Die Ortsgemeinde Hergersweiler m\u00f6chte ihre Website f\u00fcr m\u00f6glichst viele Menschen gut zug\u00e4nglich gestalten. Auf dieser Seite erfahren Sie, wie barrierefrei unser Internetangebot derzeit ist, welche Inhalte noch nicht vollst\u00e4ndig barrierefrei sind und an wen Sie sich bei Fragen oder Hinweisen wenden k\u00f6nnen. Die Ortsgemeinde Hergersweiler ist bem\u00fcht,\u2026<\/p>\n<p> <a class=\"continue-reading-link\" href=\"https:\/\/hergersweiler.de\/?page_id=4316\"><span>Continue reading<\/span><i class=\"crycon-right-dir\"><\/i><\/a> <\/p>\n","protected":false},"author":4,"featured_media":0,"parent":0,"menu_order":0,"comment_status":"closed","ping_status":"closed","template":"","meta":{"ngg_post_thumbnail":0,"_mc_calendar":[],"footnotes":""},"class_list":["post-4316","page","type-page","status-publish","hentry"],"yoast_head":"<!-- This site is optimized with the Yoast SEO plugin v27.6 - https:\/\/yoast.com\/product\/yoast-seo-wordpress\/ -->\n<title>Barrierefreiheit - Gemeinde Hergersweiler<\/title>\n<meta name=\"robots\" content=\"index, follow, max-snippet:-1, max-image-preview:large, max-video-preview:-1\" \/>\n<link rel=\"canonical\" href=\"https:\/\/hergersweiler.de\/?page_id=4316\" \/>\n<meta property=\"og:locale\" content=\"de_DE\" \/>\n<meta property=\"og:type\" content=\"article\" \/>\n<meta property=\"og:title\" content=\"Barrierefreiheit - Gemeinde Hergersweiler\" \/>\n<meta property=\"og:description\" content=\"Erkl\u00e4rung zur Barrierefreiheit Die Ortsgemeinde Hergersweiler m\u00f6chte ihre Website f\u00fcr m\u00f6glichst viele Menschen gut zug\u00e4nglich gestalten. Auf dieser Seite erfahren Sie, wie barrierefrei unser Internetangebot derzeit ist, welche Inhalte noch nicht vollst\u00e4ndig barrierefrei sind und an wen Sie sich bei Fragen oder Hinweisen wenden k\u00f6nnen. Die Ortsgemeinde Hergersweiler ist bem\u00fcht,\u2026 Continue reading\" \/>\n<meta property=\"og:url\" content=\"https:\/\/hergersweiler.de\/?page_id=4316\" \/>\n<meta property=\"og:site_name\" content=\"Gemeinde Hergersweiler\" \/>\n<meta property=\"article:modified_time\" content=\"2026-03-23T09:39:53+00:00\" \/>\n<meta name=\"twitter:card\" content=\"summary_large_image\" \/>\n<meta name=\"twitter:site\" content=\"@hergersweiler2\" \/>\n<meta name=\"twitter:label1\" content=\"Gesch\u00e4tzte Lesezeit\" \/>\n\t<meta name=\"twitter:data1\" content=\"3\u00a0Minuten\" \/>\n<script type=\"application\/ld+json\" class=\"yoast-schema-graph\">{\"@context\":\"https:\\\/\\\/schema.org\",\"@graph\":[{\"@type\":\"WebPage\",\"@id\":\"https:\\\/\\\/hergersweiler.de\\\/?page_id=4316\",\"url\":\"https:\\\/\\\/hergersweiler.de\\\/?page_id=4316\",\"name\":\"Barrierefreiheit - Gemeinde Hergersweiler\",\"isPartOf\":{\"@id\":\"https:\\\/\\\/hergersweiler.de\\\/#website\"},\"datePublished\":\"2026-03-23T09:20:09+00:00\",\"dateModified\":\"2026-03-23T09:39:53+00:00\",\"breadcrumb\":{\"@id\":\"https:\\\/\\\/hergersweiler.de\\\/?page_id=4316#breadcrumb\"},\"inLanguage\":\"de\",\"potentialAction\":[{\"@type\":\"ReadAction\",\"target\":[\"https:\\\/\\\/hergersweiler.de\\\/?page_id=4316\"]}]},{\"@type\":\"BreadcrumbList\",\"@id\":\"https:\\\/\\\/hergersweiler.de\\\/?page_id=4316#breadcrumb\",\"itemListElement\":[{\"@type\":\"ListItem\",\"position\":1,\"name\":\"Startseite\",\"item\":\"https:\\\/\\\/hergersweiler.de\\\/\"},{\"@type\":\"ListItem\",\"position\":2,\"name\":\"Barrierefreiheit\"}]},{\"@type\":\"WebSite\",\"@id\":\"https:\\\/\\\/hergersweiler.de\\\/#website\",\"url\":\"https:\\\/\\\/hergersweiler.de\\\/\",\"name\":\"Gemeinde Hergersweiler\",\"description\":\"\",\"potentialAction\":[{\"@type\":\"SearchAction\",\"target\":{\"@type\":\"EntryPoint\",\"urlTemplate\":\"https:\\\/\\\/hergersweiler.de\\\/?s={search_term_string}\"},\"query-input\":{\"@type\":\"PropertyValueSpecification\",\"valueRequired\":true,\"valueName\":\"search_term_string\"}}],\"inLanguage\":\"de\"}]}<\/script>\n<!-- \/ Yoast SEO plugin. -->","yoast_head_json":{"title":"Barrierefreiheit - Gemeinde Hergersweiler","robots":{"index":"index","follow":"follow","max-snippet":"max-snippet:-1","max-image-preview":"max-image-preview:large","max-video-preview":"max-video-preview:-1"},"canonical":"https:\/\/hergersweiler.de\/?page_id=4316","og_locale":"de_DE","og_type":"article","og_title":"Barrierefreiheit - Gemeinde Hergersweiler","og_description":"Erkl\u00e4rung zur Barrierefreiheit Die Ortsgemeinde Hergersweiler m\u00f6chte ihre Website f\u00fcr m\u00f6glichst viele Menschen gut zug\u00e4nglich gestalten. Auf dieser Seite erfahren Sie, wie barrierefrei unser Internetangebot derzeit ist, welche Inhalte noch nicht vollst\u00e4ndig barrierefrei sind und an wen Sie sich bei Fragen oder Hinweisen wenden k\u00f6nnen. Die Ortsgemeinde Hergersweiler ist bem\u00fcht,\u2026 Continue reading","og_url":"https:\/\/hergersweiler.de\/?page_id=4316","og_site_name":"Gemeinde Hergersweiler","article_modified_time":"2026-03-23T09:39:53+00:00","twitter_card":"summary_large_image","twitter_site":"@hergersweiler2","twitter_misc":{"Gesch\u00e4tzte Lesezeit":"3\u00a0Minuten"},"schema":{"@context":"https:\/\/schema.org","@graph":[{"@type":"WebPage","@id":"https:\/\/hergersweiler.de\/?page_id=4316","url":"https:\/\/hergersweiler.de\/?page_id=4316","name":"Barrierefreiheit - Gemeinde Hergersweiler","isPartOf":{"@id":"https:\/\/hergersweiler.de\/#website"},"datePublished":"2026-03-23T09:20:09+00:00","dateModified":"2026-03-23T09:39:53+00:00","breadcrumb":{"@id":"https:\/\/hergersweiler.de\/?page_id=4316#breadcrumb"},"inLanguage":"de","potentialAction":[{"@type":"ReadAction","target":["https:\/\/hergersweiler.de\/?page_id=4316"]}]},{"@type":"BreadcrumbList","@id":"https:\/\/hergersweiler.de\/?page_id=4316#breadcrumb","itemListElement":[{"@type":"ListItem","position":1,"name":"Startseite","item":"https:\/\/hergersweiler.de\/"},{"@type":"ListItem","position":2,"name":"Barrierefreiheit"}]},{"@type":"WebSite","@id":"https:\/\/hergersweiler.de\/#website","url":"https:\/\/hergersweiler.de\/","name":"Gemeinde Hergersweiler","description":"","potentialAction":[{"@type":"SearchAction","target":{"@type":"EntryPoint","urlTemplate":"https:\/\/hergersweiler.de\/?s={search_term_string}"},"query-input":{"@type":"PropertyValueSpecification","valueRequired":true,"valueName":"search_term_string"}}],"inLanguage":"de"}]}},"_links":{"self":[{"href":"https:\/\/hergersweiler.de\/index.php?rest_route=\/wp\/v2\/pages\/4316","targetHints":{"allow":["GET"]}}],"collection":[{"href":"https:\/\/hergersweiler.de\/index.php?rest_route=\/wp\/v2\/pages"}],"about":[{"href":"https:\/\/hergersweiler.de\/index.php?rest_route=\/wp\/v2\/types\/page"}],"author":[{"embeddable":true,"href":"https:\/\/hergersweiler.de\/index.php?rest_route=\/wp\/v2\/users\/4"}],"replies":[{"embeddable":true,"href":"https:\/\/hergersweiler.de\/index.php?rest_route=%2Fwp%2Fv2%2Fcomments&post=4316"}],"version-history":[{"count":3,"href":"https:\/\/hergersweiler.de\/index.php?rest_route=\/wp\/v2\/pages\/4316\/revisions"}],"predecessor-version":[{"id":4322,"href":"https:\/\/hergersweiler.de\/index.php?rest_route=\/wp\/v2\/pages\/4316\/revisions\/4322"}],"wp:attachment":[{"href":"https:\/\/hergersweiler.de\/index.php?rest_route=%2Fwp%2Fv2%2Fmedia&parent=4316"}],"curies":[{"name":"wp","href":"https:\/\/api.w.org\/{rel}","templated":true}]}}