{"id":4155,"date":"2026-01-21T15:20:36","date_gmt":"2026-01-21T14:20:36","guid":{"rendered":"https:\/\/hergersweiler.de\/?page_id=4155"},"modified":"2026-02-13T16:07:18","modified_gmt":"2026-02-13T15:07:18","slug":"neujahrsempfang-2026","status":"publish","type":"page","link":"https:\/\/hergersweiler.de\/?page_id=4155","title":{"rendered":"Neujahrsempfang 2026"},"content":{"rendered":"<div class=\"jubi-article-wrapper\" style=\"max-width: 800px; margin: 2rem auto; padding: 0 1rem; color: #2e2e2e; line-height: 1.7; font-size: 1.05rem;\">\n<h1 style=\"text-align: center; color: #3b7d4f; margin: 0 0 1.25rem 0;\">\n    Neujahrsempfang 2026 und Auftakt zum Jubil\u00e4um \u201e725 Jahre Hergersweiler\u201c<br \/>\n  <\/h1>\n<p>Der Neujahrsempfang der Gemeinde Hergersweiler am 2. Januar 2026 stand ganz im Zeichen des Jubil\u00e4ums \u201e725 Jahre Hergersweiler\u201c. Die Veranstaltung bildete den feierlichen Auftakt zu einem Festjahr mit zahlreichen Festen und Veranstaltungen, die \u00fcber das gesamte Jahr verteilt stattfinden werden.<\/p>\n<p>Ortsb\u00fcrgermeister Helmut Heib konnte im voll besetzten B\u00fcrgerhaus zahlreiche Ehreng\u00e4ste begr\u00fc\u00dfen, darunter Ministerpr\u00e4sident Alexander Schweitzer, Verbandsb\u00fcrgermeisterin Kathrin Flory, die Ortsb\u00fcrgermeister Stefan Moschko (Winden), Kurt L\u00f6wenmuth (Barbelroth) und Manfred Huckle (Dierbach) sowie Pfarrerin Anna Thees von der evangelischen Kirchengemeinde.<\/p>\n<p>In seiner Ansprache stellte Ortsb\u00fcrgermeister Helmut Heib das eigens f\u00fcr das Jubil\u00e4umsjahr entworfene Logo sowie die neu gestalteten Festgl\u00e4ser vor. Zudem wurde ein eigens kreierter Festwein pr\u00e4sentiert, der vom Weingut Lischer stammt. Daniel Lischer stellte den Wein pers\u00f6nlich vor, der an diesem Abend erstmals von den G\u00e4sten probiert werden konnte.<\/p>\n<p>Ein zentraler Punkt der Rede war die Vorstellung des speziell f\u00fcr das Jubil\u00e4umsjahr erarbeiteten Festkalenders. In nahezu jedem Monat wird es ein Fest oder eine besondere Veranstaltung geben. Nach dem Neujahrsempfang folgt im Februar eine Faschingsveranstaltung. Im April findet eine Party f\u00fcr \u201ejunge\u201c Leute an der Vogelsangh\u00fctte statt, ehe am 30. April dort die Hexennacht gefeiert wird. Der Mai beginnt mit dem Maibaumstellen auf dem Kerweplatz, gefolgt von der \u201eKirche im Gr\u00fcnen\u201c an der Vogelsangh\u00fctte sowie einem Kindertag auf dem Spielplatz. Im Juni finden an drei aufeinanderfolgenden Freitagen After-Work-Partys an der Vogelsangh\u00fctte statt. Zur Sommersonnenwende wird es eine gro\u00dfe Kaffeetafel rund um das B\u00fcrgerhaus geben. Im Juli wird das traditionelle Feuerwehrfest gefeiert. Zum Auftakt der Federwei\u00dfer-Saison veranstaltet das Weingut Lischer am letzten Augustwochenende ein Weinfest. In der ersten Septemberwoche steht die Kerwe auf dem Programm, die von Freitag bis Sonntag gefeiert wird. Sie beginnt am Freitag mit dem Kerwehock. Am Samstag wird das 35-j\u00e4hrige Jubil\u00e4um der Partnerschaft mit Vesser begangen. Der Sonntag startet mit einem Gottesdienst im B\u00fcrgerhaus, anschlie\u00dfend folgen gemeinsames Mittagessen sowie Kaffee und Kuchen. Im Oktober wird die \u201eWutz geschlacht\u201c, und den Abschluss des Festjahres bildet eine Wanderung rund um Hergersweiler mit anschlie\u00dfendem Gl\u00fchweinfest an der Vogelsangh\u00fctte.<\/p>\n<p>Zum Abschluss des offiziellen Teils des Abends wurde es noch einmal richtig laut im B\u00fcrgerhaus: Das Highlight des Abends war der Auftritt des Dudelsackspielers Hendrik Hager. Hendrik ist B\u00fcrger von Hergersweiler und spielt seit vielen Jahren bei den Heidelberg &amp; District Pipes and Drums. Bei bekannten St\u00fccken wie Amazing Grace und Nehmt Abschied, Br\u00fcder sang der gesamte Saal mit. Sein Auftritt bildete einen stimmungsvollen Abschluss des offiziellen Programms und machte den Abend zu etwas ganz Besonderem f\u00fcr Hergersweiler.<\/p>\n<p>Abschlie\u00dfend bedankte sich Ortsb\u00fcrgermeister Helmut Heib bei allen, die zum Gelingen des Neujahrsempfangs beigetragen haben. Ein besonderer Dank gilt auch den Vereinen und sonstigen Gruppierungen, die es erm\u00f6glichen, das Jubil\u00e4umsjahr gemeinsam zu gestalten und zu feiern.<\/p>\n<p>Ortsgemeinde<\/p>\n<p>Eindr\u00fccke eines wundervollen Abends<\/p>\n<\/div>\n<div class=\"jubi-gallery\">\n  <a href=\"https:\/\/hergersweiler.de\/wp-content\/uploads\/2026\/01\/Bild_1.jpeg\" data-lbwps-width=\"3637\" data-lbwps-height=\"2067\" data-lbwps-srcsmall=\"https:\/\/hergersweiler.de\/wp-content\/uploads\/2026\/01\/Bild_1-150x85.jpeg\"><img src=\"https:\/\/hergersweiler.de\/wp-content\/uploads\/2026\/01\/Bild_1-scaled.jpeg\" alt=\"Bild 1\" loading=\"lazy\" decoding=\"async\"><\/a><br \/>\n  <a href=\"https:\/\/hergersweiler.de\/wp-content\/uploads\/2026\/01\/Bild_2.jpeg\" data-lbwps-width=\"5192\" data-lbwps-height=\"5075\" data-lbwps-srcsmall=\"https:\/\/hergersweiler.de\/wp-content\/uploads\/2026\/01\/Bild_2-150x147.jpeg\"><img src=\"https:\/\/hergersweiler.de\/wp-content\/uploads\/2026\/01\/Bild_2-scaled.jpeg\" alt=\"Bild 2\" loading=\"lazy\" decoding=\"async\"><\/a><br \/>\n  <a href=\"https:\/\/hergersweiler.de\/wp-content\/uploads\/2026\/01\/Bild_3.jpeg\" data-lbwps-width=\"2830\" data-lbwps-height=\"3825\" data-lbwps-srcsmall=\"https:\/\/hergersweiler.de\/wp-content\/uploads\/2026\/01\/Bild_3-111x150.jpeg\"><img src=\"https:\/\/hergersweiler.de\/wp-content\/uploads\/2026\/01\/Bild_3-scaled.jpeg\" alt=\"Bild 3\" loading=\"lazy\" decoding=\"async\"><\/a><br \/>\n  <a href=\"https:\/\/hergersweiler.de\/wp-content\/uploads\/2026\/01\/Bild_4.jpeg\" data-lbwps-width=\"2068\" data-lbwps-height=\"3338\" data-lbwps-srcsmall=\"https:\/\/hergersweiler.de\/wp-content\/uploads\/2026\/01\/Bild_4-93x150.jpeg\"><img src=\"https:\/\/hergersweiler.de\/wp-content\/uploads\/2026\/01\/Bild_4-scaled.jpeg\" alt=\"Bild 4\" loading=\"lazy\" decoding=\"async\"><\/a><br \/>\n  <a href=\"https:\/\/hergersweiler.de\/wp-content\/uploads\/2026\/01\/DJI_20260102_200449_201.jpeg\" data-lbwps-width=\"3840\" data-lbwps-height=\"2160\" data-lbwps-srcsmall=\"https:\/\/hergersweiler.de\/wp-content\/uploads\/2026\/01\/DJI_20260102_200449_201-150x84.jpeg\"><img src=\"https:\/\/hergersweiler.de\/wp-content\/uploads\/2026\/01\/DJI_20260102_200449_201-scaled.jpeg\" alt=\"Bild 5\" loading=\"lazy\" decoding=\"async\"><\/a><br \/>\n  <a href=\"https:\/\/hergersweiler.de\/wp-content\/uploads\/2026\/01\/Bild_5.jpeg\" data-lbwps-width=\"3840\" data-lbwps-height=\"2160\" data-lbwps-srcsmall=\"https:\/\/hergersweiler.de\/wp-content\/uploads\/2026\/01\/Bild_5-150x84.jpeg\"><img src=\"https:\/\/hergersweiler.de\/wp-content\/uploads\/2026\/01\/Bild_5-scaled.jpeg\" alt=\"Bild 6\" loading=\"lazy\" decoding=\"async\"><\/a><br \/>\n  <a href=\"https:\/\/hergersweiler.de\/wp-content\/uploads\/2026\/01\/DJI_20260102_194729_292.jpeg\" data-lbwps-width=\"3840\" data-lbwps-height=\"2160\" data-lbwps-srcsmall=\"https:\/\/hergersweiler.de\/wp-content\/uploads\/2026\/01\/DJI_20260102_194729_292-150x84.jpeg\"><img src=\"https:\/\/hergersweiler.de\/wp-content\/uploads\/2026\/01\/DJI_20260102_194729_292-scaled.jpeg\" alt=\"Bild 7\" loading=\"lazy\" decoding=\"async\"><\/a><br \/>\n  <a href=\"https:\/\/hergersweiler.de\/wp-content\/uploads\/2026\/01\/DJI_20260102_194844_457.jpeg\" data-lbwps-width=\"3840\" data-lbwps-height=\"2160\" data-lbwps-srcsmall=\"https:\/\/hergersweiler.de\/wp-content\/uploads\/2026\/01\/DJI_20260102_194844_457-150x84.jpeg\"><img src=\"https:\/\/hergersweiler.de\/wp-content\/uploads\/2026\/01\/DJI_20260102_194844_457-scaled.jpeg\" alt=\"Bild 8\" loading=\"lazy\" decoding=\"async\"><\/a><br \/>\n  <a href=\"https:\/\/hergersweiler.de\/wp-content\/uploads\/2026\/01\/DJI_20260102_195251_227.jpeg\" data-lbwps-width=\"3840\" data-lbwps-height=\"2160\" data-lbwps-srcsmall=\"https:\/\/hergersweiler.de\/wp-content\/uploads\/2026\/01\/DJI_20260102_195251_227-150x84.jpeg\"><img src=\"https:\/\/hergersweiler.de\/wp-content\/uploads\/2026\/01\/DJI_20260102_195251_227-scaled.jpeg\" alt=\"Bild 9\" loading=\"lazy\" decoding=\"async\"><\/a><br \/>\n  <a href=\"https:\/\/hergersweiler.de\/wp-content\/uploads\/2026\/01\/DJI_20260102_193042_659.jpeg\" data-lbwps-width=\"3840\" data-lbwps-height=\"2160\" data-lbwps-srcsmall=\"https:\/\/hergersweiler.de\/wp-content\/uploads\/2026\/01\/DJI_20260102_193042_659-150x84.jpeg\"><img src=\"https:\/\/hergersweiler.de\/wp-content\/uploads\/2026\/01\/DJI_20260102_193042_659-scaled.jpeg\" alt=\"Bild 10\" loading=\"lazy\" decoding=\"async\"><\/a><br \/>\n  <a href=\"https:\/\/hergersweiler.de\/wp-content\/uploads\/2026\/01\/IMG_1578.jpeg\" data-lbwps-width=\"8064\" data-lbwps-height=\"6048\" data-lbwps-srcsmall=\"https:\/\/hergersweiler.de\/wp-content\/uploads\/2026\/01\/IMG_1578-150x113.jpeg\"><img src=\"https:\/\/hergersweiler.de\/wp-content\/uploads\/2026\/01\/IMG_1578-scaled.jpeg\" alt=\"Bild 11\" loading=\"lazy\" decoding=\"async\"><\/a>\n<\/div>\n<p style=\"margin-top: 1rem; text-align: center;\">\n  <a href=\"https:\/\/hergersweiler.de\/wp-content\/uploads\/2026\/01\/Neujahrsempfang_2026_Bilder.zip\" download><br \/>\n    Alle Bilder als ZIP herunterladen<br \/>\n  <\/a>\n<\/p>\n<footer class=\"footer-jubi\">\ud83c\udf3f 725 Jahre Hergersweiler \u2013 2026 | Gemeinsam feiern wir unsere Heimat<\/footer>\n","protected":false},"excerpt":{"rendered":"<p>Neujahrsempfang 2026 und Auftakt zum Jubil\u00e4um \u201e725 Jahre Hergersweiler\u201c Der Neujahrsempfang der Gemeinde Hergersweiler am 2. Januar 2026 stand ganz im Zeichen des Jubil\u00e4ums \u201e725 Jahre Hergersweiler\u201c. Die Veranstaltung bildete den feierlichen Auftakt zu einem Festjahr mit zahlreichen Festen und Veranstaltungen, die \u00fcber das gesamte Jahr verteilt stattfinden werden. Ortsb\u00fcrgermeister\u2026<\/p>\n<p> <a class=\"continue-reading-link\" href=\"https:\/\/hergersweiler.de\/?page_id=4155\"><span>Continue reading<\/span><i class=\"crycon-right-dir\"><\/i><\/a> <\/p>\n","protected":false},"author":4,"featured_media":0,"parent":0,"menu_order":0,"comment_status":"closed","ping_status":"closed","template":"","meta":{"ngg_post_thumbnail":0,"_mc_calendar":[],"footnotes":""},"class_list":["post-4155","page","type-page","status-publish","hentry"],"yoast_head":"<!-- This site is optimized with the Yoast SEO plugin v27.4 - https:\/\/yoast.com\/product\/yoast-seo-wordpress\/ -->\n<title>Neujahrsempfang 2026 - Gemeinde Hergersweiler<\/title>\n<meta name=\"robots\" content=\"index, follow, max-snippet:-1, max-image-preview:large, max-video-preview:-1\" \/>\n<link rel=\"canonical\" href=\"https:\/\/hergersweiler.de\/?page_id=4155\" \/>\n<meta property=\"og:locale\" content=\"de_DE\" \/>\n<meta property=\"og:type\" content=\"article\" \/>\n<meta property=\"og:title\" content=\"Neujahrsempfang 2026 - Gemeinde Hergersweiler\" \/>\n<meta property=\"og:description\" content=\"Neujahrsempfang 2026 und Auftakt zum Jubil\u00e4um \u201e725 Jahre Hergersweiler\u201c Der Neujahrsempfang der Gemeinde Hergersweiler am 2. Januar 2026 stand ganz im Zeichen des Jubil\u00e4ums \u201e725 Jahre Hergersweiler\u201c. Die Veranstaltung bildete den feierlichen Auftakt zu einem Festjahr mit zahlreichen Festen und Veranstaltungen, die \u00fcber das gesamte Jahr verteilt stattfinden werden. Ortsb\u00fcrgermeister\u2026 Continue reading\" \/>\n<meta property=\"og:url\" content=\"https:\/\/hergersweiler.de\/?page_id=4155\" \/>\n<meta property=\"og:site_name\" content=\"Gemeinde Hergersweiler\" \/>\n<meta property=\"article:modified_time\" content=\"2026-02-13T15:07:18+00:00\" \/>\n<meta property=\"og:image\" content=\"https:\/\/hergersweiler.de\/wp-content\/uploads\/2026\/01\/Bild_1-scaled.jpeg\" \/>\n<meta name=\"twitter:card\" content=\"summary_large_image\" \/>\n<meta name=\"twitter:site\" content=\"@hergersweiler2\" \/>\n<meta name=\"twitter:label1\" content=\"Gesch\u00e4tzte Lesezeit\" \/>\n\t<meta name=\"twitter:data1\" content=\"5\u00a0Minuten\" \/>\n<script type=\"application\/ld+json\" class=\"yoast-schema-graph\">{\"@context\":\"https:\\\/\\\/schema.org\",\"@graph\":[{\"@type\":\"WebPage\",\"@id\":\"https:\\\/\\\/hergersweiler.de\\\/?page_id=4155\",\"url\":\"https:\\\/\\\/hergersweiler.de\\\/?page_id=4155\",\"name\":\"Neujahrsempfang 2026 - Gemeinde Hergersweiler\",\"isPartOf\":{\"@id\":\"https:\\\/\\\/hergersweiler.de\\\/#website\"},\"primaryImageOfPage\":{\"@id\":\"https:\\\/\\\/hergersweiler.de\\\/?page_id=4155#primaryimage\"},\"image\":{\"@id\":\"https:\\\/\\\/hergersweiler.de\\\/?page_id=4155#primaryimage\"},\"thumbnailUrl\":\"https:\\\/\\\/hergersweiler.de\\\/wp-content\\\/uploads\\\/2026\\\/01\\\/Bild_1-scaled.jpeg\",\"datePublished\":\"2026-01-21T14:20:36+00:00\",\"dateModified\":\"2026-02-13T15:07:18+00:00\",\"breadcrumb\":{\"@id\":\"https:\\\/\\\/hergersweiler.de\\\/?page_id=4155#breadcrumb\"},\"inLanguage\":\"de\",\"potentialAction\":[{\"@type\":\"ReadAction\",\"target\":[\"https:\\\/\\\/hergersweiler.de\\\/?page_id=4155\"]}]},{\"@type\":\"ImageObject\",\"inLanguage\":\"de\",\"@id\":\"https:\\\/\\\/hergersweiler.de\\\/?page_id=4155#primaryimage\",\"url\":\"https:\\\/\\\/hergersweiler.de\\\/wp-content\\\/uploads\\\/2026\\\/01\\\/Bild_1-scaled.jpeg\",\"contentUrl\":\"https:\\\/\\\/hergersweiler.de\\\/wp-content\\\/uploads\\\/2026\\\/01\\\/Bild_1-scaled.jpeg\",\"width\":2560,\"height\":1455,\"caption\":\"Bild_1\"},{\"@type\":\"BreadcrumbList\",\"@id\":\"https:\\\/\\\/hergersweiler.de\\\/?page_id=4155#breadcrumb\",\"itemListElement\":[{\"@type\":\"ListItem\",\"position\":1,\"name\":\"Startseite\",\"item\":\"https:\\\/\\\/hergersweiler.de\\\/\"},{\"@type\":\"ListItem\",\"position\":2,\"name\":\"Neujahrsempfang 2026\"}]},{\"@type\":\"WebSite\",\"@id\":\"https:\\\/\\\/hergersweiler.de\\\/#website\",\"url\":\"https:\\\/\\\/hergersweiler.de\\\/\",\"name\":\"Gemeinde Hergersweiler\",\"description\":\"\",\"potentialAction\":[{\"@type\":\"SearchAction\",\"target\":{\"@type\":\"EntryPoint\",\"urlTemplate\":\"https:\\\/\\\/hergersweiler.de\\\/?s={search_term_string}\"},\"query-input\":{\"@type\":\"PropertyValueSpecification\",\"valueRequired\":true,\"valueName\":\"search_term_string\"}}],\"inLanguage\":\"de\"}]}<\/script>\n<!-- \/ Yoast SEO plugin. -->","yoast_head_json":{"title":"Neujahrsempfang 2026 - Gemeinde Hergersweiler","robots":{"index":"index","follow":"follow","max-snippet":"max-snippet:-1","max-image-preview":"max-image-preview:large","max-video-preview":"max-video-preview:-1"},"canonical":"https:\/\/hergersweiler.de\/?page_id=4155","og_locale":"de_DE","og_type":"article","og_title":"Neujahrsempfang 2026 - Gemeinde Hergersweiler","og_description":"Neujahrsempfang 2026 und Auftakt zum Jubil\u00e4um \u201e725 Jahre Hergersweiler\u201c Der Neujahrsempfang der Gemeinde Hergersweiler am 2. Januar 2026 stand ganz im Zeichen des Jubil\u00e4ums \u201e725 Jahre Hergersweiler\u201c. Die Veranstaltung bildete den feierlichen Auftakt zu einem Festjahr mit zahlreichen Festen und Veranstaltungen, die \u00fcber das gesamte Jahr verteilt stattfinden werden. Ortsb\u00fcrgermeister\u2026 Continue reading","og_url":"https:\/\/hergersweiler.de\/?page_id=4155","og_site_name":"Gemeinde Hergersweiler","article_modified_time":"2026-02-13T15:07:18+00:00","og_image":[{"url":"https:\/\/hergersweiler.de\/wp-content\/uploads\/2026\/01\/Bild_1-scaled.jpeg","type":"","width":"","height":""}],"twitter_card":"summary_large_image","twitter_site":"@hergersweiler2","twitter_misc":{"Gesch\u00e4tzte Lesezeit":"5\u00a0Minuten"},"schema":{"@context":"https:\/\/schema.org","@graph":[{"@type":"WebPage","@id":"https:\/\/hergersweiler.de\/?page_id=4155","url":"https:\/\/hergersweiler.de\/?page_id=4155","name":"Neujahrsempfang 2026 - Gemeinde Hergersweiler","isPartOf":{"@id":"https:\/\/hergersweiler.de\/#website"},"primaryImageOfPage":{"@id":"https:\/\/hergersweiler.de\/?page_id=4155#primaryimage"},"image":{"@id":"https:\/\/hergersweiler.de\/?page_id=4155#primaryimage"},"thumbnailUrl":"https:\/\/hergersweiler.de\/wp-content\/uploads\/2026\/01\/Bild_1-scaled.jpeg","datePublished":"2026-01-21T14:20:36+00:00","dateModified":"2026-02-13T15:07:18+00:00","breadcrumb":{"@id":"https:\/\/hergersweiler.de\/?page_id=4155#breadcrumb"},"inLanguage":"de","potentialAction":[{"@type":"ReadAction","target":["https:\/\/hergersweiler.de\/?page_id=4155"]}]},{"@type":"ImageObject","inLanguage":"de","@id":"https:\/\/hergersweiler.de\/?page_id=4155#primaryimage","url":"https:\/\/hergersweiler.de\/wp-content\/uploads\/2026\/01\/Bild_1-scaled.jpeg","contentUrl":"https:\/\/hergersweiler.de\/wp-content\/uploads\/2026\/01\/Bild_1-scaled.jpeg","width":2560,"height":1455,"caption":"Bild_1"},{"@type":"BreadcrumbList","@id":"https:\/\/hergersweiler.de\/?page_id=4155#breadcrumb","itemListElement":[{"@type":"ListItem","position":1,"name":"Startseite","item":"https:\/\/hergersweiler.de\/"},{"@type":"ListItem","position":2,"name":"Neujahrsempfang 2026"}]},{"@type":"WebSite","@id":"https:\/\/hergersweiler.de\/#website","url":"https:\/\/hergersweiler.de\/","name":"Gemeinde Hergersweiler","description":"","potentialAction":[{"@type":"SearchAction","target":{"@type":"EntryPoint","urlTemplate":"https:\/\/hergersweiler.de\/?s={search_term_string}"},"query-input":{"@type":"PropertyValueSpecification","valueRequired":true,"valueName":"search_term_string"}}],"inLanguage":"de"}]}},"jetpack_sharing_enabled":true,"_links":{"self":[{"href":"https:\/\/hergersweiler.de\/index.php?rest_route=\/wp\/v2\/pages\/4155","targetHints":{"allow":["GET"]}}],"collection":[{"href":"https:\/\/hergersweiler.de\/index.php?rest_route=\/wp\/v2\/pages"}],"about":[{"href":"https:\/\/hergersweiler.de\/index.php?rest_route=\/wp\/v2\/types\/page"}],"author":[{"embeddable":true,"href":"https:\/\/hergersweiler.de\/index.php?rest_route=\/wp\/v2\/users\/4"}],"replies":[{"embeddable":true,"href":"https:\/\/hergersweiler.de\/index.php?rest_route=%2Fwp%2Fv2%2Fcomments&post=4155"}],"version-history":[{"count":1,"href":"https:\/\/hergersweiler.de\/index.php?rest_route=\/wp\/v2\/pages\/4155\/revisions"}],"predecessor-version":[{"id":4158,"href":"https:\/\/hergersweiler.de\/index.php?rest_route=\/wp\/v2\/pages\/4155\/revisions\/4158"}],"wp:attachment":[{"href":"https:\/\/hergersweiler.de\/index.php?rest_route=%2Fwp%2Fv2%2Fmedia&parent=4155"}],"curies":[{"name":"wp","href":"https:\/\/api.w.org\/{rel}","templated":true}]}}