{"id":41,"date":"2016-12-13T10:24:26","date_gmt":"2016-12-13T09:24:26","guid":{"rendered":"http:\/\/neu.hergersweiler.de\/?page_id=41"},"modified":"2025-10-30T14:32:02","modified_gmt":"2025-10-30T13:32:02","slug":"ansprechpartner","status":"publish","type":"page","link":"https:\/\/hergersweiler.de\/?page_id=41","title":{"rendered":"Ansprechpartner"},"content":{"rendered":"<p><span style=\"font-size: x-large;\"><span style=\"color: #000099;\"><strong>Gemeindevertretung Hergersweiler<\/strong><\/span><\/span><\/p>\n<p><span style=\"font-size: large;\"><strong>Ortsb\u00fcrgermeister:<\/strong><\/span><\/p>\n<p>Helmut Heib<br \/>\nHauptstra\u00dfe 21<br \/>\n76872 Hergersweiler<br \/>\nTel: 06349 7888<br \/>\nMobil: 0157 54223315<br \/>\n&#x4f;&#x42;&#x2e;&#72;&#101;rg&#x65;&#x72;&#x73;&#x77;&#101;&#105;le&#x72;&#x40;&#x76;&#103;&#98;&#122;a&#46;&#x64;&#x65;<\/p>\n<p>Sprechstunde: Nach Vereinbarung<\/p>\n<p><span style=\"font-size: large;\"><strong>Beigeordneter:<\/strong><\/span><\/p>\n<p>Volker Nu\u00df<br \/>\nHauptstra\u00dfe 53<br \/>\n76872 Hergersweiler<br \/>\nTel: 06349 927925<br \/>\n&#118;&#x6f;l&#107;&#x65;r&#46;&#x6e;u&#115;&#x73;&#64;&#104;&#x65;r&#103;&#x65;r&#115;&#x77;e&#105;&#x6c;e&#114;&#x2e;d&#101;<\/p>\n<p><span style=\"font-size: large;\"><strong>Ratsmitglieder:<\/strong><\/span><\/p>\n<p>Stefanie Hentschel &#8211; Hauptstra\u00dfe 13<br \/>\nJanik Seither &#8211; Konrad-Hofmann-Stra\u00dfe 11<br \/>\nMatthias Ziliox &#8211; Hauptstra\u00dfe 1<br \/>\nMichael Weber &#8211; Am Narrenberg 7<br \/>\nTina Ziliox &#8211; Hauptstra\u00dfe 1<\/p>\n","protected":false},"excerpt":{"rendered":"<p>Gemeindevertretung Hergersweiler Ortsb\u00fcrgermeister: Helmut Heib Hauptstra\u00dfe 21 76872 Hergersweiler Tel: 06349 7888 Mobil: 0157 54223315 O&#66;&#46;&#x48;&#x65;&#x72;ge&#114;&#115;&#x77;&#x65;&#x69;l&#101;&#114;&#64;&#x76;&#x67;&#x62;z&#97;&#46;&#x64;&#x65; Sprechstunde: Nach Vereinbarung Beigeordneter: Volker Nu\u00df Hauptstra\u00dfe 53 76872 Hergersweiler Tel: 06349 927925 &#118;&#x6f;&#108;&#x6b;&#101;&#x72;&#46;&#x6e;&#117;&#x73;&#115;&#x40;&#104;&#x65;&#114;&#x67;&#101;&#x72;&#115;&#x77;&#101;&#x69;&#108;&#x65;&#114;&#x2e;d&#x65; Ratsmitglieder: Stefanie Hentschel &#8211; Hauptstra\u00dfe 13 Janik Seither &#8211; Konrad-Hofmann-Stra\u00dfe 11 Matthias Ziliox &#8211; Hauptstra\u00dfe 1 Michael Weber &#8211; Am\u2026<\/p>\n<p> <a class=\"continue-reading-link\" href=\"https:\/\/hergersweiler.de\/?page_id=41\"><span>Continue reading<\/span><i class=\"crycon-right-dir\"><\/i><\/a> <\/p>\n","protected":false},"author":1,"featured_media":0,"parent":37,"menu_order":0,"comment_status":"closed","ping_status":"closed","template":"","meta":{"ngg_post_thumbnail":0,"_mc_calendar":[],"footnotes":""},"class_list":["post-41","page","type-page","status-publish","hentry"],"yoast_head":"<!-- This site is optimized with the Yoast SEO plugin v27.5 - https:\/\/yoast.com\/product\/yoast-seo-wordpress\/ -->\n<title>Ansprechpartner - Gemeinde Hergersweiler<\/title>\n<meta name=\"robots\" content=\"index, follow, max-snippet:-1, max-image-preview:large, max-video-preview:-1\" \/>\n<link rel=\"canonical\" href=\"https:\/\/hergersweiler.de\/?page_id=41\" \/>\n<meta property=\"og:locale\" content=\"de_DE\" \/>\n<meta property=\"og:type\" content=\"article\" \/>\n<meta property=\"og:title\" content=\"Ansprechpartner - Gemeinde Hergersweiler\" \/>\n<meta property=\"og:description\" content=\"Gemeindevertretung Hergersweiler Ortsb\u00fcrgermeister: Helmut Heib Hauptstra\u00dfe 21 76872 Hergersweiler Tel: 06349 7888 Mobil: 0157 54223315 OB&#046;Hergerswe&#105;&#108;&#101;&#114;&#064;&#118;&#103;&#098;&#122;&#097;&#046;&#100;&#101; Sprechstunde: Nach Vereinbarung Beigeordneter: Volker Nu\u00df Hauptstra\u00dfe 53 76872 Hergersweiler Tel: 06349 927925 &#x76;&#111;&#108;k&#x65;&#x72;&#046;n&#x75;&#x73;&#115;&#064;h&#x65;&#114;&#103;e&#x72;&#x73;&#119;e&#x69;&#x6c;&#101;&#114;&#046;&#x64;&#x65; Ratsmitglieder: Stefanie Hentschel &#8211; Hauptstra\u00dfe 13 Janik Seither &#8211; Konrad-Hofmann-Stra\u00dfe 11 Matthias Ziliox &#8211; Hauptstra\u00dfe 1 Michael Weber &#8211; Am\u2026 Continue reading\" \/>\n<meta property=\"og:url\" content=\"https:\/\/hergersweiler.de\/?page_id=41\" \/>\n<meta property=\"og:site_name\" content=\"Gemeinde Hergersweiler\" \/>\n<meta property=\"article:modified_time\" content=\"2025-10-30T13:32:02+00:00\" \/>\n<meta name=\"twitter:card\" content=\"summary_large_image\" \/>\n<meta name=\"twitter:site\" content=\"@hergersweiler2\" \/>\n<meta name=\"twitter:label1\" content=\"Gesch\u00e4tzte Lesezeit\" \/>\n\t<meta name=\"twitter:data1\" content=\"1\u00a0Minute\" \/>\n<script type=\"application\/ld+json\" class=\"yoast-schema-graph\">{\"@context\":\"https:\\\/\\\/schema.org\",\"@graph\":[{\"@type\":\"WebPage\",\"@id\":\"https:\\\/\\\/hergersweiler.de\\\/?page_id=41\",\"url\":\"https:\\\/\\\/hergersweiler.de\\\/?page_id=41\",\"name\":\"Ansprechpartner - Gemeinde Hergersweiler\",\"isPartOf\":{\"@id\":\"https:\\\/\\\/hergersweiler.de\\\/#website\"},\"datePublished\":\"2016-12-13T09:24:26+00:00\",\"dateModified\":\"2025-10-30T13:32:02+00:00\",\"breadcrumb\":{\"@id\":\"https:\\\/\\\/hergersweiler.de\\\/?page_id=41#breadcrumb\"},\"inLanguage\":\"de\",\"potentialAction\":[{\"@type\":\"ReadAction\",\"target\":[\"https:\\\/\\\/hergersweiler.de\\\/?page_id=41\"]}]},{\"@type\":\"BreadcrumbList\",\"@id\":\"https:\\\/\\\/hergersweiler.de\\\/?page_id=41#breadcrumb\",\"itemListElement\":[{\"@type\":\"ListItem\",\"position\":1,\"name\":\"Startseite\",\"item\":\"https:\\\/\\\/hergersweiler.de\\\/\"},{\"@type\":\"ListItem\",\"position\":2,\"name\":\"B\u00fcrger &#038; Service\",\"item\":\"https:\\\/\\\/hergersweiler.de\\\/?page_id=37\"},{\"@type\":\"ListItem\",\"position\":3,\"name\":\"Ansprechpartner\"}]},{\"@type\":\"WebSite\",\"@id\":\"https:\\\/\\\/hergersweiler.de\\\/#website\",\"url\":\"https:\\\/\\\/hergersweiler.de\\\/\",\"name\":\"Gemeinde Hergersweiler\",\"description\":\"\",\"potentialAction\":[{\"@type\":\"SearchAction\",\"target\":{\"@type\":\"EntryPoint\",\"urlTemplate\":\"https:\\\/\\\/hergersweiler.de\\\/?s={search_term_string}\"},\"query-input\":{\"@type\":\"PropertyValueSpecification\",\"valueRequired\":true,\"valueName\":\"search_term_string\"}}],\"inLanguage\":\"de\"}]}<\/script>\n<!-- \/ Yoast SEO plugin. -->","yoast_head_json":{"title":"Ansprechpartner - Gemeinde Hergersweiler","robots":{"index":"index","follow":"follow","max-snippet":"max-snippet:-1","max-image-preview":"max-image-preview:large","max-video-preview":"max-video-preview:-1"},"canonical":"https:\/\/hergersweiler.de\/?page_id=41","og_locale":"de_DE","og_type":"article","og_title":"Ansprechpartner - Gemeinde Hergersweiler","og_description":"Gemeindevertretung Hergersweiler Ortsb\u00fcrgermeister: Helmut Heib Hauptstra\u00dfe 21 76872 Hergersweiler Tel: 06349 7888 Mobil: 0157 54223315 OB&#46;Hergerswe&#105;&#108;&#101;&#114;&#64;&#118;&#103;&#98;&#122;&#97;&#46;&#100;&#101; Sprechstunde: Nach Vereinbarung Beigeordneter: Volker Nu\u00df Hauptstra\u00dfe 53 76872 Hergersweiler Tel: 06349 927925 &#x76;&#111;&#108;k&#x65;&#x72;&#46;n&#x75;&#x73;&#115;&#64;h&#x65;&#114;&#103;e&#x72;&#x73;&#119;e&#x69;&#x6c;&#101;&#114;&#46;&#x64;&#x65; Ratsmitglieder: Stefanie Hentschel &#8211; Hauptstra\u00dfe 13 Janik Seither &#8211; Konrad-Hofmann-Stra\u00dfe 11 Matthias Ziliox &#8211; Hauptstra\u00dfe 1 Michael Weber &#8211; Am\u2026 Continue reading","og_url":"https:\/\/hergersweiler.de\/?page_id=41","og_site_name":"Gemeinde Hergersweiler","article_modified_time":"2025-10-30T13:32:02+00:00","twitter_card":"summary_large_image","twitter_site":"@hergersweiler2","twitter_misc":{"Gesch\u00e4tzte Lesezeit":"1\u00a0Minute"},"schema":{"@context":"https:\/\/schema.org","@graph":[{"@type":"WebPage","@id":"https:\/\/hergersweiler.de\/?page_id=41","url":"https:\/\/hergersweiler.de\/?page_id=41","name":"Ansprechpartner - Gemeinde Hergersweiler","isPartOf":{"@id":"https:\/\/hergersweiler.de\/#website"},"datePublished":"2016-12-13T09:24:26+00:00","dateModified":"2025-10-30T13:32:02+00:00","breadcrumb":{"@id":"https:\/\/hergersweiler.de\/?page_id=41#breadcrumb"},"inLanguage":"de","potentialAction":[{"@type":"ReadAction","target":["https:\/\/hergersweiler.de\/?page_id=41"]}]},{"@type":"BreadcrumbList","@id":"https:\/\/hergersweiler.de\/?page_id=41#breadcrumb","itemListElement":[{"@type":"ListItem","position":1,"name":"Startseite","item":"https:\/\/hergersweiler.de\/"},{"@type":"ListItem","position":2,"name":"B\u00fcrger &#038; Service","item":"https:\/\/hergersweiler.de\/?page_id=37"},{"@type":"ListItem","position":3,"name":"Ansprechpartner"}]},{"@type":"WebSite","@id":"https:\/\/hergersweiler.de\/#website","url":"https:\/\/hergersweiler.de\/","name":"Gemeinde Hergersweiler","description":"","potentialAction":[{"@type":"SearchAction","target":{"@type":"EntryPoint","urlTemplate":"https:\/\/hergersweiler.de\/?s={search_term_string}"},"query-input":{"@type":"PropertyValueSpecification","valueRequired":true,"valueName":"search_term_string"}}],"inLanguage":"de"}]}},"jetpack_sharing_enabled":true,"_links":{"self":[{"href":"https:\/\/hergersweiler.de\/index.php?rest_route=\/wp\/v2\/pages\/41","targetHints":{"allow":["GET"]}}],"collection":[{"href":"https:\/\/hergersweiler.de\/index.php?rest_route=\/wp\/v2\/pages"}],"about":[{"href":"https:\/\/hergersweiler.de\/index.php?rest_route=\/wp\/v2\/types\/page"}],"author":[{"embeddable":true,"href":"https:\/\/hergersweiler.de\/index.php?rest_route=\/wp\/v2\/users\/1"}],"replies":[{"embeddable":true,"href":"https:\/\/hergersweiler.de\/index.php?rest_route=%2Fwp%2Fv2%2Fcomments&post=41"}],"version-history":[{"count":7,"href":"https:\/\/hergersweiler.de\/index.php?rest_route=\/wp\/v2\/pages\/41\/revisions"}],"predecessor-version":[{"id":3760,"href":"https:\/\/hergersweiler.de\/index.php?rest_route=\/wp\/v2\/pages\/41\/revisions\/3760"}],"up":[{"embeddable":true,"href":"https:\/\/hergersweiler.de\/index.php?rest_route=\/wp\/v2\/pages\/37"}],"wp:attachment":[{"href":"https:\/\/hergersweiler.de\/index.php?rest_route=%2Fwp%2Fv2%2Fmedia&parent=41"}],"curies":[{"name":"wp","href":"https:\/\/api.w.org\/{rel}","templated":true}]}}