{"id":398,"date":"2017-01-03T22:16:37","date_gmt":"2017-01-03T21:16:37","guid":{"rendered":"http:\/\/neu.hergersweiler.de\/?page_id=398"},"modified":"2019-06-25T07:33:28","modified_gmt":"2019-06-25T05:33:28","slug":"jugendtreff-hergersweiler","status":"publish","type":"page","link":"https:\/\/hergersweiler.de\/?page_id=398","title":{"rendered":"Jugendtreff"},"content":{"rendered":"<p><span style=\"color: #000099; font-size: x-large;\"><strong>Jugendtreff Hergersweiler<\/strong><\/span><\/p>\n<p><img loading=\"lazy\" decoding=\"async\" class=\"alignleft size-full wp-image-399\" src=\"https:\/\/hergersweiler.de\/wp-content\/uploads\/2017\/01\/2935625.jpg\" alt=\"\" width=\"490\" height=\"367\" srcset=\"https:\/\/hergersweiler.de\/wp-content\/uploads\/2017\/01\/2935625.jpg 490w, https:\/\/hergersweiler.de\/wp-content\/uploads\/2017\/01\/2935625-300x225.jpg 300w, https:\/\/hergersweiler.de\/wp-content\/uploads\/2017\/01\/2935625-200x150.jpg 200w, https:\/\/hergersweiler.de\/wp-content\/uploads\/2017\/01\/2935625-150x112.jpg 150w\" sizes=\"auto, (max-width: 490px) 100vw, 490px\" \/>Jugendtreff Hergersweiler f\u00fcr Jugendliche ab 10 Jahre<\/p>\n<p>\u00d6ffnungszeiten:<br \/>\nJeden Freitag von 18 Uhr bis 20 Uhr f\u00fcr die J\u00fcngeren<\/p>\n<p>&amp;<\/p>\n<p>von 20 Uhr bis 22 Uhr f\u00fcr die \u00e4lteren<br \/>\nau\u00dfer in den Ferien<\/p>\n<p>Ansprechpartner:<br \/>\nOrtsb\u00fcrgermeister Helmut Heib<br \/>\n&nbsp;<br \/>\n<a href=\"https:\/\/hergersweiler.de\/wp-content\/uploads\/2017\/01\/Betreuung_Jugendr2017.pdf\" target=\"_blank\"><img loading=\"lazy\" decoding=\"async\" class=\"aligncenter size-thumbnail wp-image-170\" src=\"https:\/\/hergersweiler.de\/wp-content\/uploads\/2016\/12\/pdf-150x150.jpg\" alt=\"\" width=\"51\" height=\"51\" \/><center>Betreuung 2017 (PDF File 38KB)<\/center><\/a><br \/>\n&nbsp;<br \/>\n<div id=\"grid-gallery-17-91462\" data-gg-id=\"17\" data-title=\"Jugendtreff Hergersweiler\" data-grid-type=\"0\" data-offset=\"7.3\" data-area-position=\"center\" data-icons=\"\" data-preloader=\"true\" data-width=\"215\" data-height=\"215\" data-padding=\"0\" data-quicksand=\"disabled\" data-quicksand-duration=\"none\" data-popup-theme=\"theme_6\" data-popup-type=\"pretty-photo\" data-popup-image-text=\"data-description\" data-popup-widthsize=\"auto\" data-popup-heightsize=\"auto\" data-popup-i18n-words=\"{&quot;close&quot;:&quot;schlie\\u00dfen&quot;,&quot;next&quot;:&quot;n\\u00e4chste&quot;,&quot;previous&quot;:&quot;vorherige&quot;,&quot;start_slideshow&quot;:&quot;Starte Slideshow&quot;,&quot;stop_slideshow&quot;:&quot;Stoppe Slideshow&quot;,&quot;image&quot;:&quot;Bild&quot;,&quot;of&quot;:&quot;von&quot;,&quot;prev&quot;:&quot;vorherige&quot;,&quot;cExpand&quot;:&quot;Erweitere&quot;,&quot;cPrevious&quot;:&quot;Vorheriges&quot;,&quot;cNext&quot;:&quot;N\\u00e4chstes&quot;,&quot;cExpandStr&quot;:&quot;Erweitere Bild&quot;,&quot;cRotate&quot;:&quot;Rotate&quot;,&quot;cDetails&quot;:&quot;Details&quot;}\" data-popup-slideshow=\"true\" data-popup-slideshow-speed=\"2500\" data-popup-hoverstop=\"false\" data-popup-slideshow-auto=\"false\" data-popup-background=\"\" data-popup-transparency=\"30\" data-popup-disable-history=\"\" data-popup-disable-changed-url=\"\" data-popup-border-type=\"\" data-popup-border-color=\"\" data-popup-border-width=\"\" data-popup-border-enable=\"\" data-fullscreen=\"false\" data-hide-tooltip=\"true\" data-caption-font-family=\"Default\" data-caption-text-size=\"140\" data-is-mobile=\"0\" data-caption-mobile=\"false\" data-hide-long-tltp-title=\"0\" data-caption-disabled-on-mobile=\"false\" data-popup-placement-type=\"0\" data-social-sharing=\"{&quot;enabled&quot;:&quot;&quot;,&quot;gallerySharing&quot;:{&quot;enabled&quot;:null,&quot;position&quot;:null},&quot;imageSharing&quot;:{&quot;enabled&quot;:null,&quot;wrapperClass&quot;:&quot; vertical &quot;},&quot;popupSharing&quot;:{&quot;enabled&quot;:null,&quot;wrapperClass&quot;:&quot; vertical &quot;}}\" class=\"grid-gallery grid-gallery-fixed \" style=\" width:100%; height:auto; margin-left:auto; margin-right:auto;position:relative;\"> <div class=\"gallery-loading\"> <div class=\"blocks\"> <div class=\"block\"><\/div> <div class=\"block\"><\/div> <div class=\"block\"><\/div> <div class=\"block\"><\/div> <\/div> <\/div> <div class=\"gallery-sharing-top\" style=\"display:none;\"> <\/div> <div id=\"photos-17\" class=\"grid-gallery-photos\"><FIGURE class=\"grid-gallery-caption\" data-grid-gallery-type=\"center\" data-index=\"0\" style=\"display:none;border-radius:100%;; margin:7.3px; width:2150;\" ><div class=\"crop\" style=\" width:2150; height:2150; overflow:hidden;\"><img decoding=\"async\" src=\"https:\/\/hergersweiler.de\/wp-content\/uploads\/2017\/01\/IMG_1515-215x215.jpg\" class=\"ggImg\" alt=\"IMG_1515\" title=\"IMG_1515\" data-description=\"IMG_1515\" data-caption=\"IMG_1515\" data-title=\"IMG_1515\" style=\" width:215px; height:215px;\" \/><\/div><FIGCAPTION class=\"\" data-alpha=\"10\" style=\"color:#ffffff; background-color:#3498db; font-size:140; text-align:left; font-family:Default;\" ><div class=\"grid-gallery-figcaption-wrap\" style=\"\"><\/div><\/FIGCAPTION><\/FIGURE><FIGURE class=\"grid-gallery-caption\" data-grid-gallery-type=\"center\" data-index=\"1\" style=\"display:none;border-radius:100%;; margin:7.3px; width:2150;\" ><div class=\"crop\" style=\" width:2150; height:2150; overflow:hidden;\"><img decoding=\"async\" src=\"https:\/\/hergersweiler.de\/wp-content\/uploads\/2017\/01\/IMG_1521-215x215.jpg\" class=\"ggImg\" alt=\"IMG_1521\" title=\"IMG_1521\" data-description=\"IMG_1521\" data-caption=\"IMG_1521\" data-title=\"IMG_1521\" style=\" width:215px; height:215px;\" \/><\/div><FIGCAPTION class=\"\" data-alpha=\"10\" style=\"color:#ffffff; background-color:#3498db; font-size:140; text-align:left; font-family:Default;\" ><div class=\"grid-gallery-figcaption-wrap\" style=\"\"><\/div><\/FIGCAPTION><\/FIGURE><FIGURE class=\"grid-gallery-caption\" data-grid-gallery-type=\"center\" data-index=\"2\" style=\"display:none;border-radius:100%;; margin:7.3px; width:2150;\" ><div class=\"crop\" style=\" width:2150; height:2150; overflow:hidden;\"><img decoding=\"async\" src=\"https:\/\/hergersweiler.de\/wp-content\/uploads\/2017\/01\/2935175-215x215.jpg\" class=\"ggImg\" alt=\"2935175\" title=\"2935175\" data-description=\"2935175\" data-caption=\"2935175\" data-title=\"2935175\" style=\" width:215px; height:215px;\" \/><\/div><FIGCAPTION class=\"\" data-alpha=\"10\" style=\"color:#ffffff; background-color:#3498db; font-size:140; text-align:left; font-family:Default;\" ><div class=\"grid-gallery-figcaption-wrap\" style=\"\"><\/div><\/FIGCAPTION><\/FIGURE> <div class=\"grid-gallery-clearfix\"><\/div> <\/div> <div class=\"gallery-sharing-bottom\" style=\"display:none;\"> <\/div> <div class=\"gallery-sharing-image\" style=\"display:none;\"> <\/div> <div class=\"gallery-sharing-popup\" style=\"display:none;\"> <\/div> <div class=\"grid-gallery-clearfix\"><\/div> <\/div> <!-- Gallery by Supsystic plugin1.15.33 --><a title=\"Gallery Wordpress\" style=\"display:none;\" href=\"https:\/\/supsystic.com\/plugins\/photo-gallery\/?utm_medium=love_link\" target=\"_blank\">Gallery Wordpress<\/a><br \/>\n&nbsp;<br \/>\n&nbsp;<\/p>\n","protected":false},"excerpt":{"rendered":"<p>Jugendtreff Hergersweiler Jugendtreff Hergersweiler f\u00fcr Jugendliche ab 10 Jahre \u00d6ffnungszeiten: Jeden Freitag von 18 Uhr bis 20 Uhr f\u00fcr die J\u00fcngeren &amp; von 20 Uhr bis 22 Uhr f\u00fcr die \u00e4lteren au\u00dfer in den Ferien Ansprechpartner: Ortsb\u00fcrgermeister Helmut Heib &nbsp; Betreuung 2017 (PDF File 38KB) &nbsp; &nbsp; &nbsp;<\/p>\n<p> <a class=\"continue-reading-link\" href=\"https:\/\/hergersweiler.de\/?page_id=398\"><span>Continue reading<\/span><i class=\"crycon-right-dir\"><\/i><\/a> <\/p>\n","protected":false},"author":1,"featured_media":0,"parent":370,"menu_order":2,"comment_status":"closed","ping_status":"closed","template":"","meta":{"ngg_post_thumbnail":0,"_mc_calendar":[],"footnotes":""},"class_list":["post-398","page","type-page","status-publish","hentry"],"yoast_head":"<!-- This site is optimized with the Yoast SEO plugin v27.4 - https:\/\/yoast.com\/product\/yoast-seo-wordpress\/ -->\n<title>Jugendtreff - Gemeinde Hergersweiler<\/title>\n<meta name=\"robots\" content=\"index, follow, max-snippet:-1, max-image-preview:large, max-video-preview:-1\" \/>\n<link rel=\"canonical\" href=\"https:\/\/hergersweiler.de\/?page_id=398\" \/>\n<meta property=\"og:locale\" content=\"de_DE\" \/>\n<meta property=\"og:type\" content=\"article\" \/>\n<meta property=\"og:title\" content=\"Jugendtreff - Gemeinde Hergersweiler\" \/>\n<meta property=\"og:description\" content=\"Jugendtreff Hergersweiler Jugendtreff Hergersweiler f\u00fcr Jugendliche ab 10 Jahre \u00d6ffnungszeiten: Jeden Freitag von 18 Uhr bis 20 Uhr f\u00fcr die J\u00fcngeren &amp; von 20 Uhr bis 22 Uhr f\u00fcr die \u00e4lteren au\u00dfer in den Ferien Ansprechpartner: Ortsb\u00fcrgermeister Helmut Heib &nbsp; Betreuung 2017 (PDF File 38KB) &nbsp; &nbsp; &nbsp; Continue reading\" \/>\n<meta property=\"og:url\" content=\"https:\/\/hergersweiler.de\/?page_id=398\" \/>\n<meta property=\"og:site_name\" content=\"Gemeinde Hergersweiler\" \/>\n<meta property=\"article:modified_time\" content=\"2019-06-25T05:33:28+00:00\" \/>\n<meta property=\"og:image\" content=\"https:\/\/hergersweiler.de\/wp-content\/uploads\/2017\/01\/2935625.jpg\" \/>\n<meta name=\"twitter:card\" content=\"summary_large_image\" \/>\n<meta name=\"twitter:site\" content=\"@hergersweiler2\" \/>\n<script type=\"application\/ld+json\" class=\"yoast-schema-graph\">{\"@context\":\"https:\\\/\\\/schema.org\",\"@graph\":[{\"@type\":\"WebPage\",\"@id\":\"https:\\\/\\\/hergersweiler.de\\\/?page_id=398\",\"url\":\"https:\\\/\\\/hergersweiler.de\\\/?page_id=398\",\"name\":\"Jugendtreff - Gemeinde Hergersweiler\",\"isPartOf\":{\"@id\":\"https:\\\/\\\/hergersweiler.de\\\/#website\"},\"primaryImageOfPage\":{\"@id\":\"https:\\\/\\\/hergersweiler.de\\\/?page_id=398#primaryimage\"},\"image\":{\"@id\":\"https:\\\/\\\/hergersweiler.de\\\/?page_id=398#primaryimage\"},\"thumbnailUrl\":\"https:\\\/\\\/hergersweiler.de\\\/wp-content\\\/uploads\\\/2017\\\/01\\\/2935625.jpg\",\"datePublished\":\"2017-01-03T21:16:37+00:00\",\"dateModified\":\"2019-06-25T05:33:28+00:00\",\"breadcrumb\":{\"@id\":\"https:\\\/\\\/hergersweiler.de\\\/?page_id=398#breadcrumb\"},\"inLanguage\":\"de\",\"potentialAction\":[{\"@type\":\"ReadAction\",\"target\":[\"https:\\\/\\\/hergersweiler.de\\\/?page_id=398\"]}]},{\"@type\":\"ImageObject\",\"inLanguage\":\"de\",\"@id\":\"https:\\\/\\\/hergersweiler.de\\\/?page_id=398#primaryimage\",\"url\":\"https:\\\/\\\/hergersweiler.de\\\/wp-content\\\/uploads\\\/2017\\\/01\\\/2935625.jpg\",\"contentUrl\":\"https:\\\/\\\/hergersweiler.de\\\/wp-content\\\/uploads\\\/2017\\\/01\\\/2935625.jpg\",\"width\":490,\"height\":367},{\"@type\":\"BreadcrumbList\",\"@id\":\"https:\\\/\\\/hergersweiler.de\\\/?page_id=398#breadcrumb\",\"itemListElement\":[{\"@type\":\"ListItem\",\"position\":1,\"name\":\"Startseite\",\"item\":\"https:\\\/\\\/hergersweiler.de\\\/\"},{\"@type\":\"ListItem\",\"position\":2,\"name\":\"Touristik &#038; Freizeit\",\"item\":\"https:\\\/\\\/hergersweiler.de\\\/?page_id=110\"},{\"@type\":\"ListItem\",\"position\":3,\"name\":\"Einrichtungen\",\"item\":\"https:\\\/\\\/hergersweiler.de\\\/?page_id=370\"},{\"@type\":\"ListItem\",\"position\":4,\"name\":\"Jugendtreff\"}]},{\"@type\":\"WebSite\",\"@id\":\"https:\\\/\\\/hergersweiler.de\\\/#website\",\"url\":\"https:\\\/\\\/hergersweiler.de\\\/\",\"name\":\"Gemeinde Hergersweiler\",\"description\":\"\",\"potentialAction\":[{\"@type\":\"SearchAction\",\"target\":{\"@type\":\"EntryPoint\",\"urlTemplate\":\"https:\\\/\\\/hergersweiler.de\\\/?s={search_term_string}\"},\"query-input\":{\"@type\":\"PropertyValueSpecification\",\"valueRequired\":true,\"valueName\":\"search_term_string\"}}],\"inLanguage\":\"de\"}]}<\/script>\n<!-- \/ Yoast SEO plugin. -->","yoast_head_json":{"title":"Jugendtreff - Gemeinde Hergersweiler","robots":{"index":"index","follow":"follow","max-snippet":"max-snippet:-1","max-image-preview":"max-image-preview:large","max-video-preview":"max-video-preview:-1"},"canonical":"https:\/\/hergersweiler.de\/?page_id=398","og_locale":"de_DE","og_type":"article","og_title":"Jugendtreff - Gemeinde Hergersweiler","og_description":"Jugendtreff Hergersweiler Jugendtreff Hergersweiler f\u00fcr Jugendliche ab 10 Jahre \u00d6ffnungszeiten: Jeden Freitag von 18 Uhr bis 20 Uhr f\u00fcr die J\u00fcngeren &amp; von 20 Uhr bis 22 Uhr f\u00fcr die \u00e4lteren au\u00dfer in den Ferien Ansprechpartner: Ortsb\u00fcrgermeister Helmut Heib &nbsp; Betreuung 2017 (PDF File 38KB) &nbsp; &nbsp; &nbsp; Continue reading","og_url":"https:\/\/hergersweiler.de\/?page_id=398","og_site_name":"Gemeinde Hergersweiler","article_modified_time":"2019-06-25T05:33:28+00:00","og_image":[{"url":"https:\/\/hergersweiler.de\/wp-content\/uploads\/2017\/01\/2935625.jpg","type":"","width":"","height":""}],"twitter_card":"summary_large_image","twitter_site":"@hergersweiler2","schema":{"@context":"https:\/\/schema.org","@graph":[{"@type":"WebPage","@id":"https:\/\/hergersweiler.de\/?page_id=398","url":"https:\/\/hergersweiler.de\/?page_id=398","name":"Jugendtreff - Gemeinde Hergersweiler","isPartOf":{"@id":"https:\/\/hergersweiler.de\/#website"},"primaryImageOfPage":{"@id":"https:\/\/hergersweiler.de\/?page_id=398#primaryimage"},"image":{"@id":"https:\/\/hergersweiler.de\/?page_id=398#primaryimage"},"thumbnailUrl":"https:\/\/hergersweiler.de\/wp-content\/uploads\/2017\/01\/2935625.jpg","datePublished":"2017-01-03T21:16:37+00:00","dateModified":"2019-06-25T05:33:28+00:00","breadcrumb":{"@id":"https:\/\/hergersweiler.de\/?page_id=398#breadcrumb"},"inLanguage":"de","potentialAction":[{"@type":"ReadAction","target":["https:\/\/hergersweiler.de\/?page_id=398"]}]},{"@type":"ImageObject","inLanguage":"de","@id":"https:\/\/hergersweiler.de\/?page_id=398#primaryimage","url":"https:\/\/hergersweiler.de\/wp-content\/uploads\/2017\/01\/2935625.jpg","contentUrl":"https:\/\/hergersweiler.de\/wp-content\/uploads\/2017\/01\/2935625.jpg","width":490,"height":367},{"@type":"BreadcrumbList","@id":"https:\/\/hergersweiler.de\/?page_id=398#breadcrumb","itemListElement":[{"@type":"ListItem","position":1,"name":"Startseite","item":"https:\/\/hergersweiler.de\/"},{"@type":"ListItem","position":2,"name":"Touristik &#038; Freizeit","item":"https:\/\/hergersweiler.de\/?page_id=110"},{"@type":"ListItem","position":3,"name":"Einrichtungen","item":"https:\/\/hergersweiler.de\/?page_id=370"},{"@type":"ListItem","position":4,"name":"Jugendtreff"}]},{"@type":"WebSite","@id":"https:\/\/hergersweiler.de\/#website","url":"https:\/\/hergersweiler.de\/","name":"Gemeinde Hergersweiler","description":"","potentialAction":[{"@type":"SearchAction","target":{"@type":"EntryPoint","urlTemplate":"https:\/\/hergersweiler.de\/?s={search_term_string}"},"query-input":{"@type":"PropertyValueSpecification","valueRequired":true,"valueName":"search_term_string"}}],"inLanguage":"de"}]}},"jetpack_sharing_enabled":true,"_links":{"self":[{"href":"https:\/\/hergersweiler.de\/index.php?rest_route=\/wp\/v2\/pages\/398","targetHints":{"allow":["GET"]}}],"collection":[{"href":"https:\/\/hergersweiler.de\/index.php?rest_route=\/wp\/v2\/pages"}],"about":[{"href":"https:\/\/hergersweiler.de\/index.php?rest_route=\/wp\/v2\/types\/page"}],"author":[{"embeddable":true,"href":"https:\/\/hergersweiler.de\/index.php?rest_route=\/wp\/v2\/users\/1"}],"replies":[{"embeddable":true,"href":"https:\/\/hergersweiler.de\/index.php?rest_route=%2Fwp%2Fv2%2Fcomments&post=398"}],"version-history":[{"count":1,"href":"https:\/\/hergersweiler.de\/index.php?rest_route=\/wp\/v2\/pages\/398\/revisions"}],"predecessor-version":[{"id":1443,"href":"https:\/\/hergersweiler.de\/index.php?rest_route=\/wp\/v2\/pages\/398\/revisions\/1443"}],"up":[{"embeddable":true,"href":"https:\/\/hergersweiler.de\/index.php?rest_route=\/wp\/v2\/pages\/370"}],"wp:attachment":[{"href":"https:\/\/hergersweiler.de\/index.php?rest_route=%2Fwp%2Fv2%2Fmedia&parent=398"}],"curies":[{"name":"wp","href":"https:\/\/api.w.org\/{rel}","templated":true}]}}