{"id":382,"date":"2017-01-03T21:42:09","date_gmt":"2017-01-03T20:42:09","guid":{"rendered":"http:\/\/neu.hergersweiler.de\/?page_id=382"},"modified":"2017-01-05T10:45:20","modified_gmt":"2017-01-05T09:45:20","slug":"vogelsanghuette","status":"publish","type":"page","link":"https:\/\/hergersweiler.de\/?page_id=382","title":{"rendered":"Vogelsangh\u00fctte"},"content":{"rendered":"<p>&nbsp;<br \/>\n<font color=\"#000099\" size=\"5\"><strong>Vogelsangh\u00fctte<\/strong><\/font><\/p>\n<p>\n<img loading=\"lazy\" decoding=\"async\" src=\"https:\/\/hergersweiler.de\/wp-content\/uploads\/2017\/01\/2881578.jpg\" alt=\"\" width=\"800\" height=\"403\" class=\"aligncenter size-full wp-image-384\" srcset=\"https:\/\/hergersweiler.de\/wp-content\/uploads\/2017\/01\/2881578.jpg 800w, https:\/\/hergersweiler.de\/wp-content\/uploads\/2017\/01\/2881578-300x151.jpg 300w, https:\/\/hergersweiler.de\/wp-content\/uploads\/2017\/01\/2881578-768x387.jpg 768w, https:\/\/hergersweiler.de\/wp-content\/uploads\/2017\/01\/2881578-250x126.jpg 250w, https:\/\/hergersweiler.de\/wp-content\/uploads\/2017\/01\/2881578-150x76.jpg 150w\" sizes=\"auto, (max-width: 800px) 100vw, 800px\" \/><br \/>\n&nbsp;<\/p>\n<hr>\n<p>&nbsp;<br \/>\n<font color=\"#000099\" size=\"5\"><strong>Gottesdienst im Freien<\/strong><\/font><\/p>\n<p>\n<img loading=\"lazy\" decoding=\"async\" src=\"https:\/\/hergersweiler.de\/wp-content\/uploads\/2017\/01\/P1020449-225x300.jpg\" alt=\"\" width=\"225\" height=\"300\" class=\"alignnone size-medium wp-image-388\" srcset=\"https:\/\/hergersweiler.de\/wp-content\/uploads\/2017\/01\/P1020449-225x300.jpg 225w, https:\/\/hergersweiler.de\/wp-content\/uploads\/2017\/01\/P1020449-768x1024.jpg 768w, https:\/\/hergersweiler.de\/wp-content\/uploads\/2017\/01\/P1020449-113x150.jpg 113w, https:\/\/hergersweiler.de\/wp-content\/uploads\/2017\/01\/P1020449.jpg 1920w\" sizes=\"auto, (max-width: 225px) 100vw, 225px\" \/> <img loading=\"lazy\" decoding=\"async\" src=\"https:\/\/hergersweiler.de\/wp-content\/uploads\/2017\/01\/IMG_0080-300x225.jpg\" alt=\"\" width=\"300\" height=\"225\" class=\"alignnone size-medium wp-image-389\" srcset=\"https:\/\/hergersweiler.de\/wp-content\/uploads\/2017\/01\/IMG_0080-300x225.jpg 300w, https:\/\/hergersweiler.de\/wp-content\/uploads\/2017\/01\/IMG_0080-768x576.jpg 768w, https:\/\/hergersweiler.de\/wp-content\/uploads\/2017\/01\/IMG_0080-1024x768.jpg 1024w, https:\/\/hergersweiler.de\/wp-content\/uploads\/2017\/01\/IMG_0080-200x150.jpg 200w, https:\/\/hergersweiler.de\/wp-content\/uploads\/2017\/01\/IMG_0080-150x113.jpg 150w, https:\/\/hergersweiler.de\/wp-content\/uploads\/2017\/01\/IMG_0080.jpg 1600w\" sizes=\"auto, (max-width: 300px) 100vw, 300px\" \/> <img loading=\"lazy\" decoding=\"async\" src=\"https:\/\/hergersweiler.de\/wp-content\/uploads\/2017\/01\/IMG_2720-225x300.jpg\" alt=\"\" width=\"225\" height=\"300\" class=\"alignnone size-medium wp-image-390\" srcset=\"https:\/\/hergersweiler.de\/wp-content\/uploads\/2017\/01\/IMG_2720-225x300.jpg 225w, https:\/\/hergersweiler.de\/wp-content\/uploads\/2017\/01\/IMG_2720-768x1024.jpg 768w, https:\/\/hergersweiler.de\/wp-content\/uploads\/2017\/01\/IMG_2720-113x150.jpg 113w\" sizes=\"auto, (max-width: 225px) 100vw, 225px\" \/><br \/>\n&nbsp;<\/p>\n<hr>\n<p>&nbsp;<br \/>\n<font color=\"#000099\" size=\"5\"><strong>Grillplatz<\/strong><\/font><\/p>\n<p>\n<img loading=\"lazy\" decoding=\"async\" src=\"https:\/\/hergersweiler.de\/wp-content\/uploads\/2017\/01\/2882682-300x293.jpg\" alt=\"\" width=\"300\" height=\"293\" class=\"aligncenter size-medium wp-image-391\" srcset=\"https:\/\/hergersweiler.de\/wp-content\/uploads\/2017\/01\/2882682-300x293.jpg 300w, https:\/\/hergersweiler.de\/wp-content\/uploads\/2017\/01\/2882682-154x150.jpg 154w, https:\/\/hergersweiler.de\/wp-content\/uploads\/2017\/01\/2882682-150x147.jpg 150w, https:\/\/hergersweiler.de\/wp-content\/uploads\/2017\/01\/2882682.jpg 394w\" sizes=\"auto, (max-width: 300px) 100vw, 300px\" \/><br \/>\n&nbsp;<\/p>\n<hr>\n<p>&nbsp;<br \/>\n<a href=\"https:\/\/hergersweiler.de\/wp-content\/uploads\/2017\/01\/H\u00fcttenvermietung.pdf\" target=\"_blank\"><img loading=\"lazy\" decoding=\"async\" src=\"https:\/\/hergersweiler.de\/wp-content\/uploads\/2016\/12\/pdf-e1483479681205.jpg\" alt=\"\" width=\"51\" height=\"52\" class=\"aligncenter size-full wp-image-170\" \/><\/p>\n<p><center>H\u00fcttenvermietung (PDF File 146KB)<\/center><\/a><br \/>\n&nbsp;<br \/>\n&nbsp;<\/p>\n","protected":false},"excerpt":{"rendered":"<p>&nbsp; Vogelsangh\u00fctte &nbsp; &nbsp; Gottesdienst im Freien &nbsp; &nbsp; Grillplatz &nbsp; &nbsp; H\u00fcttenvermietung (PDF File 146KB) &nbsp; &nbsp;<\/p>\n<p> <a class=\"continue-reading-link\" href=\"https:\/\/hergersweiler.de\/?page_id=382\"><span>Continue reading<\/span><i class=\"crycon-right-dir\"><\/i><\/a> <\/p>\n","protected":false},"author":1,"featured_media":0,"parent":370,"menu_order":1,"comment_status":"closed","ping_status":"closed","template":"","meta":{"ngg_post_thumbnail":0,"_mc_calendar":[],"footnotes":""},"class_list":["post-382","page","type-page","status-publish","hentry"],"yoast_head":"<!-- This site is optimized with the Yoast SEO plugin v27.5 - https:\/\/yoast.com\/product\/yoast-seo-wordpress\/ -->\n<title>Vogelsangh\u00fctte - Gemeinde Hergersweiler<\/title>\n<meta name=\"robots\" content=\"index, follow, max-snippet:-1, max-image-preview:large, max-video-preview:-1\" \/>\n<link rel=\"canonical\" href=\"https:\/\/hergersweiler.de\/?page_id=382\" \/>\n<meta property=\"og:locale\" content=\"de_DE\" \/>\n<meta property=\"og:type\" content=\"article\" \/>\n<meta property=\"og:title\" content=\"Vogelsangh\u00fctte - Gemeinde Hergersweiler\" \/>\n<meta property=\"og:description\" content=\"&nbsp; Vogelsangh\u00fctte &nbsp; &nbsp; Gottesdienst im Freien &nbsp; &nbsp; Grillplatz &nbsp; &nbsp; H\u00fcttenvermietung (PDF File 146KB) &nbsp; &nbsp; Continue reading\" \/>\n<meta property=\"og:url\" content=\"https:\/\/hergersweiler.de\/?page_id=382\" \/>\n<meta property=\"og:site_name\" content=\"Gemeinde Hergersweiler\" \/>\n<meta property=\"article:modified_time\" content=\"2017-01-05T09:45:20+00:00\" \/>\n<meta property=\"og:image\" content=\"https:\/\/hergersweiler.de\/wp-content\/uploads\/2017\/01\/2881578.jpg\" \/>\n<meta name=\"twitter:card\" content=\"summary_large_image\" \/>\n<meta name=\"twitter:site\" content=\"@hergersweiler2\" \/>\n<script type=\"application\/ld+json\" class=\"yoast-schema-graph\">{\"@context\":\"https:\\\/\\\/schema.org\",\"@graph\":[{\"@type\":\"WebPage\",\"@id\":\"https:\\\/\\\/hergersweiler.de\\\/?page_id=382\",\"url\":\"https:\\\/\\\/hergersweiler.de\\\/?page_id=382\",\"name\":\"Vogelsangh\u00fctte - Gemeinde Hergersweiler\",\"isPartOf\":{\"@id\":\"https:\\\/\\\/hergersweiler.de\\\/#website\"},\"primaryImageOfPage\":{\"@id\":\"https:\\\/\\\/hergersweiler.de\\\/?page_id=382#primaryimage\"},\"image\":{\"@id\":\"https:\\\/\\\/hergersweiler.de\\\/?page_id=382#primaryimage\"},\"thumbnailUrl\":\"https:\\\/\\\/hergersweiler.de\\\/wp-content\\\/uploads\\\/2017\\\/01\\\/2881578.jpg\",\"datePublished\":\"2017-01-03T20:42:09+00:00\",\"dateModified\":\"2017-01-05T09:45:20+00:00\",\"breadcrumb\":{\"@id\":\"https:\\\/\\\/hergersweiler.de\\\/?page_id=382#breadcrumb\"},\"inLanguage\":\"de\",\"potentialAction\":[{\"@type\":\"ReadAction\",\"target\":[\"https:\\\/\\\/hergersweiler.de\\\/?page_id=382\"]}]},{\"@type\":\"ImageObject\",\"inLanguage\":\"de\",\"@id\":\"https:\\\/\\\/hergersweiler.de\\\/?page_id=382#primaryimage\",\"url\":\"https:\\\/\\\/hergersweiler.de\\\/wp-content\\\/uploads\\\/2017\\\/01\\\/2881578.jpg\",\"contentUrl\":\"https:\\\/\\\/hergersweiler.de\\\/wp-content\\\/uploads\\\/2017\\\/01\\\/2881578.jpg\",\"width\":800,\"height\":403},{\"@type\":\"BreadcrumbList\",\"@id\":\"https:\\\/\\\/hergersweiler.de\\\/?page_id=382#breadcrumb\",\"itemListElement\":[{\"@type\":\"ListItem\",\"position\":1,\"name\":\"Startseite\",\"item\":\"https:\\\/\\\/hergersweiler.de\\\/\"},{\"@type\":\"ListItem\",\"position\":2,\"name\":\"Touristik &#038; Freizeit\",\"item\":\"https:\\\/\\\/hergersweiler.de\\\/?page_id=110\"},{\"@type\":\"ListItem\",\"position\":3,\"name\":\"Einrichtungen\",\"item\":\"https:\\\/\\\/hergersweiler.de\\\/?page_id=370\"},{\"@type\":\"ListItem\",\"position\":4,\"name\":\"Vogelsangh\u00fctte\"}]},{\"@type\":\"WebSite\",\"@id\":\"https:\\\/\\\/hergersweiler.de\\\/#website\",\"url\":\"https:\\\/\\\/hergersweiler.de\\\/\",\"name\":\"Gemeinde Hergersweiler\",\"description\":\"\",\"potentialAction\":[{\"@type\":\"SearchAction\",\"target\":{\"@type\":\"EntryPoint\",\"urlTemplate\":\"https:\\\/\\\/hergersweiler.de\\\/?s={search_term_string}\"},\"query-input\":{\"@type\":\"PropertyValueSpecification\",\"valueRequired\":true,\"valueName\":\"search_term_string\"}}],\"inLanguage\":\"de\"}]}<\/script>\n<!-- \/ Yoast SEO plugin. -->","yoast_head_json":{"title":"Vogelsangh\u00fctte - Gemeinde Hergersweiler","robots":{"index":"index","follow":"follow","max-snippet":"max-snippet:-1","max-image-preview":"max-image-preview:large","max-video-preview":"max-video-preview:-1"},"canonical":"https:\/\/hergersweiler.de\/?page_id=382","og_locale":"de_DE","og_type":"article","og_title":"Vogelsangh\u00fctte - Gemeinde Hergersweiler","og_description":"&nbsp; Vogelsangh\u00fctte &nbsp; &nbsp; Gottesdienst im Freien &nbsp; &nbsp; Grillplatz &nbsp; &nbsp; H\u00fcttenvermietung (PDF File 146KB) &nbsp; &nbsp; Continue reading","og_url":"https:\/\/hergersweiler.de\/?page_id=382","og_site_name":"Gemeinde Hergersweiler","article_modified_time":"2017-01-05T09:45:20+00:00","og_image":[{"url":"https:\/\/hergersweiler.de\/wp-content\/uploads\/2017\/01\/2881578.jpg","type":"","width":"","height":""}],"twitter_card":"summary_large_image","twitter_site":"@hergersweiler2","schema":{"@context":"https:\/\/schema.org","@graph":[{"@type":"WebPage","@id":"https:\/\/hergersweiler.de\/?page_id=382","url":"https:\/\/hergersweiler.de\/?page_id=382","name":"Vogelsangh\u00fctte - Gemeinde Hergersweiler","isPartOf":{"@id":"https:\/\/hergersweiler.de\/#website"},"primaryImageOfPage":{"@id":"https:\/\/hergersweiler.de\/?page_id=382#primaryimage"},"image":{"@id":"https:\/\/hergersweiler.de\/?page_id=382#primaryimage"},"thumbnailUrl":"https:\/\/hergersweiler.de\/wp-content\/uploads\/2017\/01\/2881578.jpg","datePublished":"2017-01-03T20:42:09+00:00","dateModified":"2017-01-05T09:45:20+00:00","breadcrumb":{"@id":"https:\/\/hergersweiler.de\/?page_id=382#breadcrumb"},"inLanguage":"de","potentialAction":[{"@type":"ReadAction","target":["https:\/\/hergersweiler.de\/?page_id=382"]}]},{"@type":"ImageObject","inLanguage":"de","@id":"https:\/\/hergersweiler.de\/?page_id=382#primaryimage","url":"https:\/\/hergersweiler.de\/wp-content\/uploads\/2017\/01\/2881578.jpg","contentUrl":"https:\/\/hergersweiler.de\/wp-content\/uploads\/2017\/01\/2881578.jpg","width":800,"height":403},{"@type":"BreadcrumbList","@id":"https:\/\/hergersweiler.de\/?page_id=382#breadcrumb","itemListElement":[{"@type":"ListItem","position":1,"name":"Startseite","item":"https:\/\/hergersweiler.de\/"},{"@type":"ListItem","position":2,"name":"Touristik &#038; Freizeit","item":"https:\/\/hergersweiler.de\/?page_id=110"},{"@type":"ListItem","position":3,"name":"Einrichtungen","item":"https:\/\/hergersweiler.de\/?page_id=370"},{"@type":"ListItem","position":4,"name":"Vogelsangh\u00fctte"}]},{"@type":"WebSite","@id":"https:\/\/hergersweiler.de\/#website","url":"https:\/\/hergersweiler.de\/","name":"Gemeinde Hergersweiler","description":"","potentialAction":[{"@type":"SearchAction","target":{"@type":"EntryPoint","urlTemplate":"https:\/\/hergersweiler.de\/?s={search_term_string}"},"query-input":{"@type":"PropertyValueSpecification","valueRequired":true,"valueName":"search_term_string"}}],"inLanguage":"de"}]}},"jetpack_sharing_enabled":true,"_links":{"self":[{"href":"https:\/\/hergersweiler.de\/index.php?rest_route=\/wp\/v2\/pages\/382","targetHints":{"allow":["GET"]}}],"collection":[{"href":"https:\/\/hergersweiler.de\/index.php?rest_route=\/wp\/v2\/pages"}],"about":[{"href":"https:\/\/hergersweiler.de\/index.php?rest_route=\/wp\/v2\/types\/page"}],"author":[{"embeddable":true,"href":"https:\/\/hergersweiler.de\/index.php?rest_route=\/wp\/v2\/users\/1"}],"replies":[{"embeddable":true,"href":"https:\/\/hergersweiler.de\/index.php?rest_route=%2Fwp%2Fv2%2Fcomments&post=382"}],"version-history":[{"count":0,"href":"https:\/\/hergersweiler.de\/index.php?rest_route=\/wp\/v2\/pages\/382\/revisions"}],"up":[{"embeddable":true,"href":"https:\/\/hergersweiler.de\/index.php?rest_route=\/wp\/v2\/pages\/370"}],"wp:attachment":[{"href":"https:\/\/hergersweiler.de\/index.php?rest_route=%2Fwp%2Fv2%2Fmedia&parent=382"}],"curies":[{"name":"wp","href":"https:\/\/api.w.org\/{rel}","templated":true}]}}