{"id":370,"date":"2017-01-01T22:18:49","date_gmt":"2017-01-01T21:18:49","guid":{"rendered":"http:\/\/neu.hergersweiler.de\/?page_id=370"},"modified":"2019-06-25T07:34:32","modified_gmt":"2019-06-25T05:34:32","slug":"einrichtungen","status":"publish","type":"page","link":"https:\/\/hergersweiler.de\/?page_id=370","title":{"rendered":"Einrichtungen"},"content":{"rendered":"<p><span style=\"color: #000099; font-size: x-large;\"><br \/>\n<strong>B\u00fcrgerhaus<\/strong><\/span><br \/>\n<img loading=\"lazy\" decoding=\"async\" class=\"aligncenter size-medium wp-image-371\" src=\"https:\/\/hergersweiler.de\/wp-content\/uploads\/2017\/01\/2886447-300x254.jpg\" alt=\"\" width=\"300\" height=\"254\" srcset=\"https:\/\/hergersweiler.de\/wp-content\/uploads\/2017\/01\/2886447-300x254.jpg 300w, https:\/\/hergersweiler.de\/wp-content\/uploads\/2017\/01\/2886447-177x150.jpg 177w, https:\/\/hergersweiler.de\/wp-content\/uploads\/2017\/01\/2886447-150x127.jpg 150w, https:\/\/hergersweiler.de\/wp-content\/uploads\/2017\/01\/2886447.jpg 558w\" sizes=\"auto, (max-width: 300px) 100vw, 300px\" \/><\/p>\n<p><img loading=\"lazy\" decoding=\"async\" class=\"alignleft size-medium wp-image-372\" src=\"https:\/\/hergersweiler.de\/wp-content\/uploads\/2017\/01\/2907368-300x226.png\" alt=\"\" width=\"300\" height=\"226\" srcset=\"https:\/\/hergersweiler.de\/wp-content\/uploads\/2017\/01\/2907368-300x226.png 300w, https:\/\/hergersweiler.de\/wp-content\/uploads\/2017\/01\/2907368-199x150.png 199w, https:\/\/hergersweiler.de\/wp-content\/uploads\/2017\/01\/2907368-150x113.png 150w, https:\/\/hergersweiler.de\/wp-content\/uploads\/2017\/01\/2907368.png 461w\" sizes=\"auto, (max-width: 300px) 100vw, 300px\" \/><br \/>\nErbaut wurde es 1838 bis 1840 als einst\u00f6ckiges Geb\u00e4ude.<\/p>\n<p>Aufgestockt wurde es in den 20er Jahren.<br \/>\nDie Schule wurde in den 30er Jahren geschlossen.<\/p>\n<p>Erneute kurze Aufnahme des Schulbetriebes nach dem 1. Weltkrieg.<\/p>\n<p>Sitz des Gemeindeb\u00fcros.<\/p>\n<p>Seit 2005 wird das Geb\u00e4ude als B\u00fcrgerhaus genutzt.<\/p>\n<p>Ansprechpartner: Ortsb\u00fcrgermeister Helmut Heib<\/p>\n<p>&nbsp;<\/p>\n<p><a href=\"https:\/\/hergersweiler.de\/wp-content\/uploads\/2017\/01\/Nutzungsordnung-B\u00fcrgerhaus-Hergersweiler.pdf\" target=\"_blank\"><img loading=\"lazy\" decoding=\"async\" class=\"aligncenter size-thumbnail wp-image-170\" src=\"https:\/\/hergersweiler.de\/wp-content\/uploads\/2016\/12\/pdf-150x150.jpg\" alt=\"\" width=\"51\" height=\"51\" \/><center>Nutzungsordnung B\u00fcrgerhaus Hergersweiler (PDF File 30KB)<\/center><br \/>\n<\/a><br \/>\n&nbsp;<br \/>\n&nbsp;<\/p>\n","protected":false},"excerpt":{"rendered":"<p>B\u00fcrgerhaus Erbaut wurde es 1838 bis 1840 als einst\u00f6ckiges Geb\u00e4ude. Aufgestockt wurde es in den 20er Jahren. Die Schule wurde in den 30er Jahren geschlossen. Erneute kurze Aufnahme des Schulbetriebes nach dem 1. Weltkrieg. Sitz des Gemeindeb\u00fcros. Seit 2005 wird das Geb\u00e4ude als B\u00fcrgerhaus genutzt. Ansprechpartner: Ortsb\u00fcrgermeister Helmut Heib &nbsp;\u2026<\/p>\n<p> <a class=\"continue-reading-link\" href=\"https:\/\/hergersweiler.de\/?page_id=370\"><span>Continue reading<\/span><i class=\"crycon-right-dir\"><\/i><\/a> <\/p>\n","protected":false},"author":1,"featured_media":0,"parent":110,"menu_order":1,"comment_status":"closed","ping_status":"closed","template":"","meta":{"ngg_post_thumbnail":0,"_mc_calendar":[],"footnotes":""},"class_list":["post-370","page","type-page","status-publish","hentry"],"yoast_head":"<!-- This site is optimized with the Yoast SEO plugin v27.4 - https:\/\/yoast.com\/product\/yoast-seo-wordpress\/ -->\n<title>Einrichtungen - Gemeinde Hergersweiler<\/title>\n<meta name=\"robots\" content=\"index, follow, max-snippet:-1, max-image-preview:large, max-video-preview:-1\" \/>\n<link rel=\"canonical\" href=\"https:\/\/hergersweiler.de\/?page_id=370\" \/>\n<meta property=\"og:locale\" content=\"de_DE\" \/>\n<meta property=\"og:type\" content=\"article\" \/>\n<meta property=\"og:title\" content=\"Einrichtungen - Gemeinde Hergersweiler\" \/>\n<meta property=\"og:description\" content=\"B\u00fcrgerhaus Erbaut wurde es 1838 bis 1840 als einst\u00f6ckiges Geb\u00e4ude. Aufgestockt wurde es in den 20er Jahren. Die Schule wurde in den 30er Jahren geschlossen. Erneute kurze Aufnahme des Schulbetriebes nach dem 1. Weltkrieg. Sitz des Gemeindeb\u00fcros. Seit 2005 wird das Geb\u00e4ude als B\u00fcrgerhaus genutzt. Ansprechpartner: Ortsb\u00fcrgermeister Helmut Heib &nbsp;\u2026 Continue reading\" \/>\n<meta property=\"og:url\" content=\"https:\/\/hergersweiler.de\/?page_id=370\" \/>\n<meta property=\"og:site_name\" content=\"Gemeinde Hergersweiler\" \/>\n<meta property=\"article:modified_time\" content=\"2019-06-25T05:34:32+00:00\" \/>\n<meta property=\"og:image\" content=\"https:\/\/hergersweiler.de\/wp-content\/uploads\/2017\/01\/2886447-300x254.jpg\" \/>\n<meta name=\"twitter:card\" content=\"summary_large_image\" \/>\n<meta name=\"twitter:site\" content=\"@hergersweiler2\" \/>\n<script type=\"application\/ld+json\" class=\"yoast-schema-graph\">{\"@context\":\"https:\\\/\\\/schema.org\",\"@graph\":[{\"@type\":\"WebPage\",\"@id\":\"https:\\\/\\\/hergersweiler.de\\\/?page_id=370\",\"url\":\"https:\\\/\\\/hergersweiler.de\\\/?page_id=370\",\"name\":\"Einrichtungen - Gemeinde Hergersweiler\",\"isPartOf\":{\"@id\":\"https:\\\/\\\/hergersweiler.de\\\/#website\"},\"primaryImageOfPage\":{\"@id\":\"https:\\\/\\\/hergersweiler.de\\\/?page_id=370#primaryimage\"},\"image\":{\"@id\":\"https:\\\/\\\/hergersweiler.de\\\/?page_id=370#primaryimage\"},\"thumbnailUrl\":\"https:\\\/\\\/hergersweiler.de\\\/wp-content\\\/uploads\\\/2017\\\/01\\\/2886447-300x254.jpg\",\"datePublished\":\"2017-01-01T21:18:49+00:00\",\"dateModified\":\"2019-06-25T05:34:32+00:00\",\"breadcrumb\":{\"@id\":\"https:\\\/\\\/hergersweiler.de\\\/?page_id=370#breadcrumb\"},\"inLanguage\":\"de\",\"potentialAction\":[{\"@type\":\"ReadAction\",\"target\":[\"https:\\\/\\\/hergersweiler.de\\\/?page_id=370\"]}]},{\"@type\":\"ImageObject\",\"inLanguage\":\"de\",\"@id\":\"https:\\\/\\\/hergersweiler.de\\\/?page_id=370#primaryimage\",\"url\":\"https:\\\/\\\/hergersweiler.de\\\/wp-content\\\/uploads\\\/2017\\\/01\\\/2886447.jpg\",\"contentUrl\":\"https:\\\/\\\/hergersweiler.de\\\/wp-content\\\/uploads\\\/2017\\\/01\\\/2886447.jpg\",\"width\":558,\"height\":473},{\"@type\":\"BreadcrumbList\",\"@id\":\"https:\\\/\\\/hergersweiler.de\\\/?page_id=370#breadcrumb\",\"itemListElement\":[{\"@type\":\"ListItem\",\"position\":1,\"name\":\"Startseite\",\"item\":\"https:\\\/\\\/hergersweiler.de\\\/\"},{\"@type\":\"ListItem\",\"position\":2,\"name\":\"Touristik &#038; Freizeit\",\"item\":\"https:\\\/\\\/hergersweiler.de\\\/?page_id=110\"},{\"@type\":\"ListItem\",\"position\":3,\"name\":\"Einrichtungen\"}]},{\"@type\":\"WebSite\",\"@id\":\"https:\\\/\\\/hergersweiler.de\\\/#website\",\"url\":\"https:\\\/\\\/hergersweiler.de\\\/\",\"name\":\"Gemeinde Hergersweiler\",\"description\":\"\",\"potentialAction\":[{\"@type\":\"SearchAction\",\"target\":{\"@type\":\"EntryPoint\",\"urlTemplate\":\"https:\\\/\\\/hergersweiler.de\\\/?s={search_term_string}\"},\"query-input\":{\"@type\":\"PropertyValueSpecification\",\"valueRequired\":true,\"valueName\":\"search_term_string\"}}],\"inLanguage\":\"de\"}]}<\/script>\n<!-- \/ Yoast SEO plugin. -->","yoast_head_json":{"title":"Einrichtungen - Gemeinde Hergersweiler","robots":{"index":"index","follow":"follow","max-snippet":"max-snippet:-1","max-image-preview":"max-image-preview:large","max-video-preview":"max-video-preview:-1"},"canonical":"https:\/\/hergersweiler.de\/?page_id=370","og_locale":"de_DE","og_type":"article","og_title":"Einrichtungen - Gemeinde Hergersweiler","og_description":"B\u00fcrgerhaus Erbaut wurde es 1838 bis 1840 als einst\u00f6ckiges Geb\u00e4ude. Aufgestockt wurde es in den 20er Jahren. Die Schule wurde in den 30er Jahren geschlossen. Erneute kurze Aufnahme des Schulbetriebes nach dem 1. Weltkrieg. Sitz des Gemeindeb\u00fcros. Seit 2005 wird das Geb\u00e4ude als B\u00fcrgerhaus genutzt. Ansprechpartner: Ortsb\u00fcrgermeister Helmut Heib &nbsp;\u2026 Continue reading","og_url":"https:\/\/hergersweiler.de\/?page_id=370","og_site_name":"Gemeinde Hergersweiler","article_modified_time":"2019-06-25T05:34:32+00:00","og_image":[{"url":"https:\/\/hergersweiler.de\/wp-content\/uploads\/2017\/01\/2886447-300x254.jpg","type":"","width":"","height":""}],"twitter_card":"summary_large_image","twitter_site":"@hergersweiler2","schema":{"@context":"https:\/\/schema.org","@graph":[{"@type":"WebPage","@id":"https:\/\/hergersweiler.de\/?page_id=370","url":"https:\/\/hergersweiler.de\/?page_id=370","name":"Einrichtungen - Gemeinde Hergersweiler","isPartOf":{"@id":"https:\/\/hergersweiler.de\/#website"},"primaryImageOfPage":{"@id":"https:\/\/hergersweiler.de\/?page_id=370#primaryimage"},"image":{"@id":"https:\/\/hergersweiler.de\/?page_id=370#primaryimage"},"thumbnailUrl":"https:\/\/hergersweiler.de\/wp-content\/uploads\/2017\/01\/2886447-300x254.jpg","datePublished":"2017-01-01T21:18:49+00:00","dateModified":"2019-06-25T05:34:32+00:00","breadcrumb":{"@id":"https:\/\/hergersweiler.de\/?page_id=370#breadcrumb"},"inLanguage":"de","potentialAction":[{"@type":"ReadAction","target":["https:\/\/hergersweiler.de\/?page_id=370"]}]},{"@type":"ImageObject","inLanguage":"de","@id":"https:\/\/hergersweiler.de\/?page_id=370#primaryimage","url":"https:\/\/hergersweiler.de\/wp-content\/uploads\/2017\/01\/2886447.jpg","contentUrl":"https:\/\/hergersweiler.de\/wp-content\/uploads\/2017\/01\/2886447.jpg","width":558,"height":473},{"@type":"BreadcrumbList","@id":"https:\/\/hergersweiler.de\/?page_id=370#breadcrumb","itemListElement":[{"@type":"ListItem","position":1,"name":"Startseite","item":"https:\/\/hergersweiler.de\/"},{"@type":"ListItem","position":2,"name":"Touristik &#038; Freizeit","item":"https:\/\/hergersweiler.de\/?page_id=110"},{"@type":"ListItem","position":3,"name":"Einrichtungen"}]},{"@type":"WebSite","@id":"https:\/\/hergersweiler.de\/#website","url":"https:\/\/hergersweiler.de\/","name":"Gemeinde Hergersweiler","description":"","potentialAction":[{"@type":"SearchAction","target":{"@type":"EntryPoint","urlTemplate":"https:\/\/hergersweiler.de\/?s={search_term_string}"},"query-input":{"@type":"PropertyValueSpecification","valueRequired":true,"valueName":"search_term_string"}}],"inLanguage":"de"}]}},"jetpack_sharing_enabled":true,"_links":{"self":[{"href":"https:\/\/hergersweiler.de\/index.php?rest_route=\/wp\/v2\/pages\/370","targetHints":{"allow":["GET"]}}],"collection":[{"href":"https:\/\/hergersweiler.de\/index.php?rest_route=\/wp\/v2\/pages"}],"about":[{"href":"https:\/\/hergersweiler.de\/index.php?rest_route=\/wp\/v2\/types\/page"}],"author":[{"embeddable":true,"href":"https:\/\/hergersweiler.de\/index.php?rest_route=\/wp\/v2\/users\/1"}],"replies":[{"embeddable":true,"href":"https:\/\/hergersweiler.de\/index.php?rest_route=%2Fwp%2Fv2%2Fcomments&post=370"}],"version-history":[{"count":1,"href":"https:\/\/hergersweiler.de\/index.php?rest_route=\/wp\/v2\/pages\/370\/revisions"}],"predecessor-version":[{"id":1444,"href":"https:\/\/hergersweiler.de\/index.php?rest_route=\/wp\/v2\/pages\/370\/revisions\/1444"}],"up":[{"embeddable":true,"href":"https:\/\/hergersweiler.de\/index.php?rest_route=\/wp\/v2\/pages\/110"}],"wp:attachment":[{"href":"https:\/\/hergersweiler.de\/index.php?rest_route=%2Fwp%2Fv2%2Fmedia&parent=370"}],"curies":[{"name":"wp","href":"https:\/\/api.w.org\/{rel}","templated":true}]}}