{"id":37,"date":"2016-12-13T11:23:08","date_gmt":"2016-12-13T09:23:08","guid":{"rendered":"http:\/\/neu.hergersweiler.de\/?page_id=37"},"modified":"2025-10-30T14:11:59","modified_gmt":"2025-10-30T13:11:59","slug":"buerger-service","status":"publish","type":"page","link":"https:\/\/hergersweiler.de\/?page_id=37","title":{"rendered":"B\u00fcrger &#038; Service"},"content":{"rendered":"<p><font color=\"#000099\"><br \/>\n<font size=\"5\"><strong>Willkommen<\/strong><\/font><\/font><\/p>\n<p><img loading=\"lazy\" decoding=\"async\" src=\"https:\/\/hergersweiler.de\/wp-content\/uploads\/2019\/06\/Helmut_1.jpg\" class=\"alignright wp-image-213 style=\" title=\"Helmut Heib Ortsb\u00fcrgermeister\" width=\"250\" height=\"250\"><br \/>\nLiebe B\u00fcrgerinnen und B\u00fcrger<\/p>\n<p>Herzlich willkommen in der Gemeinde Hergersweiler.<\/p>\n<p>Ich m\u00f6chte Euch hier auf den folgenden Seiten Wissenswertes, Informatives und Unterhaltsames vorstellen.<br \/>\nAuch findet Ihr hier Aktuelles aus Hergersweiler.<\/p>\n<p>Ich hoffe Euch gef\u00e4llt der \u201evirtuelle Rundgang\u201c durch unsere Gemeinde.<\/p>\n<p>Ich freue mich \u00fcber Anregungen und Kritik.<br \/>\nHierzu k\u00f6nnt Ihr unser <a href=\"https:\/\/hergersweiler.de\/?page_id=1924\/\">Kontaktformular<\/a> nutzen.<\/p>\n<p>Bis bald.<\/p>\n<p>Euer Helmut Heib<br \/>\nOrtsb\u00fcrgermeister<br \/>\n&nbsp;<br \/>\n&nbsp;<\/p>\n","protected":false},"excerpt":{"rendered":"<p>Willkommen Liebe B\u00fcrgerinnen und B\u00fcrger Herzlich willkommen in der Gemeinde Hergersweiler. Ich m\u00f6chte Euch hier auf den folgenden Seiten Wissenswertes, Informatives und Unterhaltsames vorstellen. Auch findet Ihr hier Aktuelles aus Hergersweiler. Ich hoffe Euch gef\u00e4llt der \u201evirtuelle Rundgang\u201c durch unsere Gemeinde. Ich freue mich \u00fcber Anregungen und Kritik. Hierzu k\u00f6nnt\u2026<\/p>\n<p> <a class=\"continue-reading-link\" href=\"https:\/\/hergersweiler.de\/?page_id=37\"><span>Continue reading<\/span><i class=\"crycon-right-dir\"><\/i><\/a> <\/p>\n","protected":false},"author":1,"featured_media":0,"parent":0,"menu_order":0,"comment_status":"closed","ping_status":"closed","template":"","meta":{"ngg_post_thumbnail":0,"_mc_calendar":[],"footnotes":""},"class_list":["post-37","page","type-page","status-publish","hentry"],"yoast_head":"<!-- This site is optimized with the Yoast SEO plugin v27.4 - https:\/\/yoast.com\/product\/yoast-seo-wordpress\/ -->\n<title>B\u00fcrger &amp; Service - Gemeinde Hergersweiler<\/title>\n<meta name=\"robots\" content=\"index, follow, max-snippet:-1, max-image-preview:large, max-video-preview:-1\" \/>\n<link rel=\"canonical\" href=\"https:\/\/hergersweiler.de\/?page_id=37\" \/>\n<meta property=\"og:locale\" content=\"de_DE\" \/>\n<meta property=\"og:type\" content=\"article\" \/>\n<meta property=\"og:title\" content=\"B\u00fcrger &amp; Service - Gemeinde Hergersweiler\" \/>\n<meta property=\"og:description\" content=\"Willkommen Liebe B\u00fcrgerinnen und B\u00fcrger Herzlich willkommen in der Gemeinde Hergersweiler. Ich m\u00f6chte Euch hier auf den folgenden Seiten Wissenswertes, Informatives und Unterhaltsames vorstellen. Auch findet Ihr hier Aktuelles aus Hergersweiler. Ich hoffe Euch gef\u00e4llt der \u201evirtuelle Rundgang\u201c durch unsere Gemeinde. Ich freue mich \u00fcber Anregungen und Kritik. Hierzu k\u00f6nnt\u2026 Continue reading\" \/>\n<meta property=\"og:url\" content=\"https:\/\/hergersweiler.de\/?page_id=37\" \/>\n<meta property=\"og:site_name\" content=\"Gemeinde Hergersweiler\" \/>\n<meta property=\"article:modified_time\" content=\"2025-10-30T13:11:59+00:00\" \/>\n<meta name=\"twitter:card\" content=\"summary_large_image\" \/>\n<meta name=\"twitter:site\" content=\"@hergersweiler2\" \/>\n<meta name=\"twitter:label1\" content=\"Gesch\u00e4tzte Lesezeit\" \/>\n\t<meta name=\"twitter:data1\" content=\"1\u00a0Minute\" \/>\n<script type=\"application\/ld+json\" class=\"yoast-schema-graph\">{\"@context\":\"https:\\\/\\\/schema.org\",\"@graph\":[{\"@type\":\"WebPage\",\"@id\":\"https:\\\/\\\/hergersweiler.de\\\/?page_id=37\",\"url\":\"https:\\\/\\\/hergersweiler.de\\\/?page_id=37\",\"name\":\"B\u00fcrger & Service - Gemeinde Hergersweiler\",\"isPartOf\":{\"@id\":\"https:\\\/\\\/hergersweiler.de\\\/#website\"},\"primaryImageOfPage\":{\"@id\":\"https:\\\/\\\/hergersweiler.de\\\/?page_id=37#primaryimage\"},\"image\":{\"@id\":\"https:\\\/\\\/hergersweiler.de\\\/?page_id=37#primaryimage\"},\"thumbnailUrl\":\"https:\\\/\\\/hergersweiler.de\\\/wp-content\\\/uploads\\\/2019\\\/06\\\/Helmut_1.jpg\",\"datePublished\":\"2016-12-13T09:23:08+00:00\",\"dateModified\":\"2025-10-30T13:11:59+00:00\",\"breadcrumb\":{\"@id\":\"https:\\\/\\\/hergersweiler.de\\\/?page_id=37#breadcrumb\"},\"inLanguage\":\"de\",\"potentialAction\":[{\"@type\":\"ReadAction\",\"target\":[\"https:\\\/\\\/hergersweiler.de\\\/?page_id=37\"]}]},{\"@type\":\"ImageObject\",\"inLanguage\":\"de\",\"@id\":\"https:\\\/\\\/hergersweiler.de\\\/?page_id=37#primaryimage\",\"url\":\"https:\\\/\\\/hergersweiler.de\\\/wp-content\\\/uploads\\\/2019\\\/06\\\/Helmut_1.jpg\",\"contentUrl\":\"https:\\\/\\\/hergersweiler.de\\\/wp-content\\\/uploads\\\/2019\\\/06\\\/Helmut_1.jpg\",\"width\":982,\"height\":940},{\"@type\":\"BreadcrumbList\",\"@id\":\"https:\\\/\\\/hergersweiler.de\\\/?page_id=37#breadcrumb\",\"itemListElement\":[{\"@type\":\"ListItem\",\"position\":1,\"name\":\"Startseite\",\"item\":\"https:\\\/\\\/hergersweiler.de\\\/\"},{\"@type\":\"ListItem\",\"position\":2,\"name\":\"B\u00fcrger &#038; Service\"}]},{\"@type\":\"WebSite\",\"@id\":\"https:\\\/\\\/hergersweiler.de\\\/#website\",\"url\":\"https:\\\/\\\/hergersweiler.de\\\/\",\"name\":\"Gemeinde Hergersweiler\",\"description\":\"\",\"potentialAction\":[{\"@type\":\"SearchAction\",\"target\":{\"@type\":\"EntryPoint\",\"urlTemplate\":\"https:\\\/\\\/hergersweiler.de\\\/?s={search_term_string}\"},\"query-input\":{\"@type\":\"PropertyValueSpecification\",\"valueRequired\":true,\"valueName\":\"search_term_string\"}}],\"inLanguage\":\"de\"}]}<\/script>\n<!-- \/ Yoast SEO plugin. -->","yoast_head_json":{"title":"B\u00fcrger & Service - Gemeinde Hergersweiler","robots":{"index":"index","follow":"follow","max-snippet":"max-snippet:-1","max-image-preview":"max-image-preview:large","max-video-preview":"max-video-preview:-1"},"canonical":"https:\/\/hergersweiler.de\/?page_id=37","og_locale":"de_DE","og_type":"article","og_title":"B\u00fcrger & Service - Gemeinde Hergersweiler","og_description":"Willkommen Liebe B\u00fcrgerinnen und B\u00fcrger Herzlich willkommen in der Gemeinde Hergersweiler. Ich m\u00f6chte Euch hier auf den folgenden Seiten Wissenswertes, Informatives und Unterhaltsames vorstellen. Auch findet Ihr hier Aktuelles aus Hergersweiler. Ich hoffe Euch gef\u00e4llt der \u201evirtuelle Rundgang\u201c durch unsere Gemeinde. Ich freue mich \u00fcber Anregungen und Kritik. Hierzu k\u00f6nnt\u2026 Continue reading","og_url":"https:\/\/hergersweiler.de\/?page_id=37","og_site_name":"Gemeinde Hergersweiler","article_modified_time":"2025-10-30T13:11:59+00:00","twitter_card":"summary_large_image","twitter_site":"@hergersweiler2","twitter_misc":{"Gesch\u00e4tzte Lesezeit":"1\u00a0Minute"},"schema":{"@context":"https:\/\/schema.org","@graph":[{"@type":"WebPage","@id":"https:\/\/hergersweiler.de\/?page_id=37","url":"https:\/\/hergersweiler.de\/?page_id=37","name":"B\u00fcrger & Service - Gemeinde Hergersweiler","isPartOf":{"@id":"https:\/\/hergersweiler.de\/#website"},"primaryImageOfPage":{"@id":"https:\/\/hergersweiler.de\/?page_id=37#primaryimage"},"image":{"@id":"https:\/\/hergersweiler.de\/?page_id=37#primaryimage"},"thumbnailUrl":"https:\/\/hergersweiler.de\/wp-content\/uploads\/2019\/06\/Helmut_1.jpg","datePublished":"2016-12-13T09:23:08+00:00","dateModified":"2025-10-30T13:11:59+00:00","breadcrumb":{"@id":"https:\/\/hergersweiler.de\/?page_id=37#breadcrumb"},"inLanguage":"de","potentialAction":[{"@type":"ReadAction","target":["https:\/\/hergersweiler.de\/?page_id=37"]}]},{"@type":"ImageObject","inLanguage":"de","@id":"https:\/\/hergersweiler.de\/?page_id=37#primaryimage","url":"https:\/\/hergersweiler.de\/wp-content\/uploads\/2019\/06\/Helmut_1.jpg","contentUrl":"https:\/\/hergersweiler.de\/wp-content\/uploads\/2019\/06\/Helmut_1.jpg","width":982,"height":940},{"@type":"BreadcrumbList","@id":"https:\/\/hergersweiler.de\/?page_id=37#breadcrumb","itemListElement":[{"@type":"ListItem","position":1,"name":"Startseite","item":"https:\/\/hergersweiler.de\/"},{"@type":"ListItem","position":2,"name":"B\u00fcrger &#038; Service"}]},{"@type":"WebSite","@id":"https:\/\/hergersweiler.de\/#website","url":"https:\/\/hergersweiler.de\/","name":"Gemeinde Hergersweiler","description":"","potentialAction":[{"@type":"SearchAction","target":{"@type":"EntryPoint","urlTemplate":"https:\/\/hergersweiler.de\/?s={search_term_string}"},"query-input":{"@type":"PropertyValueSpecification","valueRequired":true,"valueName":"search_term_string"}}],"inLanguage":"de"}]}},"jetpack_sharing_enabled":true,"_links":{"self":[{"href":"https:\/\/hergersweiler.de\/index.php?rest_route=\/wp\/v2\/pages\/37","targetHints":{"allow":["GET"]}}],"collection":[{"href":"https:\/\/hergersweiler.de\/index.php?rest_route=\/wp\/v2\/pages"}],"about":[{"href":"https:\/\/hergersweiler.de\/index.php?rest_route=\/wp\/v2\/types\/page"}],"author":[{"embeddable":true,"href":"https:\/\/hergersweiler.de\/index.php?rest_route=\/wp\/v2\/users\/1"}],"replies":[{"embeddable":true,"href":"https:\/\/hergersweiler.de\/index.php?rest_route=%2Fwp%2Fv2%2Fcomments&post=37"}],"version-history":[{"count":6,"href":"https:\/\/hergersweiler.de\/index.php?rest_route=\/wp\/v2\/pages\/37\/revisions"}],"predecessor-version":[{"id":3753,"href":"https:\/\/hergersweiler.de\/index.php?rest_route=\/wp\/v2\/pages\/37\/revisions\/3753"}],"wp:attachment":[{"href":"https:\/\/hergersweiler.de\/index.php?rest_route=%2Fwp%2Fv2%2Fmedia&parent=37"}],"curies":[{"name":"wp","href":"https:\/\/api.w.org\/{rel}","templated":true}]}}