{"id":195,"date":"2016-12-30T13:53:26","date_gmt":"2016-12-30T12:53:26","guid":{"rendered":"http:\/\/neu.hergersweiler.de\/?page_id=195"},"modified":"2023-07-30T13:26:26","modified_gmt":"2023-07-30T11:26:26","slug":"formulare","status":"publish","type":"page","link":"https:\/\/hergersweiler.de\/?page_id=195","title":{"rendered":"Formulare"},"content":{"rendered":"<p><span style=\"color: #000099; font-size: x-large;\"><br \/>\n<strong>Formulare und Infos der Gemeinde zum Download<\/strong><\/span><\/p>\n<p><a href=\"https:\/\/hergersweiler.de\/wp-content\/uploads\/2017\/01\/Friedhofssatzung-Winden.pdf\" target=\"_blank\" rel=\"noopener\"><img loading=\"lazy\" decoding=\"async\" class=\"alignleft size-thumbnail wp-image-170\" src=\"https:\/\/hergersweiler.de\/wp-content\/uploads\/2016\/12\/pdf-150x150.jpg\" alt=\"\" width=\"51\" height=\"51\" \/>Friedhofssatzung Winden (PDF File 75KB)<\/a><\/p>\n<p>&nbsp;<\/p>\n<p><a href=\"https:\/\/hergersweiler.de\/wp-content\/uploads\/2017\/01\/Friedhofsgeb\u00c3\u00bchren_Winden.pdf\" target=\"_blank\" rel=\"noopener\"><img loading=\"lazy\" decoding=\"async\" class=\"alignleft size-thumbnail wp-image-170\" src=\"https:\/\/hergersweiler.de\/wp-content\/uploads\/2016\/12\/pdf-150x150.jpg\" alt=\"\" width=\"51\" height=\"51\" \/>Friedhofsgeb\u00fchren Winden (PDF File 15KB)<\/a><\/p>\n<p>&nbsp;<\/p>\n<p><a href=\"https:\/\/hergersweiler.de\/wp-content\/uploads\/2017\/01\/Satzung-zur-Stra\u00c3\u0178enreinigung.pdf\" target=\"_blank\" rel=\"noopener\"><img loading=\"lazy\" decoding=\"async\" class=\"alignleft size-thumbnail wp-image-170\" src=\"https:\/\/hergersweiler.de\/wp-content\/uploads\/2016\/12\/pdf-150x150.jpg\" alt=\"\" width=\"51\" height=\"51\" \/>Satzung der Strassenreinigung (PDF File 93KB)<\/a><\/p>\n<p>&nbsp;<\/p>\n<p><a href=\"https:\/\/hergersweiler.de\/wp-content\/uploads\/2023\/07\/2023_02_06_benutzungs-und-gebuehrenordnung_buergerhaus-003.pdf\" target=\"_blank\" rel=\"noopener\"><img loading=\"lazy\" decoding=\"async\" class=\"alignleft size-thumbnail wp-image-170\" src=\"https:\/\/hergersweiler.de\/wp-content\/uploads\/2016\/12\/pdf-150x150.jpg\" alt=\"\" width=\"51\" height=\"51\" \/>Nutzungsordnung B\u00fcrgerhaus (PDF File 269KB)<\/a><\/p>\n<p>&nbsp;<\/p>\n<p><a href=\"https:\/\/hergersweiler.de\/wp-content\/uploads\/2023\/07\/vogelsanghuette-benutzungsordnung-2023.pdf\" target=\"_blank\" rel=\"noopener\"><img loading=\"lazy\" decoding=\"async\" class=\"alignleft size-thumbnail wp-image-170\" src=\"https:\/\/hergersweiler.de\/wp-content\/uploads\/2016\/12\/pdf-150x150.jpg\" alt=\"\" width=\"51\" height=\"51\" \/>Nutzungsordnung Vogelsangh\u00fctte (PDF File 125KB)<\/a><\/p>\n<p>&nbsp;<\/p>\n<p><a href=\"https:\/\/hergersweiler.de\/wp-content\/uploads\/2023\/07\/vogelsanghuette-antrag-benutzung-2023.pdf\" target=\"_blank\" rel=\"noopener\"><img loading=\"lazy\" decoding=\"async\" class=\"alignleft size-thumbnail wp-image-170\" src=\"https:\/\/hergersweiler.de\/wp-content\/uploads\/2016\/12\/pdf-150x150.jpg\" alt=\"\" width=\"51\" height=\"51\" \/>Antrag zur Benutzung der Vogelsangh\u00fctte (PDF File 45KB)<\/a><\/p>\n<p>&nbsp;<br \/>\n&nbsp;<\/p>\n","protected":false},"excerpt":{"rendered":"<p>Formulare und Infos der Gemeinde zum Download Friedhofssatzung Winden (PDF File 75KB) &nbsp; Friedhofsgeb\u00fchren Winden (PDF File 15KB) &nbsp; Satzung der Strassenreinigung (PDF File 93KB) &nbsp; Nutzungsordnung B\u00fcrgerhaus (PDF File 269KB) &nbsp; Nutzungsordnung Vogelsangh\u00fctte (PDF File 125KB) &nbsp; Antrag zur Benutzung der Vogelsangh\u00fctte (PDF File 45KB) &nbsp; &nbsp;<\/p>\n<p> <a class=\"continue-reading-link\" href=\"https:\/\/hergersweiler.de\/?page_id=195\"><span>Continue reading<\/span><i class=\"crycon-right-dir\"><\/i><\/a> <\/p>\n","protected":false},"author":1,"featured_media":0,"parent":37,"menu_order":6,"comment_status":"closed","ping_status":"closed","template":"","meta":{"ngg_post_thumbnail":0,"_mc_calendar":[],"footnotes":""},"class_list":["post-195","page","type-page","status-publish","hentry"],"yoast_head":"<!-- This site is optimized with the Yoast SEO plugin v27.5 - https:\/\/yoast.com\/product\/yoast-seo-wordpress\/ -->\n<title>Formulare - Gemeinde Hergersweiler<\/title>\n<meta name=\"robots\" content=\"index, follow, max-snippet:-1, max-image-preview:large, max-video-preview:-1\" \/>\n<link rel=\"canonical\" href=\"https:\/\/hergersweiler.de\/?page_id=195\" \/>\n<meta property=\"og:locale\" content=\"de_DE\" \/>\n<meta property=\"og:type\" content=\"article\" \/>\n<meta property=\"og:title\" content=\"Formulare - Gemeinde Hergersweiler\" \/>\n<meta property=\"og:description\" content=\"Formulare und Infos der Gemeinde zum Download Friedhofssatzung Winden (PDF File 75KB) &nbsp; Friedhofsgeb\u00fchren Winden (PDF File 15KB) &nbsp; Satzung der Strassenreinigung (PDF File 93KB) &nbsp; Nutzungsordnung B\u00fcrgerhaus (PDF File 269KB) &nbsp; Nutzungsordnung Vogelsangh\u00fctte (PDF File 125KB) &nbsp; Antrag zur Benutzung der Vogelsangh\u00fctte (PDF File 45KB) &nbsp; &nbsp; Continue reading\" \/>\n<meta property=\"og:url\" content=\"https:\/\/hergersweiler.de\/?page_id=195\" \/>\n<meta property=\"og:site_name\" content=\"Gemeinde Hergersweiler\" \/>\n<meta property=\"article:modified_time\" content=\"2023-07-30T11:26:26+00:00\" \/>\n<meta property=\"og:image\" content=\"https:\/\/hergersweiler.de\/wp-content\/uploads\/2016\/12\/pdf-150x150.jpg\" \/>\n<meta name=\"twitter:card\" content=\"summary_large_image\" \/>\n<meta name=\"twitter:site\" content=\"@hergersweiler2\" \/>\n<meta name=\"twitter:label1\" content=\"Gesch\u00e4tzte Lesezeit\" \/>\n\t<meta name=\"twitter:data1\" content=\"2\u00a0Minuten\" \/>\n<script type=\"application\/ld+json\" class=\"yoast-schema-graph\">{\"@context\":\"https:\\\/\\\/schema.org\",\"@graph\":[{\"@type\":\"WebPage\",\"@id\":\"https:\\\/\\\/hergersweiler.de\\\/?page_id=195\",\"url\":\"https:\\\/\\\/hergersweiler.de\\\/?page_id=195\",\"name\":\"Formulare - Gemeinde Hergersweiler\",\"isPartOf\":{\"@id\":\"https:\\\/\\\/hergersweiler.de\\\/#website\"},\"primaryImageOfPage\":{\"@id\":\"https:\\\/\\\/hergersweiler.de\\\/?page_id=195#primaryimage\"},\"image\":{\"@id\":\"https:\\\/\\\/hergersweiler.de\\\/?page_id=195#primaryimage\"},\"thumbnailUrl\":\"https:\\\/\\\/hergersweiler.de\\\/wp-content\\\/uploads\\\/2016\\\/12\\\/pdf-150x150.jpg\",\"datePublished\":\"2016-12-30T12:53:26+00:00\",\"dateModified\":\"2023-07-30T11:26:26+00:00\",\"breadcrumb\":{\"@id\":\"https:\\\/\\\/hergersweiler.de\\\/?page_id=195#breadcrumb\"},\"inLanguage\":\"de\",\"potentialAction\":[{\"@type\":\"ReadAction\",\"target\":[\"https:\\\/\\\/hergersweiler.de\\\/?page_id=195\"]}]},{\"@type\":\"ImageObject\",\"inLanguage\":\"de\",\"@id\":\"https:\\\/\\\/hergersweiler.de\\\/?page_id=195#primaryimage\",\"url\":\"https:\\\/\\\/hergersweiler.de\\\/wp-content\\\/uploads\\\/2016\\\/12\\\/pdf-150x150.jpg\",\"contentUrl\":\"https:\\\/\\\/hergersweiler.de\\\/wp-content\\\/uploads\\\/2016\\\/12\\\/pdf-150x150.jpg\"},{\"@type\":\"BreadcrumbList\",\"@id\":\"https:\\\/\\\/hergersweiler.de\\\/?page_id=195#breadcrumb\",\"itemListElement\":[{\"@type\":\"ListItem\",\"position\":1,\"name\":\"Startseite\",\"item\":\"https:\\\/\\\/hergersweiler.de\\\/\"},{\"@type\":\"ListItem\",\"position\":2,\"name\":\"B\u00fcrger &#038; Service\",\"item\":\"https:\\\/\\\/hergersweiler.de\\\/?page_id=37\"},{\"@type\":\"ListItem\",\"position\":3,\"name\":\"Formulare\"}]},{\"@type\":\"WebSite\",\"@id\":\"https:\\\/\\\/hergersweiler.de\\\/#website\",\"url\":\"https:\\\/\\\/hergersweiler.de\\\/\",\"name\":\"Gemeinde Hergersweiler\",\"description\":\"\",\"potentialAction\":[{\"@type\":\"SearchAction\",\"target\":{\"@type\":\"EntryPoint\",\"urlTemplate\":\"https:\\\/\\\/hergersweiler.de\\\/?s={search_term_string}\"},\"query-input\":{\"@type\":\"PropertyValueSpecification\",\"valueRequired\":true,\"valueName\":\"search_term_string\"}}],\"inLanguage\":\"de\"}]}<\/script>\n<!-- \/ Yoast SEO plugin. -->","yoast_head_json":{"title":"Formulare - Gemeinde Hergersweiler","robots":{"index":"index","follow":"follow","max-snippet":"max-snippet:-1","max-image-preview":"max-image-preview:large","max-video-preview":"max-video-preview:-1"},"canonical":"https:\/\/hergersweiler.de\/?page_id=195","og_locale":"de_DE","og_type":"article","og_title":"Formulare - Gemeinde Hergersweiler","og_description":"Formulare und Infos der Gemeinde zum Download Friedhofssatzung Winden (PDF File 75KB) &nbsp; Friedhofsgeb\u00fchren Winden (PDF File 15KB) &nbsp; Satzung der Strassenreinigung (PDF File 93KB) &nbsp; Nutzungsordnung B\u00fcrgerhaus (PDF File 269KB) &nbsp; Nutzungsordnung Vogelsangh\u00fctte (PDF File 125KB) &nbsp; Antrag zur Benutzung der Vogelsangh\u00fctte (PDF File 45KB) &nbsp; &nbsp; Continue reading","og_url":"https:\/\/hergersweiler.de\/?page_id=195","og_site_name":"Gemeinde Hergersweiler","article_modified_time":"2023-07-30T11:26:26+00:00","og_image":[{"url":"https:\/\/hergersweiler.de\/wp-content\/uploads\/2016\/12\/pdf-150x150.jpg","type":"","width":"","height":""}],"twitter_card":"summary_large_image","twitter_site":"@hergersweiler2","twitter_misc":{"Gesch\u00e4tzte Lesezeit":"2\u00a0Minuten"},"schema":{"@context":"https:\/\/schema.org","@graph":[{"@type":"WebPage","@id":"https:\/\/hergersweiler.de\/?page_id=195","url":"https:\/\/hergersweiler.de\/?page_id=195","name":"Formulare - Gemeinde Hergersweiler","isPartOf":{"@id":"https:\/\/hergersweiler.de\/#website"},"primaryImageOfPage":{"@id":"https:\/\/hergersweiler.de\/?page_id=195#primaryimage"},"image":{"@id":"https:\/\/hergersweiler.de\/?page_id=195#primaryimage"},"thumbnailUrl":"https:\/\/hergersweiler.de\/wp-content\/uploads\/2016\/12\/pdf-150x150.jpg","datePublished":"2016-12-30T12:53:26+00:00","dateModified":"2023-07-30T11:26:26+00:00","breadcrumb":{"@id":"https:\/\/hergersweiler.de\/?page_id=195#breadcrumb"},"inLanguage":"de","potentialAction":[{"@type":"ReadAction","target":["https:\/\/hergersweiler.de\/?page_id=195"]}]},{"@type":"ImageObject","inLanguage":"de","@id":"https:\/\/hergersweiler.de\/?page_id=195#primaryimage","url":"https:\/\/hergersweiler.de\/wp-content\/uploads\/2016\/12\/pdf-150x150.jpg","contentUrl":"https:\/\/hergersweiler.de\/wp-content\/uploads\/2016\/12\/pdf-150x150.jpg"},{"@type":"BreadcrumbList","@id":"https:\/\/hergersweiler.de\/?page_id=195#breadcrumb","itemListElement":[{"@type":"ListItem","position":1,"name":"Startseite","item":"https:\/\/hergersweiler.de\/"},{"@type":"ListItem","position":2,"name":"B\u00fcrger &#038; Service","item":"https:\/\/hergersweiler.de\/?page_id=37"},{"@type":"ListItem","position":3,"name":"Formulare"}]},{"@type":"WebSite","@id":"https:\/\/hergersweiler.de\/#website","url":"https:\/\/hergersweiler.de\/","name":"Gemeinde Hergersweiler","description":"","potentialAction":[{"@type":"SearchAction","target":{"@type":"EntryPoint","urlTemplate":"https:\/\/hergersweiler.de\/?s={search_term_string}"},"query-input":{"@type":"PropertyValueSpecification","valueRequired":true,"valueName":"search_term_string"}}],"inLanguage":"de"}]}},"jetpack_sharing_enabled":true,"_links":{"self":[{"href":"https:\/\/hergersweiler.de\/index.php?rest_route=\/wp\/v2\/pages\/195","targetHints":{"allow":["GET"]}}],"collection":[{"href":"https:\/\/hergersweiler.de\/index.php?rest_route=\/wp\/v2\/pages"}],"about":[{"href":"https:\/\/hergersweiler.de\/index.php?rest_route=\/wp\/v2\/types\/page"}],"author":[{"embeddable":true,"href":"https:\/\/hergersweiler.de\/index.php?rest_route=\/wp\/v2\/users\/1"}],"replies":[{"embeddable":true,"href":"https:\/\/hergersweiler.de\/index.php?rest_route=%2Fwp%2Fv2%2Fcomments&post=195"}],"version-history":[{"count":3,"href":"https:\/\/hergersweiler.de\/index.php?rest_route=\/wp\/v2\/pages\/195\/revisions"}],"predecessor-version":[{"id":2719,"href":"https:\/\/hergersweiler.de\/index.php?rest_route=\/wp\/v2\/pages\/195\/revisions\/2719"}],"up":[{"embeddable":true,"href":"https:\/\/hergersweiler.de\/index.php?rest_route=\/wp\/v2\/pages\/37"}],"wp:attachment":[{"href":"https:\/\/hergersweiler.de\/index.php?rest_route=%2Fwp%2Fv2%2Fmedia&parent=195"}],"curies":[{"name":"wp","href":"https:\/\/api.w.org\/{rel}","templated":true}]}}