{"id":187,"date":"2016-12-30T13:51:20","date_gmt":"2016-12-30T12:51:20","guid":{"rendered":"http:\/\/neu.hergersweiler.de\/?page_id=187"},"modified":"2017-01-05T10:34:07","modified_gmt":"2017-01-05T09:34:07","slug":"historisches","status":"publish","type":"page","link":"https:\/\/hergersweiler.de\/?page_id=187","title":{"rendered":"Historisches"},"content":{"rendered":"<p><font color=\"#000099\" size=\"5\"><br \/>\n<strong>Chronik<\/strong><br \/>\n<\/font><\/p>\n<p><img loading=\"lazy\" decoding=\"async\" src=\"https:\/\/hergersweiler.de\/wp-content\/uploads\/2016\/12\/schule_1930-300x220.jpg\" alt=\"\" width=\"300\" height=\"220\" class=\"alignleft size-medium wp-image-334\" srcset=\"https:\/\/hergersweiler.de\/wp-content\/uploads\/2016\/12\/schule_1930.jpg 300w, https:\/\/hergersweiler.de\/wp-content\/uploads\/2016\/12\/schule_1930-205x150.jpg 205w, https:\/\/hergersweiler.de\/wp-content\/uploads\/2016\/12\/schule_1930-150x110.jpg 150w\" sizes=\"auto, (max-width: 300px) 100vw, 300px\" \/><br \/>\nHergersweiler wurde erstmals im Jahr 1301 in einer Urkunde des Klosters Eu\u00dferthal erw\u00e4hnt. Von 1410 bis 1797 geh\u00f6rte das Dorf zum Herzogtum Pfalz &#8211; Zweibr\u00fccken. Bis zum Ende des 17. Jahrhunderts wurde es wegen seiner geringen Einwohnerzahl weitgehend vom gr\u00f6\u00dferen Nachbarn Winden mitverwaltet. Kirchlich blieb Hergersweiler immer Teil der Pfarrgemeinde Winden, welche seit der Reformation protestantisch ist. In seiner Geschichte hatte das Dorf unter kriegerischen Ereignissen schwer zu leiden. Im Drei\u00dfigj\u00e4hrigen Krieg und den darauf folgenden Eroberungskriegen des franz\u00f6sischen K\u00f6nigs Ludwig XIV. war die Bev\u00f6lkerung Pl\u00fcnderung, Zerst\u00f6rung und Tod ausgesetzt. Mehrfach erhob Frankreich Anspruch auf s\u00fcdpf\u00e4lzische Gebiete und konnte sie zeitweise unter seiner Krone regieren. Nach Ausbruch der Franz\u00f6sischen Revolution 1789 geriet Hergersweiler erneut zwischen kriegerische Auseinandersetzungen, die unter der F\u00fchrung Napoleons mit der Einverleibung der linksrheinischen Pfalz 1797 in die Franz\u00f6sische Republik endeten. Im Zuge der von Napoleon I. durchgef\u00fchrten Verwaltungsreform wurde Hergersweiler dem Departement Bas-Rhin zugeordnet und franz\u00f6sischer Gesetzgebung unterstellt. Dadurch kamen den B\u00fcrgern die neu errungenen Freiheiten der Revolution zugute. Das Dorf wurde selbst\u00e4ndige Ortsgemeinde.<br \/>\n1816 wurde es wieder deutsch und Teil des K\u00f6nigreichs Bayern. Diese Zugeh\u00f6rigkeit endete 1946 mit der Bildung des Bundeslandes Rheinland-Pfalz durch die franz\u00f6sische Milit\u00e4rregierung. Bedingt durch die kriegerischen Wirren und wirtschaftliche Not im 17. und 18. Jahrhundert kam es auch in Hergersweiler zu mehreren Aus- und Einwanderungswellen. Religi\u00f6s Verfolgte aus dem franz\u00f6sischen Raum und Neusiedler aus der Schweiz lie\u00dfen sich hier nieder. Hiesige B\u00fcrger wanderten bis zum 19. Jahrhundert nach Nordamerika aus. Nach dem 1. Weltkrieg stand der Landstrich wieder f\u00fcr einige Jahre unter franz\u00f6sischer Besatzung. Wegen der N\u00e4he zur Staatsgrenze wurde die Bev\u00f6lkerung nach Ausbruch des 2. Weltkrieges f\u00fcr fast ein Jahr nach Oberfranken evakuiert. Nach Kriegsende 1945 lagen zwei Geh\u00f6fte in Tr\u00fcmmern, andere waren besch\u00e4digt. Bis in die Mitte des 20. Jahrhunderts lebten die Einwohner Hergersweilers fast ausschlie\u00dflich von der Landwirtschaft. Neben Viehhaltung, Getreide- und Kartoffelanbau war der Tabak- und Weinanbau von besonderer Bedeutung. Die Rebfl\u00e4chen sind seither stetig gewachsen, die Tabakanpflanzung hingegen ging v\u00f6llig zur\u00fcck. Infolge des tiefgreifenden Strukturwandels auf dem Agrarsektor und der Ansiedlung von Industrie, vor allem im Raum Karlsruhe, \u00e4nderte sich die Erwerbslage im Dorf grundlegend.<br \/>\nHeute hat das Dorf seinen b\u00e4uerlichen Charakter weitgehend verloren. 1954 z\u00e4hlte Hergersweiler 153 Einwohner. Im Jahr 2000 ist die Zahl durch Bebauung von bislang landwirtschaftlich genutzter Fl\u00e4che auf 214 Personen angestiegen. Die weitere Erschlie\u00dfung von Baugel\u00e4nde bietet neue M\u00f6glichkeiten, sich hier, am Rande der Vorh\u00fcgelzone der Oberrheinischen Tiefebene in der anmutigen Landschaft bei Bad Bergzabern anzusiedeln.<\/p>\n<p>Mehr \u00fcber die Geschichte Hergersweilers steht in der Ortschronik, welche zum Ortsjubil\u00e4um erschien.<\/p>\n<p>Autorin: Gertrud Pfannhuber<br \/>\n&nbsp;<br \/>\n&nbsp;<\/p>\n","protected":false},"excerpt":{"rendered":"<p>Chronik Hergersweiler wurde erstmals im Jahr 1301 in einer Urkunde des Klosters Eu\u00dferthal erw\u00e4hnt. Von 1410 bis 1797 geh\u00f6rte das Dorf zum Herzogtum Pfalz &#8211; Zweibr\u00fccken. Bis zum Ende des 17. Jahrhunderts wurde es wegen seiner geringen Einwohnerzahl weitgehend vom gr\u00f6\u00dferen Nachbarn Winden mitverwaltet. Kirchlich blieb Hergersweiler immer Teil der\u2026<\/p>\n<p> <a class=\"continue-reading-link\" href=\"https:\/\/hergersweiler.de\/?page_id=187\"><span>Continue reading<\/span><i class=\"crycon-right-dir\"><\/i><\/a> <\/p>\n","protected":false},"author":1,"featured_media":0,"parent":37,"menu_order":5,"comment_status":"closed","ping_status":"closed","template":"","meta":{"ngg_post_thumbnail":0,"_mc_calendar":[],"footnotes":""},"class_list":["post-187","page","type-page","status-publish","hentry"],"yoast_head":"<!-- This site is optimized with the Yoast SEO plugin v27.5 - https:\/\/yoast.com\/product\/yoast-seo-wordpress\/ -->\n<title>Historisches - Gemeinde Hergersweiler<\/title>\n<meta name=\"robots\" content=\"index, follow, max-snippet:-1, max-image-preview:large, max-video-preview:-1\" \/>\n<link rel=\"canonical\" href=\"https:\/\/hergersweiler.de\/?page_id=187\" \/>\n<meta property=\"og:locale\" content=\"de_DE\" \/>\n<meta property=\"og:type\" content=\"article\" \/>\n<meta property=\"og:title\" content=\"Historisches - Gemeinde Hergersweiler\" \/>\n<meta property=\"og:description\" content=\"Chronik Hergersweiler wurde erstmals im Jahr 1301 in einer Urkunde des Klosters Eu\u00dferthal erw\u00e4hnt. Von 1410 bis 1797 geh\u00f6rte das Dorf zum Herzogtum Pfalz &#8211; Zweibr\u00fccken. Bis zum Ende des 17. Jahrhunderts wurde es wegen seiner geringen Einwohnerzahl weitgehend vom gr\u00f6\u00dferen Nachbarn Winden mitverwaltet. Kirchlich blieb Hergersweiler immer Teil der\u2026 Continue reading\" \/>\n<meta property=\"og:url\" content=\"https:\/\/hergersweiler.de\/?page_id=187\" \/>\n<meta property=\"og:site_name\" content=\"Gemeinde Hergersweiler\" \/>\n<meta property=\"article:modified_time\" content=\"2017-01-05T09:34:07+00:00\" \/>\n<meta property=\"og:image\" content=\"https:\/\/hergersweiler.de\/wp-content\/uploads\/2016\/12\/schule_1930-300x220.jpg\" \/>\n<meta name=\"twitter:card\" content=\"summary_large_image\" \/>\n<meta name=\"twitter:site\" content=\"@hergersweiler2\" \/>\n<meta name=\"twitter:label1\" content=\"Gesch\u00e4tzte Lesezeit\" \/>\n\t<meta name=\"twitter:data1\" content=\"2\u00a0Minuten\" \/>\n<script type=\"application\/ld+json\" class=\"yoast-schema-graph\">{\"@context\":\"https:\\\/\\\/schema.org\",\"@graph\":[{\"@type\":\"WebPage\",\"@id\":\"https:\\\/\\\/hergersweiler.de\\\/?page_id=187\",\"url\":\"https:\\\/\\\/hergersweiler.de\\\/?page_id=187\",\"name\":\"Historisches - Gemeinde Hergersweiler\",\"isPartOf\":{\"@id\":\"https:\\\/\\\/hergersweiler.de\\\/#website\"},\"primaryImageOfPage\":{\"@id\":\"https:\\\/\\\/hergersweiler.de\\\/?page_id=187#primaryimage\"},\"image\":{\"@id\":\"https:\\\/\\\/hergersweiler.de\\\/?page_id=187#primaryimage\"},\"thumbnailUrl\":\"https:\\\/\\\/hergersweiler.de\\\/wp-content\\\/uploads\\\/2016\\\/12\\\/schule_1930-300x220.jpg\",\"datePublished\":\"2016-12-30T12:51:20+00:00\",\"dateModified\":\"2017-01-05T09:34:07+00:00\",\"breadcrumb\":{\"@id\":\"https:\\\/\\\/hergersweiler.de\\\/?page_id=187#breadcrumb\"},\"inLanguage\":\"de\",\"potentialAction\":[{\"@type\":\"ReadAction\",\"target\":[\"https:\\\/\\\/hergersweiler.de\\\/?page_id=187\"]}]},{\"@type\":\"ImageObject\",\"inLanguage\":\"de\",\"@id\":\"https:\\\/\\\/hergersweiler.de\\\/?page_id=187#primaryimage\",\"url\":\"https:\\\/\\\/hergersweiler.de\\\/wp-content\\\/uploads\\\/2016\\\/12\\\/schule_1930.jpg\",\"contentUrl\":\"https:\\\/\\\/hergersweiler.de\\\/wp-content\\\/uploads\\\/2016\\\/12\\\/schule_1930.jpg\",\"width\":300,\"height\":220},{\"@type\":\"BreadcrumbList\",\"@id\":\"https:\\\/\\\/hergersweiler.de\\\/?page_id=187#breadcrumb\",\"itemListElement\":[{\"@type\":\"ListItem\",\"position\":1,\"name\":\"Startseite\",\"item\":\"https:\\\/\\\/hergersweiler.de\\\/\"},{\"@type\":\"ListItem\",\"position\":2,\"name\":\"B\u00fcrger &#038; Service\",\"item\":\"https:\\\/\\\/hergersweiler.de\\\/?page_id=37\"},{\"@type\":\"ListItem\",\"position\":3,\"name\":\"Historisches\"}]},{\"@type\":\"WebSite\",\"@id\":\"https:\\\/\\\/hergersweiler.de\\\/#website\",\"url\":\"https:\\\/\\\/hergersweiler.de\\\/\",\"name\":\"Gemeinde Hergersweiler\",\"description\":\"\",\"potentialAction\":[{\"@type\":\"SearchAction\",\"target\":{\"@type\":\"EntryPoint\",\"urlTemplate\":\"https:\\\/\\\/hergersweiler.de\\\/?s={search_term_string}\"},\"query-input\":{\"@type\":\"PropertyValueSpecification\",\"valueRequired\":true,\"valueName\":\"search_term_string\"}}],\"inLanguage\":\"de\"}]}<\/script>\n<!-- \/ Yoast SEO plugin. -->","yoast_head_json":{"title":"Historisches - Gemeinde Hergersweiler","robots":{"index":"index","follow":"follow","max-snippet":"max-snippet:-1","max-image-preview":"max-image-preview:large","max-video-preview":"max-video-preview:-1"},"canonical":"https:\/\/hergersweiler.de\/?page_id=187","og_locale":"de_DE","og_type":"article","og_title":"Historisches - Gemeinde Hergersweiler","og_description":"Chronik Hergersweiler wurde erstmals im Jahr 1301 in einer Urkunde des Klosters Eu\u00dferthal erw\u00e4hnt. Von 1410 bis 1797 geh\u00f6rte das Dorf zum Herzogtum Pfalz &#8211; Zweibr\u00fccken. Bis zum Ende des 17. Jahrhunderts wurde es wegen seiner geringen Einwohnerzahl weitgehend vom gr\u00f6\u00dferen Nachbarn Winden mitverwaltet. Kirchlich blieb Hergersweiler immer Teil der\u2026 Continue reading","og_url":"https:\/\/hergersweiler.de\/?page_id=187","og_site_name":"Gemeinde Hergersweiler","article_modified_time":"2017-01-05T09:34:07+00:00","og_image":[{"url":"https:\/\/hergersweiler.de\/wp-content\/uploads\/2016\/12\/schule_1930-300x220.jpg","type":"","width":"","height":""}],"twitter_card":"summary_large_image","twitter_site":"@hergersweiler2","twitter_misc":{"Gesch\u00e4tzte Lesezeit":"2\u00a0Minuten"},"schema":{"@context":"https:\/\/schema.org","@graph":[{"@type":"WebPage","@id":"https:\/\/hergersweiler.de\/?page_id=187","url":"https:\/\/hergersweiler.de\/?page_id=187","name":"Historisches - Gemeinde Hergersweiler","isPartOf":{"@id":"https:\/\/hergersweiler.de\/#website"},"primaryImageOfPage":{"@id":"https:\/\/hergersweiler.de\/?page_id=187#primaryimage"},"image":{"@id":"https:\/\/hergersweiler.de\/?page_id=187#primaryimage"},"thumbnailUrl":"https:\/\/hergersweiler.de\/wp-content\/uploads\/2016\/12\/schule_1930-300x220.jpg","datePublished":"2016-12-30T12:51:20+00:00","dateModified":"2017-01-05T09:34:07+00:00","breadcrumb":{"@id":"https:\/\/hergersweiler.de\/?page_id=187#breadcrumb"},"inLanguage":"de","potentialAction":[{"@type":"ReadAction","target":["https:\/\/hergersweiler.de\/?page_id=187"]}]},{"@type":"ImageObject","inLanguage":"de","@id":"https:\/\/hergersweiler.de\/?page_id=187#primaryimage","url":"https:\/\/hergersweiler.de\/wp-content\/uploads\/2016\/12\/schule_1930.jpg","contentUrl":"https:\/\/hergersweiler.de\/wp-content\/uploads\/2016\/12\/schule_1930.jpg","width":300,"height":220},{"@type":"BreadcrumbList","@id":"https:\/\/hergersweiler.de\/?page_id=187#breadcrumb","itemListElement":[{"@type":"ListItem","position":1,"name":"Startseite","item":"https:\/\/hergersweiler.de\/"},{"@type":"ListItem","position":2,"name":"B\u00fcrger &#038; Service","item":"https:\/\/hergersweiler.de\/?page_id=37"},{"@type":"ListItem","position":3,"name":"Historisches"}]},{"@type":"WebSite","@id":"https:\/\/hergersweiler.de\/#website","url":"https:\/\/hergersweiler.de\/","name":"Gemeinde Hergersweiler","description":"","potentialAction":[{"@type":"SearchAction","target":{"@type":"EntryPoint","urlTemplate":"https:\/\/hergersweiler.de\/?s={search_term_string}"},"query-input":{"@type":"PropertyValueSpecification","valueRequired":true,"valueName":"search_term_string"}}],"inLanguage":"de"}]}},"jetpack_sharing_enabled":true,"_links":{"self":[{"href":"https:\/\/hergersweiler.de\/index.php?rest_route=\/wp\/v2\/pages\/187","targetHints":{"allow":["GET"]}}],"collection":[{"href":"https:\/\/hergersweiler.de\/index.php?rest_route=\/wp\/v2\/pages"}],"about":[{"href":"https:\/\/hergersweiler.de\/index.php?rest_route=\/wp\/v2\/types\/page"}],"author":[{"embeddable":true,"href":"https:\/\/hergersweiler.de\/index.php?rest_route=\/wp\/v2\/users\/1"}],"replies":[{"embeddable":true,"href":"https:\/\/hergersweiler.de\/index.php?rest_route=%2Fwp%2Fv2%2Fcomments&post=187"}],"version-history":[{"count":0,"href":"https:\/\/hergersweiler.de\/index.php?rest_route=\/wp\/v2\/pages\/187\/revisions"}],"up":[{"embeddable":true,"href":"https:\/\/hergersweiler.de\/index.php?rest_route=\/wp\/v2\/pages\/37"}],"wp:attachment":[{"href":"https:\/\/hergersweiler.de\/index.php?rest_route=%2Fwp%2Fv2%2Fmedia&parent=187"}],"curies":[{"name":"wp","href":"https:\/\/api.w.org\/{rel}","templated":true}]}}