{"id":138,"date":"2016-12-15T15:56:11","date_gmt":"2016-12-15T14:56:11","guid":{"rendered":"http:\/\/neu.hergersweiler.de\/?page_id=138"},"modified":"2017-01-05T11:40:30","modified_gmt":"2017-01-05T10:40:30","slug":"feuerwehr","status":"publish","type":"page","link":"https:\/\/hergersweiler.de\/?page_id=138","title":{"rendered":"Feuerwehr"},"content":{"rendered":"<p><span style=\"color: #000099; font-size: x-large;\"><strong>Feuerwehr Hergersweiler<\/strong><\/span><\/p>\n<p><span style=\"color: #000099; font-size: x-large;\">Feuerwehr 2011<\/span><\/p>\n<h6><img loading=\"lazy\" decoding=\"async\" class=\"alignnone size-medium wp-image-139\" src=\"https:\/\/hergersweiler.de\/wp-content\/uploads\/2016\/12\/stacks-image-81959a1-300x158.jpg\" alt=\"\" width=\"300\" height=\"158\" srcset=\"https:\/\/hergersweiler.de\/wp-content\/uploads\/2016\/12\/stacks-image-81959a1-300x158.jpg 300w, https:\/\/hergersweiler.de\/wp-content\/uploads\/2016\/12\/stacks-image-81959a1-250x132.jpg 250w, https:\/\/hergersweiler.de\/wp-content\/uploads\/2016\/12\/stacks-image-81959a1-150x79.jpg 150w, https:\/\/hergersweiler.de\/wp-content\/uploads\/2016\/12\/stacks-image-81959a1.jpg 754w\" sizes=\"auto, (max-width: 300px) 100vw, 300px\" \/><br \/>\n<span style=\"font-size: small;\">Kontakt und Wehrf\u00fchrer: Roland Hey<\/span><\/h6>\n<p>&nbsp;<br \/>\n<span style=\"color: #000099; font-size: x-large;\">Geschichte der Feuerwehr<\/span><\/p>\n<p><img loading=\"lazy\" decoding=\"async\" class=\"alignnone size-full wp-image-145\" style=\"float: right; margin-left: 15px;\" src=\"https:\/\/hergersweiler.de\/wp-content\/uploads\/2016\/12\/stacks-image-15587ce.png\" alt=\"\" width=\"249\" height=\"127\" srcset=\"https:\/\/hergersweiler.de\/wp-content\/uploads\/2016\/12\/stacks-image-15587ce.png 249w, https:\/\/hergersweiler.de\/wp-content\/uploads\/2016\/12\/stacks-image-15587ce-150x77.png 150w\" sizes=\"auto, (max-width: 249px) 100vw, 249px\" \/> \u00dcber das genaue Gr\u00fcndungsdatum der Feuerwehr sind keine Unterlagen vorhanden. Aus der \u201cStammliste f\u00fcr die Feuerwehr Hergersweiler\u201c aus dem Jahre 1897 geht jedoch hervor, dass im Jahre 1879 die nachfolgend aufgef\u00fchrten M\u00e4nner der Feuerwehr beitraten.<br \/>\nNamen der M\u00e4nner mit Eintrittsdatum 1879: Brunck Georg, Brunck Jakob, Hey Jakob, Seibert Jakob, Ulm Jakob, Weber Jakob, W\u00fcst Isaak und Ziliox Friedrich<\/p>\n<p>Die ersten Aufzeichnungen zu regelm\u00e4\u00dfigen \u00dcbungen beginnen im Jahr 1897. Ab dieser Zeit wurde ein Protokollbuch gef\u00fchrt, in dem der Tag und die Art der \u00dcbung sowie die nicht an der \u00dcbung teilnehmenden Feuerwehrangeh\u00f6rigen, entschuldigt und unentschuldigt, aufgef\u00fchrt sind.<\/p>\n<p>Die Ausr\u00fcstung zum Bek\u00e4mpfen von Br\u00e4nden war mit der einer heutigen Feuerwehr nicht zu vergleichen. Nur der Kommandant hatte eine Uniform. Die Feuerwehrm\u00e4nner waren nur durch einen Helm gesch\u00fctzt und trugen einen Feuerwehrkoppel, an dem ein Beil zum Einschlagen von T\u00fcren bzw. Fenster befestigt war. An Einsatzger\u00e4ten waren lediglich Ledereimer und Feuerplatschen zum Bek\u00e4mpfen von Br\u00e4nden vorhanden. Weitere Ausr\u00fcstung waren Holzleitern zum Eindringen in H\u00e4user und Scheunen sowie lange Stangen mit einer Eisenspitze zum Einrei\u00dfen von Mauern bei abgebrannten Geb\u00e4uden.<br \/>\nDas L\u00f6schwasser wurde aus Brunnen und aus dem Erlenbach mit Holzjauchef\u00e4ssern zur Brandstelle bef\u00f6rdert. In sehr trockenen Sommern, wenn der Erlenbach Niedrigwasser hatte, wurde auch Jauche zur Brandbek\u00e4mpfung eingesetzt.<br \/>\nAn Eins\u00e4tzen beteiligten sich nicht nur die Feuerwehrm\u00e4nner, sondern die gesamte Dorfbev\u00f6lkerung half beim Bek\u00e4mpfen der Flammen mit.<br \/>\nDie n\u00e4chsten Aufzeichnungen beginnen mit dem Ende des 1. Weltkrieges 1918. Im Protokollbuch ist folgender Originaltext aufgef\u00fchrt.<\/p>\n<p>Protokoll \u00fcber die Hauptversammlung der Feuerwehr Hergersweiler am 26.Dezember 1918<br \/>\nHeute am 26.Dezember 1918 hielt die Feuerwehr Hergersweiler im Schulhaus ihre Hautversammlung ab, in der die Kriegsfeuerwehr aufgehoben wurde und unter Vorsitz von Herrn B\u00fcrgermeister zur Neuwahl geschritten wurde.<br \/>\nBei dieser Wahl wurde Adolf W\u00fcst zum Kommandanten gew\u00e4hlt.<br \/>\nZu Abteilungsf\u00fchrer wurden Jakob Weber und Konrad Seibert gew\u00e4hlt.<br \/>\nZum Schluss wurden einige Feuerwehrangelegenheiten besprochen.<\/p>\n<p>Wor\u00fcber Protokoll<\/p>\n<p>Vorgelesen und unterschrieben<br \/>\nW\u00fcst, Adolf; Seibert, Konrad; Weber, Jakob<\/p>\n<p>Nach dem 1. Weltkrieg (das genaue Datum liegt nicht vor) bekam die Feuerwehr das erste Feuerwehrfahrzeug. Es war eine vierr\u00e4drige Handspritze, die mit Eimern bef\u00fcllt wurde. Vier Personen ,zwei vorne und zwei hinten, haben mit Muskelkraft den Druck zum Bespritzen der Flammen aufgebaut. Zur Brandstelle wurde die Handpumpe mit der Muskelkraft der Feuerwehrm\u00e4nner oder von Pferden gezogen.<br \/>\nDie hier beschriebene Handspritze diente der Feuerwehr bis zum Ende des 2. Weltkrieges als Einsatzfahrzeug.<br \/>\nUm zu zeigen wie sich das Feuerwehrwesen in Hergersweiler zwischen dem ersten und zweiten Weltkrieg darstellte, hier noch der Originaltext eines Protokolls von 1928.<\/p>\n<p>Protokoll \u00fcber die Hauptversammlung der Feuerwehr Hergersweiler am 22.April 1928<\/p>\n<p>Die diesj\u00e4hrige Hauptversammlung der Feuerwehr fand im Schulhause statt. Kommandant Weber berichtete \u00fcber den Stand und die T\u00e4tigkeit der Feuerwehr. Im vergangenen Jahr wurden 4 \u00dcbungen abgehalten. Weiterhin musste die Feuerwehr beim Brande der Scheune des Herrn Sch\u00e4fer, hier in T\u00e4tigkeit treten. Anschlie\u00dfend daran wurde sie zweimal zu Aufr\u00e4umungsarbeiten befohlen. Bez\u00fcglich der Einteilung im neuen \u00dcbungsjahr kam folgendes zur Verhandlung:<br \/>\n1. Silbernagel August, bisher bei der Spritzenmannschaft, wird der Wassermannschaft zu geteilt.<br \/>\n2. Ehresmann Friedrich, bisher bei der Wassermannschaft, wird der Ordnungsmannschaft zugeteilt.<br \/>\n3. Hey Friedrich, bisher Ordnungsmann, wird der Wassermannschaft zugeteilt.<br \/>\n4. Scherer Friedrich ist verzogen und scheidet deshalb aus.<br \/>\n5. Freiwillig haben sich Mattern August und Renz Otto der Feuerwehr zur Verf\u00fcgung gestellt. Sie werden der Spritzenmannschaft zugeteilt. Es ergibt sich demnach f\u00fcr das neue \u00dcbungsjahr folgende Einteilung:<br \/>\na. Steigermannschaft 9<br \/>\nb. Spritzenmannschaft 14<br \/>\nc. Wassermannschaft 6<br \/>\nd. Wasserf\u00fchrer 3<br \/>\ne. Ordnungsmannschaft 1<\/p>\n<p>Hergersweiler, den 22.April 1928<\/p>\n<p>vorgelesen und unterschrieben<\/p>\n<p>Weber, Jakob und Kommandant Seibert, Konrad<\/p>\n<p>Bis in das Kriegsjahr 1942 fanden regelm\u00e4\u00dfige \u00dcbungen statt, die auch im Protokollbuch dokumentiert sind.<br \/>\nDie n\u00e4chsten Aufzeichnungen beginnen mit der ersten Zusammenkunft nach dem 2.Weltkrieg am 31. M\u00e4rz 1946.Der Neuanfang nach dem 2. Weltkrieg beginnt lt. Protokoll mit der S\u00e4uberung der Ger\u00e4te und der Bestandsaufnahme \u00fcber vorhandenes Material und Ger\u00e4tschaften. Gleichzeitig wurde an das Landratsamt Bergzabern und an die Milit\u00e4rregierung Bergzabern die verlangten St\u00e4rkemeldungen weitergegeben und das Ger\u00e4teverzeichnis dem Landratsamt Bergzabern vorgelegt. Im Jahre 1948 erhielt die Feuerwehr die erste mit Benzinmotor betriebene Tragkraftspritze. Von diesem Zeitpunkt an musste das L\u00f6schwasser nicht mehr mit Muskelkraft bef\u00f6rdert werden.<br \/>\n1957 wurde die Ausr\u00fcstung durch einen Schlauchwagen erg\u00e4nzt, der von den Wehrleuten zum Brandobjekt gezogen wurde.<br \/>\nBis 1967 diente das Wasser aus Brunnen und Erlenbach zur Brandbek\u00e4mpfung. Mit dem Bau der Wasserleitung wurden im gesamten Dorf Hydranten eingebaut, die nun das L\u00f6schwasser lieferten.<br \/>\n1973 bekam die Feuerwehr von der Rechtenbacher Wehr den ersten Feuerwehrwagen. Es war ein Wagen der mit feuerwehrtechnischem Ger\u00e4ten best\u00fcckt war und von einem Traktor zur Einsatzstelle gezogen werden musste.<br \/>\nMit Gr\u00fcndung der Verbandsgemeinde 1972 ging das gesamte Feuerwehrwesen von der Gemeinde Hergersweiler an die Verbandsgemeinde Bad Bergzabern \u00fcber. Nun erhielten alle Feuerwehrm\u00e4nner Schutzkleidung und 1975 \u00fcbernahmen sie ihr erstes motorgetriebenes Feuerwehrfahrzeug, einen Ford-Transit mit einer kompletten feuerwehrtechnischen Ausr\u00fcstung.<br \/>\nIm Jahre 1974 fand das erste Feuerwehrfest statt. Es war zun\u00e4chst nur eine Veranstaltung f\u00fcr die aktiven Feuerwehrm\u00e4nner und deren Frauen. Heute ist das Feuerwehrfest eines der bedeutendsten Feuerwehrfeste in der Verbandsgemeinde und das gr\u00f6\u00dfte Fest der Gemeinde Hergersweiler. Durch den Feuerwehrverein, der 1988 gegr\u00fcndet wurde, tragen ca. 100 B\u00fcrger von Hergersweiler w\u00e4hrend dieses Wochenendes zum Gelingen des Festes bei.<\/p>\n<p>Wehrf\u00fchrer: Roland Hey<br \/>\n&nbsp;<br \/>\n&nbsp;<\/p>\n","protected":false},"excerpt":{"rendered":"<p>Feuerwehr Hergersweiler Feuerwehr 2011 Kontakt und Wehrf\u00fchrer: Roland Hey &nbsp; Geschichte der Feuerwehr \u00dcber das genaue Gr\u00fcndungsdatum der Feuerwehr sind keine Unterlagen vorhanden. Aus der \u201cStammliste f\u00fcr die Feuerwehr Hergersweiler\u201c aus dem Jahre 1897 geht jedoch hervor, dass im Jahre 1879 die nachfolgend aufgef\u00fchrten M\u00e4nner der Feuerwehr beitraten. Namen der\u2026<\/p>\n<p> <a class=\"continue-reading-link\" href=\"https:\/\/hergersweiler.de\/?page_id=138\"><span>Continue reading<\/span><i class=\"crycon-right-dir\"><\/i><\/a> <\/p>\n","protected":false},"author":1,"featured_media":0,"parent":107,"menu_order":4,"comment_status":"closed","ping_status":"closed","template":"","meta":{"ngg_post_thumbnail":0,"_mc_calendar":[],"footnotes":""},"class_list":["post-138","page","type-page","status-publish","hentry"],"yoast_head":"<!-- This site is optimized with the Yoast SEO plugin v27.4 - https:\/\/yoast.com\/product\/yoast-seo-wordpress\/ -->\n<title>Feuerwehr - Gemeinde Hergersweiler<\/title>\n<meta name=\"robots\" content=\"index, follow, max-snippet:-1, max-image-preview:large, max-video-preview:-1\" \/>\n<link rel=\"canonical\" href=\"https:\/\/hergersweiler.de\/?page_id=138\" \/>\n<meta property=\"og:locale\" content=\"de_DE\" \/>\n<meta property=\"og:type\" content=\"article\" \/>\n<meta property=\"og:title\" content=\"Feuerwehr - Gemeinde Hergersweiler\" \/>\n<meta property=\"og:description\" content=\"Feuerwehr Hergersweiler Feuerwehr 2011 Kontakt und Wehrf\u00fchrer: Roland Hey &nbsp; Geschichte der Feuerwehr \u00dcber das genaue Gr\u00fcndungsdatum der Feuerwehr sind keine Unterlagen vorhanden. Aus der \u201cStammliste f\u00fcr die Feuerwehr Hergersweiler\u201c aus dem Jahre 1897 geht jedoch hervor, dass im Jahre 1879 die nachfolgend aufgef\u00fchrten M\u00e4nner der Feuerwehr beitraten. Namen der\u2026 Continue reading\" \/>\n<meta property=\"og:url\" content=\"https:\/\/hergersweiler.de\/?page_id=138\" \/>\n<meta property=\"og:site_name\" content=\"Gemeinde Hergersweiler\" \/>\n<meta property=\"article:modified_time\" content=\"2017-01-05T10:40:30+00:00\" \/>\n<meta property=\"og:image\" content=\"https:\/\/hergersweiler.de\/wp-content\/uploads\/2016\/12\/stacks-image-81959a1-300x158.jpg\" \/>\n<meta name=\"twitter:card\" content=\"summary_large_image\" \/>\n<meta name=\"twitter:site\" content=\"@hergersweiler2\" \/>\n<meta name=\"twitter:label1\" content=\"Gesch\u00e4tzte Lesezeit\" \/>\n\t<meta name=\"twitter:data1\" content=\"5\u00a0Minuten\" \/>\n<script type=\"application\/ld+json\" class=\"yoast-schema-graph\">{\"@context\":\"https:\\\/\\\/schema.org\",\"@graph\":[{\"@type\":\"WebPage\",\"@id\":\"https:\\\/\\\/hergersweiler.de\\\/?page_id=138\",\"url\":\"https:\\\/\\\/hergersweiler.de\\\/?page_id=138\",\"name\":\"Feuerwehr - Gemeinde Hergersweiler\",\"isPartOf\":{\"@id\":\"https:\\\/\\\/hergersweiler.de\\\/#website\"},\"primaryImageOfPage\":{\"@id\":\"https:\\\/\\\/hergersweiler.de\\\/?page_id=138#primaryimage\"},\"image\":{\"@id\":\"https:\\\/\\\/hergersweiler.de\\\/?page_id=138#primaryimage\"},\"thumbnailUrl\":\"https:\\\/\\\/hergersweiler.de\\\/wp-content\\\/uploads\\\/2016\\\/12\\\/stacks-image-81959a1-300x158.jpg\",\"datePublished\":\"2016-12-15T14:56:11+00:00\",\"dateModified\":\"2017-01-05T10:40:30+00:00\",\"breadcrumb\":{\"@id\":\"https:\\\/\\\/hergersweiler.de\\\/?page_id=138#breadcrumb\"},\"inLanguage\":\"de\",\"potentialAction\":[{\"@type\":\"ReadAction\",\"target\":[\"https:\\\/\\\/hergersweiler.de\\\/?page_id=138\"]}]},{\"@type\":\"ImageObject\",\"inLanguage\":\"de\",\"@id\":\"https:\\\/\\\/hergersweiler.de\\\/?page_id=138#primaryimage\",\"url\":\"https:\\\/\\\/hergersweiler.de\\\/wp-content\\\/uploads\\\/2016\\\/12\\\/stacks-image-81959a1.jpg\",\"contentUrl\":\"https:\\\/\\\/hergersweiler.de\\\/wp-content\\\/uploads\\\/2016\\\/12\\\/stacks-image-81959a1.jpg\",\"width\":754,\"height\":398},{\"@type\":\"BreadcrumbList\",\"@id\":\"https:\\\/\\\/hergersweiler.de\\\/?page_id=138#breadcrumb\",\"itemListElement\":[{\"@type\":\"ListItem\",\"position\":1,\"name\":\"Startseite\",\"item\":\"https:\\\/\\\/hergersweiler.de\\\/\"},{\"@type\":\"ListItem\",\"position\":2,\"name\":\"Bildung &#038; Kultur\",\"item\":\"https:\\\/\\\/hergersweiler.de\\\/?page_id=107\"},{\"@type\":\"ListItem\",\"position\":3,\"name\":\"Feuerwehr\"}]},{\"@type\":\"WebSite\",\"@id\":\"https:\\\/\\\/hergersweiler.de\\\/#website\",\"url\":\"https:\\\/\\\/hergersweiler.de\\\/\",\"name\":\"Gemeinde Hergersweiler\",\"description\":\"\",\"potentialAction\":[{\"@type\":\"SearchAction\",\"target\":{\"@type\":\"EntryPoint\",\"urlTemplate\":\"https:\\\/\\\/hergersweiler.de\\\/?s={search_term_string}\"},\"query-input\":{\"@type\":\"PropertyValueSpecification\",\"valueRequired\":true,\"valueName\":\"search_term_string\"}}],\"inLanguage\":\"de\"}]}<\/script>\n<!-- \/ Yoast SEO plugin. -->","yoast_head_json":{"title":"Feuerwehr - Gemeinde Hergersweiler","robots":{"index":"index","follow":"follow","max-snippet":"max-snippet:-1","max-image-preview":"max-image-preview:large","max-video-preview":"max-video-preview:-1"},"canonical":"https:\/\/hergersweiler.de\/?page_id=138","og_locale":"de_DE","og_type":"article","og_title":"Feuerwehr - Gemeinde Hergersweiler","og_description":"Feuerwehr Hergersweiler Feuerwehr 2011 Kontakt und Wehrf\u00fchrer: Roland Hey &nbsp; Geschichte der Feuerwehr \u00dcber das genaue Gr\u00fcndungsdatum der Feuerwehr sind keine Unterlagen vorhanden. Aus der \u201cStammliste f\u00fcr die Feuerwehr Hergersweiler\u201c aus dem Jahre 1897 geht jedoch hervor, dass im Jahre 1879 die nachfolgend aufgef\u00fchrten M\u00e4nner der Feuerwehr beitraten. Namen der\u2026 Continue reading","og_url":"https:\/\/hergersweiler.de\/?page_id=138","og_site_name":"Gemeinde Hergersweiler","article_modified_time":"2017-01-05T10:40:30+00:00","og_image":[{"url":"https:\/\/hergersweiler.de\/wp-content\/uploads\/2016\/12\/stacks-image-81959a1-300x158.jpg","type":"","width":"","height":""}],"twitter_card":"summary_large_image","twitter_site":"@hergersweiler2","twitter_misc":{"Gesch\u00e4tzte Lesezeit":"5\u00a0Minuten"},"schema":{"@context":"https:\/\/schema.org","@graph":[{"@type":"WebPage","@id":"https:\/\/hergersweiler.de\/?page_id=138","url":"https:\/\/hergersweiler.de\/?page_id=138","name":"Feuerwehr - Gemeinde Hergersweiler","isPartOf":{"@id":"https:\/\/hergersweiler.de\/#website"},"primaryImageOfPage":{"@id":"https:\/\/hergersweiler.de\/?page_id=138#primaryimage"},"image":{"@id":"https:\/\/hergersweiler.de\/?page_id=138#primaryimage"},"thumbnailUrl":"https:\/\/hergersweiler.de\/wp-content\/uploads\/2016\/12\/stacks-image-81959a1-300x158.jpg","datePublished":"2016-12-15T14:56:11+00:00","dateModified":"2017-01-05T10:40:30+00:00","breadcrumb":{"@id":"https:\/\/hergersweiler.de\/?page_id=138#breadcrumb"},"inLanguage":"de","potentialAction":[{"@type":"ReadAction","target":["https:\/\/hergersweiler.de\/?page_id=138"]}]},{"@type":"ImageObject","inLanguage":"de","@id":"https:\/\/hergersweiler.de\/?page_id=138#primaryimage","url":"https:\/\/hergersweiler.de\/wp-content\/uploads\/2016\/12\/stacks-image-81959a1.jpg","contentUrl":"https:\/\/hergersweiler.de\/wp-content\/uploads\/2016\/12\/stacks-image-81959a1.jpg","width":754,"height":398},{"@type":"BreadcrumbList","@id":"https:\/\/hergersweiler.de\/?page_id=138#breadcrumb","itemListElement":[{"@type":"ListItem","position":1,"name":"Startseite","item":"https:\/\/hergersweiler.de\/"},{"@type":"ListItem","position":2,"name":"Bildung &#038; Kultur","item":"https:\/\/hergersweiler.de\/?page_id=107"},{"@type":"ListItem","position":3,"name":"Feuerwehr"}]},{"@type":"WebSite","@id":"https:\/\/hergersweiler.de\/#website","url":"https:\/\/hergersweiler.de\/","name":"Gemeinde Hergersweiler","description":"","potentialAction":[{"@type":"SearchAction","target":{"@type":"EntryPoint","urlTemplate":"https:\/\/hergersweiler.de\/?s={search_term_string}"},"query-input":{"@type":"PropertyValueSpecification","valueRequired":true,"valueName":"search_term_string"}}],"inLanguage":"de"}]}},"jetpack_sharing_enabled":true,"_links":{"self":[{"href":"https:\/\/hergersweiler.de\/index.php?rest_route=\/wp\/v2\/pages\/138","targetHints":{"allow":["GET"]}}],"collection":[{"href":"https:\/\/hergersweiler.de\/index.php?rest_route=\/wp\/v2\/pages"}],"about":[{"href":"https:\/\/hergersweiler.de\/index.php?rest_route=\/wp\/v2\/types\/page"}],"author":[{"embeddable":true,"href":"https:\/\/hergersweiler.de\/index.php?rest_route=\/wp\/v2\/users\/1"}],"replies":[{"embeddable":true,"href":"https:\/\/hergersweiler.de\/index.php?rest_route=%2Fwp%2Fv2%2Fcomments&post=138"}],"version-history":[{"count":0,"href":"https:\/\/hergersweiler.de\/index.php?rest_route=\/wp\/v2\/pages\/138\/revisions"}],"up":[{"embeddable":true,"href":"https:\/\/hergersweiler.de\/index.php?rest_route=\/wp\/v2\/pages\/107"}],"wp:attachment":[{"href":"https:\/\/hergersweiler.de\/index.php?rest_route=%2Fwp%2Fv2%2Fmedia&parent=138"}],"curies":[{"name":"wp","href":"https:\/\/api.w.org\/{rel}","templated":true}]}}